{"id":11279,"date":"2020-10-12T10:13:54","date_gmt":"2020-10-12T02:13:54","guid":{"rendered":"https:\/\/www.ukm.my\/fpi\/?page_id=11279"},"modified":"2025-03-13T08:16:41","modified_gmt":"2025-03-13T00:16:41","slug":"senarai-jurnal","status":"publish","type":"page","link":"https:\/\/www.ukm.my\/fpi\/senarai-jurnal\/","title":{"rendered":"Senarai Jurnal Pengajian Islam"},"content":{"rendered":"\t\t<div data-elementor-type=\"wp-page\" data-elementor-id=\"11279\" class=\"elementor elementor-11279\" data-elementor-post-type=\"page\">\n\t\t\t\t\t\t<section class=\"elementor-section elementor-top-section elementor-element elementor-element-9436473 elementor-section-height-min-height elementor-section-boxed elementor-section-height-default elementor-section-items-middle\" data-id=\"9436473\" data-element_type=\"section\" data-e-type=\"section\">\n\t\t\t\t\t\t\t<div class=\"elementor-background-overlay\"><\/div>\n\t\t\t\t\t\t\t<div class=\"elementor-container elementor-column-gap-default\">\n\t\t\t\t\t<div class=\"elementor-column elementor-col-100 elementor-top-column elementor-element elementor-element-4216403\" data-id=\"4216403\" data-element_type=\"column\" data-e-type=\"column\">\n\t\t\t<div class=\"elementor-widget-wrap elementor-element-populated\">\n\t\t\t\t\t\t<div class=\"elementor-element elementor-element-ab65851 elementor-widget elementor-widget-heading\" data-id=\"ab65851\" data-element_type=\"widget\" data-e-type=\"widget\" data-widget_type=\"heading.default\">\n\t\t\t\t<div class=\"elementor-widget-container\">\n\t\t\t\t\t<h2 class=\"elementor-heading-title elementor-size-default\">SENARAI JURNAL PENGAJIAN ISLAM<\/h2>\t\t\t\t<\/div>\n\t\t\t\t<\/div>\n\t\t\t\t\t<\/div>\n\t\t<\/div>\n\t\t\t\t\t<\/div>\n\t\t<\/section>\n\t\t\t\t<section class=\"elementor-section elementor-top-section elementor-element elementor-element-7d8d9e5 elementor-section-boxed elementor-section-height-default elementor-section-height-default\" data-id=\"7d8d9e5\" data-element_type=\"section\" data-e-type=\"section\" data-settings=\"{&quot;background_background&quot;:&quot;classic&quot;}\">\n\t\t\t\t\t\t\t<div class=\"elementor-background-overlay\"><\/div>\n\t\t\t\t\t\t\t<div class=\"elementor-container elementor-column-gap-default\">\n\t\t\t\t\t<div class=\"elementor-column elementor-col-33 elementor-top-column elementor-element elementor-element-0b94de5\" data-id=\"0b94de5\" data-element_type=\"column\" data-e-type=\"column\">\n\t\t\t<div class=\"elementor-widget-wrap\">\n\t\t\t\t\t\t\t<\/div>\n\t\t<\/div>\n\t\t\t\t<div class=\"elementor-column elementor-col-33 elementor-top-column elementor-element elementor-element-d4efd99\" data-id=\"d4efd99\" data-element_type=\"column\" data-e-type=\"column\">\n\t\t\t<div class=\"elementor-widget-wrap elementor-element-populated\">\n\t\t\t\t\t\t<div class=\"elementor-element elementor-element-2d3c090 elementor-widget elementor-widget-text-editor\" data-id=\"2d3c090\" data-element_type=\"widget\" data-e-type=\"widget\" data-widget_type=\"text-editor.default\">\n\t\t\t\t<div class=\"elementor-widget-container\">\n\t\t\t\t\t\t\t\t\t<ul>\n \t<li>Islamiyyat: The International Journal of Islamic Studies<\/li>\n \t<li>International Journal of Islamic Thought (IJIT)<\/li>\n \t<li>Journal of Religion and Health<\/li>\n \t<li>Kajian Malaysia<\/li>\n \t<li>Jurnal Komunikasi<\/li>\n \t<li>Islam and Christian-Muslim Relations<\/li>\n \t<li>Journal of Islamic Studies<\/li>\n \t<li>Studia Islamica<\/li>\n \t<li>Journal of Shi&#8217;a Islamic Studies<\/li>\n \t<li>Al-Shajarah<\/li>\n \t<li>Hamdard Islamicus<\/li>\n \t<li>The Islamic Quarterly<\/li>\n \t<li>Muslim Education Quarterly<\/li>\n \t<li>Journal of Islam in Asia<\/li>\n \t<li>The Journal of Rotterdam Islamic and Social Sciences<\/li>\n \t<li>Al-Qanatir International Journal of Islamic Studies<\/li>\n<\/ul>\t\t\t\t\t\t\t\t<\/div>\n\t\t\t\t<\/div>\n\t\t\t\t\t<\/div>\n\t\t<\/div>\n\t\t\t\t<div class=\"elementor-column elementor-col-33 elementor-top-column elementor-element elementor-element-43ebc8b\" data-id=\"43ebc8b\" data-element_type=\"column\" data-e-type=\"column\">\n\t\t\t<div class=\"elementor-widget-wrap elementor-element-populated\">\n\t\t\t\t\t\t<div class=\"elementor-element elementor-element-664040c elementor-widget elementor-widget-text-editor\" data-id=\"664040c\" data-element_type=\"widget\" data-e-type=\"widget\" data-widget_type=\"text-editor.default\">\n\t\t\t\t<div class=\"elementor-widget-container\">\n\t\t\t\t\t\t\t\t\t<ul><li>Tamaddun<\/li><li>Akademika<\/li><li>Journal of the Muhyiddin Ibn Arabi Society<\/li><li>Mawlana Rumi Review<\/li><li>Bulletin de l&#8217;\u00c9cole fran\u00e7aise d&#8217;Extr\u00eame-Orient<\/li><li>Journal of Arabic and Islamic Studies<\/li><li>American Journal of Islam and Society (dahulu dikenali sebagai American Journal of Islamic Social Sciences)<\/li><li>Al-Bayan: Journal of Qur&#8217;an and Hadith Studies<\/li><li>Journal of Islamic Dakwah (al-Hikmah)<\/li><li>Journal of al-Quran and al-Sunnah (Al-Turath)<\/li><li>International Journal of West Asian Studies (IJWAS)<\/li><li>Journal of Contemporary Islamic Law<\/li><li>Journal of Ethnic and Cultural Studies<\/li><li>International Journal of Ethnics and System<\/li><\/ul>\t\t\t\t\t\t\t\t<\/div>\n\t\t\t\t<\/div>\n\t\t\t\t\t<\/div>\n\t\t<\/div>\n\t\t\t\t\t<\/div>\n\t\t<\/section>\n\t\t\t\t<section class=\"elementor-section elementor-top-section elementor-element elementor-element-12646d0 elementor-section-stretched elementor-section-boxed elementor-section-height-default elementor-section-height-default\" data-id=\"12646d0\" data-element_type=\"section\" data-e-type=\"section\" data-settings=\"{&quot;stretch_section&quot;:&quot;section-stretched&quot;,&quot;background_background&quot;:&quot;classic&quot;}\">\n\t\t\t\t\t\t<div class=\"elementor-container elementor-column-gap-default\">\n\t\t\t\t\t<div class=\"elementor-column elementor-col-100 elementor-top-column elementor-element elementor-element-7f01fba\" data-id=\"7f01fba\" data-element_type=\"column\" data-e-type=\"column\">\n\t\t\t<div class=\"elementor-widget-wrap elementor-element-populated\">\n\t\t\t\t\t\t<div class=\"elementor-element elementor-element-bd0f026 premium-header-block premium-lq__none premium-box-lq__none elementor-widget elementor-widget-premium-addon-dual-header\" data-id=\"bd0f026\" data-element_type=\"widget\" data-e-type=\"widget\" data-settings=\"{&quot;_animation_tablet&quot;:&quot;none&quot;,&quot;_animation_mobile&quot;:&quot;none&quot;}\" data-widget_type=\"premium-addon-dual-header.default\">\n\t\t\t\t\t\n\t\t<div class=\"elementor-widget-container\">\n\t\t<div class=\"premium-dual-header-wrapper\">\n\t\t\t\t\t<h3 class=\"premium-dual-header-first-header \"><span class=\"premium-dual-header-first-span\">PAUTAN UNTUK <\/span><span class=\"premium-dual-header-second-header \">SENARAI JURNAL DALAM PENGAJIAN ISLAM (INDONESIA)<\/span><\/h3> \t\t\t\t\t\t<\/div>\n\t\t<\/div>\n\n\t\t\t\t\t\t<\/div>\n\t\t\t\t<div class=\"elementor-element elementor-element-9bf496c elementor-widget-divider--separator-type-pattern elementor-widget-divider--view-line elementor-widget elementor-widget-divider\" data-id=\"9bf496c\" data-element_type=\"widget\" data-e-type=\"widget\" data-settings=\"{&quot;_animation_tablet&quot;:&quot;none&quot;,&quot;_animation_mobile&quot;:&quot;none&quot;}\" data-widget_type=\"divider.default\">\n\t\t\t\t<div class=\"elementor-widget-container\">\n\t\t\t\t\t\t\t<div class=\"elementor-divider\" style=\"--divider-pattern-url: url(&quot;data:image\/svg+xml,%3Csvg xmlns=&#039;http:\/\/www.w3.org\/2000\/svg&#039; preserveAspectRatio=&#039;none&#039; overflow=&#039;visible&#039; height=&#039;100%&#039; viewBox=&#039;0 0 24 24&#039; fill=&#039;black&#039; stroke=&#039;none&#039;%3E%3Cpolygon points=&#039;9.4,2 24,2 14.6,21.6 0,21.6&#039;\/%3E%3C\/svg%3E&quot;);\">\n\t\t\t<span class=\"elementor-divider-separator\">\n\t\t\t\t\t\t<\/span>\n\t\t<\/div>\n\t\t\t\t\t\t<\/div>\n\t\t\t\t<\/div>\n\t\t\t\t<section class=\"elementor-section elementor-inner-section elementor-element elementor-element-9e68f36 elementor-section-boxed elementor-section-height-default elementor-section-height-default\" data-id=\"9e68f36\" data-element_type=\"section\" data-e-type=\"section\">\n\t\t\t\t\t\t<div class=\"elementor-container elementor-column-gap-default\">\n\t\t\t\t\t<div class=\"elementor-column elementor-col-50 elementor-inner-column elementor-element elementor-element-6fb51b4\" data-id=\"6fb51b4\" data-element_type=\"column\" data-e-type=\"column\">\n\t\t\t<div class=\"elementor-widget-wrap elementor-element-populated\">\n\t\t\t\t\t\t<div class=\"elementor-element elementor-element-137e731 elementor-widget elementor-widget-premium-addon-image-button\" data-id=\"137e731\" data-element_type=\"widget\" data-e-type=\"widget\" data-settings=\"{&quot;_animation_tablet&quot;:&quot;none&quot;,&quot;_animation_mobile&quot;:&quot;none&quot;}\" data-widget_type=\"premium-addon-image-button.default\">\n\t\t\t\t<div class=\"elementor-widget-container\">\n\t\t\t\t\t\n\t\t<a class=\"premium-image-button-style5 premium-image-button premium-btn-block premium-image-button-overlap-effect-horizontal\" href=\"https:\/\/sinta.ristekbrin.go.id\/journals\">\n\t\t\t<div class=\"premium-image-button-text-icon-wrapper\">\n\n\t\t\t\t\n\t\t\t\t\t\t\t\t\t<span >\n\t\t\t\t\t\tSINTA (Science and Technology Index) \t\t\t\t\t<\/span>\n\t\t\t\t\n\t\t\t<\/div>\n\n\t\t\t\n\t\t\t\n\t\t\t\n\t\t<\/a>\n\n\t\t\t\t\t\t<\/div>\n\t\t\t\t<\/div>\n\t\t\t\t\t<\/div>\n\t\t<\/div>\n\t\t\t\t<div class=\"elementor-column elementor-col-50 elementor-inner-column elementor-element elementor-element-049ad3d\" data-id=\"049ad3d\" data-element_type=\"column\" data-e-type=\"column\">\n\t\t\t<div class=\"elementor-widget-wrap elementor-element-populated\">\n\t\t\t\t\t\t<div class=\"elementor-element elementor-element-ff384da elementor-widget elementor-widget-premium-addon-image-button\" data-id=\"ff384da\" data-element_type=\"widget\" data-e-type=\"widget\" data-settings=\"{&quot;_animation_tablet&quot;:&quot;none&quot;,&quot;_animation_mobile&quot;:&quot;none&quot;}\" data-widget_type=\"premium-addon-image-button.default\">\n\t\t\t\t<div class=\"elementor-widget-container\">\n\t\t\t\t\t\n\t\t<a class=\"premium-image-button-style5 premium-image-button premium-btn-block premium-image-button-overlap-effect-horizontal\" href=\"http:\/\/ejournal.uin-suka.ac.id\/\">\n\t\t\t<div class=\"premium-image-button-text-icon-wrapper\">\n\n\t\t\t\t\n\t\t\t\t\t\t\t\t\t<span >\n\t\t\t\t\t\tONLINE JOURNAL PUBLICATIONS\t\t\t\t\t<\/span>\n\t\t\t\t\n\t\t\t<\/div>\n\n\t\t\t\n\t\t\t\n\t\t\t\n\t\t<\/a>\n\n\t\t\t\t\t\t<\/div>\n\t\t\t\t<\/div>\n\t\t\t\t\t<\/div>\n\t\t<\/div>\n\t\t\t\t\t<\/div>\n\t\t<\/section>\n\t\t\t\t\t<\/div>\n\t\t<\/div>\n\t\t\t\t\t<\/div>\n\t\t<\/section>\n\t\t\t\t<\/div>\n\t\t","protected":false},"excerpt":{"rendered":"<p>SENARAI JURNAL PENGAJIAN ISLAM Islamiyyat: The International Journal of Islamic Studies International Journal of Islamic Thought (IJIT) Journal of Religion and Health Kajian Malaysia Jurnal<a class=\"ut-readmore\" href=\"https:\/\/www.ukm.my\/fpi\/senarai-jurnal\/\"> &#8230;<\/a><\/p>\n","protected":false},"author":101012,"featured_media":0,"parent":0,"menu_order":172,"comment_status":"closed","ping_status":"closed","template":"elementor_header_footer","meta":{"footnotes":""},"class_list":["post-11279","page","type-page","status-publish","hentry"],"aioseo_notices":[],"_links":{"self":[{"href":"https:\/\/www.ukm.my\/fpi\/wp-json\/wp\/v2\/pages\/11279","targetHints":{"allow":["GET"]}}],"collection":[{"href":"https:\/\/www.ukm.my\/fpi\/wp-json\/wp\/v2\/pages"}],"about":[{"href":"https:\/\/www.ukm.my\/fpi\/wp-json\/wp\/v2\/types\/page"}],"author":[{"embeddable":true,"href":"https:\/\/www.ukm.my\/fpi\/wp-json\/wp\/v2\/users\/101012"}],"replies":[{"embeddable":true,"href":"https:\/\/www.ukm.my\/fpi\/wp-json\/wp\/v2\/comments?post=11279"}],"version-history":[{"count":15,"href":"https:\/\/www.ukm.my\/fpi\/wp-json\/wp\/v2\/pages\/11279\/revisions"}],"predecessor-version":[{"id":22738,"href":"https:\/\/www.ukm.my\/fpi\/wp-json\/wp\/v2\/pages\/11279\/revisions\/22738"}],"wp:attachment":[{"href":"https:\/\/www.ukm.my\/fpi\/wp-json\/wp\/v2\/media?parent=11279"}],"curies":[{"name":"wp","href":"https:\/\/api.w.org\/{rel}","templated":true}]}}