{"id":330,"date":"2017-08-02T10:02:08","date_gmt":"2017-08-02T02:02:08","guid":{"rendered":"http:\/\/www.ukm.my\/isoit\/?page_id=330"},"modified":"2018-11-02T09:49:46","modified_gmt":"2018-11-02T01:49:46","slug":"call-for-paper","status":"publish","type":"page","link":"https:\/\/www.ukm.my\/isoit\/call-for-paper\/","title":{"rendered":"ONLINE PROCEEDINGS"},"content":{"rendered":"<h4><span style=\"text-decoration: underline;\"><strong>COVER<\/strong><\/span><\/h4>\n<p>Download Pdf: &gt;&gt;&gt;\u00a0<a href=\"http:\/\/www.ukm.my\/isoit\/wp-content\/uploads\/2018\/09\/Cover-Front-Back.pdf\">Cover Front &amp; Back<\/a><\/p>\n<p>&nbsp;<\/p>\n<hr \/>\n<h4><span style=\"text-decoration: underline;\"><strong>COPYRIGHT<\/strong><\/span><\/h4>\n<p>Download Pdf: &gt;&gt;&gt;<a href=\"http:\/\/www.ukm.my\/isoit\/wp-content\/uploads\/2018\/09\/Copyright-Proceeding.pdf\">Copyright Proceeding<\/a><\/p>\n<p>&nbsp;<\/p>\n<p>&nbsp;<\/p>\n<hr \/>\n<p>&nbsp;<\/p>\n<h4><span style=\"text-decoration: underline;\"><strong>TABLE OF CONTENTS:<\/strong><\/span><\/h4>\n<p>&nbsp;<\/p>\n<p><strong>Environmental Ethics In The Perspective Of Complete Human Beings<\/strong><\/p>\n<p><em>MOHAMMAD ADIBYMEHR &amp; HASAN HASSANZADEH . . . 1<\/em><\/p>\n<p>Download Pdf: &gt;&gt;&gt;<a href=\"http:\/\/www.ukm.my\/isoit\/wp-content\/uploads\/2018\/09\/Adiby-mehr-1.pdf\">Adiby mehr<\/a><\/p>\n<p>&nbsp;<\/p>\n<p><strong>Extremism, Modern Invention, Da\u2019wah and Liberal Thinking<\/strong><\/p>\n<p><em>AHMAD MUNAWAR ISMAIL AHMAD AIMAN ZUHAILY A.M. . . . 11<\/em><\/p>\n<p>Download Pdf: &gt;&gt;&gt;<a href=\"http:\/\/www.ukm.my\/isoit\/wp-content\/uploads\/2018\/09\/Ahmad-Munawar-Ismail.pdf\">Ahmad Munawar Ismail<\/a><\/p>\n<p>&nbsp;<\/p>\n<p><strong>The Historical Roots of the Current Religious-Political Groups<\/strong><\/p>\n<p><em>DAVRON NURMUHAMMAD . . . 21<\/em><\/p>\n<p>Download Pdf: &gt;&gt;&gt;<a href=\"http:\/\/www.ukm.my\/isoit\/wp-content\/uploads\/2018\/09\/Devron-NurMuhammad.pdf\">Devron NurMuhammad<\/a><\/p>\n<p>&nbsp;<\/p>\n<p><strong>Socio-Religious Impacts of the Women Freedom on Modern Muslim Society<\/strong><\/p>\n<p><em>FAIQA IMRAN. . . 27<\/em><\/p>\n<p>Download Pdf: &gt;&gt;&gt;<a href=\"http:\/\/www.ukm.my\/isoit\/wp-content\/uploads\/2018\/09\/Faiqa-Imran.pdf\">Faiqa Imran<\/a><\/p>\n<p>&nbsp;<\/p>\n<p><strong>Epistemology discussion on Pluralism : A comparative study between West and Islam<\/strong><\/p>\n<p><em>MOHAMAD AZMARUL DANISH BIN AZMAN. . .40<\/em><\/p>\n<p>Download Pdf: &gt;&gt;&gt;<a href=\"http:\/\/www.ukm.my\/isoit\/wp-content\/uploads\/2018\/09\/Mohamad-Azmarul-Danish.pdf\">Mohamad Azmarul Danish<\/a><\/p>\n<p>&nbsp;<\/p>\n<p><strong>Religious Intolerance and the Problematic of Religious Radicalism in Indonesia<\/strong><\/p>\n<p><em>MUHAMMAD FARID. . . 45<\/em><\/p>\n<p>Download Pdf: &gt;&gt;&gt;\u00a0<a href=\"http:\/\/www.ukm.my\/isoit\/wp-content\/uploads\/2018\/09\/Muhammad-Farid.pdf\">Muhammad Farid<\/a><\/p>\n<p>&nbsp;<\/p>\n<p><strong>Islamic View Of Human Rights ; A Comparitive Study<\/strong><\/p>\n<p><em>MUHAMMED RAFI K.M. . . 53<\/em><\/p>\n<p>Download Pdf: &gt;&gt;&gt;<a href=\"http:\/\/www.ukm.my\/isoit\/wp-content\/uploads\/2018\/09\/Muhammad-Rafi.pdf\">Muhammad Rafi<\/a><\/p>\n<p>&nbsp;<\/p>\n<p><strong>Amplifying the Brundtland Commission\u2019s Pillars of Sustainable Development based on Surah 7 verses 85 in the Quran<\/strong><\/p>\n<p><em>NURUL SYALA ABDUL LATIP , NURUL SALMI ABDUL LATIP , SYED NAJIHUDDIN SYED <\/em><\/p>\n<p><em>HASSAN. . . 63<\/em><\/p>\n<p>Download Pdf: &gt;&gt;&gt;\u00a0<a href=\"http:\/\/www.ukm.my\/isoit\/wp-content\/uploads\/2018\/09\/Nurul-Syala.pdf\">Nurul Syala<\/a><\/p>\n<p>&nbsp;<\/p>\n<p><strong>The Generational Impact of Taw\u1e25idic Practices and Propensities in Architectural Historiography: Linking the Notion of \u2018Time\u2019 in S\u016brah al-\u02bfA\u1e63r to Architectural Evolvements.<\/strong><\/p>\n<p><em>PUTERI SHIREEN JAHN KASSIM , KHAIRIL HUSAINI JAMIL\u00a0 &amp; ARITA HANIM AWANG. . . 73<\/em><\/p>\n<p>Download Pdf: &gt;&gt;&gt;<a href=\"http:\/\/www.ukm.my\/isoit\/wp-content\/uploads\/2018\/09\/Putri-Shireen.pdf\">Putri Shireen<\/a><\/p>\n<p>&nbsp;<\/p>\n<p><strong>Different Aspects Fetal Rights in the Light of Islam<\/strong><\/p>\n<p><em>ROMESA MARIAM &amp; RIDA IRFAN<\/em>. . .84<\/p>\n<p>Download Pdf: &gt;&gt;&gt;<a href=\"http:\/\/www.ukm.my\/isoit\/wp-content\/uploads\/2018\/09\/Romesa-.pdf\">Romesa<\/a><\/p>\n<p>&nbsp;<\/p>\n<p><strong>Sumbangan Ahmed Deedat dalam Ilmu Perbandingan Agama<\/strong><\/p>\n<p><em>AEMY ELYANI MAT ZAIN\u00a0 &amp;\u00a0 JAFFARY AWANG. . .112<\/em><\/p>\n<p>Download Pdf: &gt;&gt;&gt;<a href=\"http:\/\/www.ukm.my\/isoit\/wp-content\/uploads\/2018\/09\/Sadan-Jaffary-Farhana-1.pdf\">\u00a0<\/a><a href=\"http:\/\/www.ukm.my\/isoit\/wp-content\/uploads\/2018\/09\/Aemy.pdf\">Aemy<\/a><\/p>\n<p>&nbsp;<\/p>\n<p><strong>Nilai Universal dalam Wacana Islam-Buddha<\/strong><\/p>\n<p><em>AHMAD FAIZUDDIN RAMLI\u00a0 , JAFFARY AWANG\u00a0 &amp; ZAIZUL ABDUL RAHMAN. . .123<\/em><\/p>\n<p>Download Pdf: &gt;&gt;&gt;<a href=\"http:\/\/www.ukm.my\/isoit\/wp-content\/uploads\/2018\/09\/Ahmad-Faizuddin-Ramli.pdf\">Ahmad Faizuddin Ramli<\/a><\/p>\n<p>&nbsp;<\/p>\n<p><strong><em>Metodologi Pentafsiran Ibn Badran Dalam Karyanya &#8220;Jawahir Al-Afkar Wa Ma\u2019adin Al-Asrar&#8221;<\/em><\/strong><\/p>\n<p><em>AHMAD YUNUS MOHD NOOR\u00a0 &amp; ASMILYIA MOHD MOKHTAR. . . 133<\/em><\/p>\n<p>Download Pdf: &gt;&gt;&gt;<a href=\"http:\/\/www.ukm.my\/isoit\/wp-content\/uploads\/2018\/09\/Ahmad-Yunus.pdf\">Ahmad Yunus<\/a><\/p>\n<p>&nbsp;<\/p>\n<p><strong>Tarian Zikir: Kesenian Atau Ibadat<\/strong><\/p>\n<p><em>ALIEYA BINTI ZAKARIA \u00a0&amp; NORZIRA SALLEH. . .143<\/em><\/p>\n<p>Download Pdf: &gt;&gt;&gt;<a href=\"http:\/\/www.ukm.my\/isoit\/wp-content\/uploads\/2018\/09\/Alieya-Zakaria.pdf\">Alieya Zakaria<\/a><\/p>\n<p>&nbsp;<\/p>\n<p><strong>Perkembangan Awal Pluralisme Agama Di Malaysia<\/strong><\/p>\n<p><em>EARNIE ELMIE HILMI , KAMARUDIN SALLEH\u00a0 &amp; NUR FARHANA ABDUL RAHMAN. . .150<\/em><\/p>\n<p>Download Pdf: &gt;&gt;&gt;<a href=\"http:\/\/www.ukm.my\/isoit\/wp-content\/uploads\/2018\/09\/Earni-elmy.pdf\">Earni elmy<\/a><\/p>\n<p>&nbsp;<\/p>\n<p><strong>Kerangka Metodologi Kajian Pemikiran Keamanan Global Gulen\u00a0 <\/strong><\/p>\n<p><em>HATIB ISMAIL, AHMAD SUNAWARI LONG\u00a0 &amp; ZUL\u2019AZMI YAAKOB. . .158<\/em><\/p>\n<p>Download Pdf: &gt;&gt;&gt;<a href=\"http:\/\/www.ukm.my\/isoit\/wp-content\/uploads\/2018\/09\/Hatib-Ismail.pdf\">Hatib Ismail<\/a><\/p>\n<p>&nbsp;<\/p>\n<p><strong>Pemikiran Dan Gerakan Politik Abu Bakar Ba\u2019asyir<\/strong><\/p>\n<p><em>INDRA MARTIAN PERMANA. . .164<\/em><\/p>\n<p>Download Pdf: &gt;&gt;&gt;<a href=\"http:\/\/www.ukm.my\/isoit\/wp-content\/uploads\/2018\/09\/INDRA-MARTIAN-PERMANA.pdf\">INDRA MARTIAN PERMANA<\/a><\/p>\n<p>&nbsp;<\/p>\n<p><strong>Tan Sri Profesor Emeritus Dr. Abdul Shukor Husin: Kajian Biografi Ringkas<\/strong><\/p>\n<p><em>KAMARUDIN SALLEH &amp; LIYANA MUSTAFA. . .182<\/em><\/p>\n<p>Download Pdf: &gt;&gt;&gt;<a href=\"http:\/\/www.ukm.my\/isoit\/wp-content\/uploads\/2018\/09\/Liyana-Mustafa-Kamarudin-Salleh.pdf\">Liyana Mustafa &amp; Kamarudin Salleh<\/a><\/p>\n<p>&nbsp;<\/p>\n<p><strong>The Post of Pluralism: Religious Pluralism in the Practical Areas of\u00a0<\/strong><strong>Indonesia<\/strong><\/p>\n<p><em>M. ADIB FUADI NURIZ &amp; JAFFARY AWANG. . .193<\/em><\/p>\n<p>Download Pdf: &gt;&gt;&gt;<a href=\"http:\/\/www.ukm.my\/isoit\/wp-content\/uploads\/2018\/09\/M.-Adib-Fuadi.pdf\">M. Adib Fuadi<\/a><\/p>\n<p>&nbsp;<\/p>\n<p><strong>Pengenalan Terhadap Institusi Tasawuf di Malaysia: Tarekat Naqshabandiyyah Khalidiyyah<\/strong><\/p>\n<p><em>MOHD HAIDHAR KAMARZAMAN. . .203<\/em><\/p>\n<p>Download Pdf: &gt;&gt;&gt;<a href=\"http:\/\/www.ukm.my\/isoit\/wp-content\/uploads\/2018\/10\/Mohd-Haidhar-Kamarzaman-5.pdf\">Mohd Haidhar Kamarzaman<\/a><\/p>\n<p>&nbsp;<\/p>\n<p><strong>Tinjauan Awal Terhadap Aktiviti Kokurikulum di Institusi Tahfiz Di Malaysia<\/strong><\/p>\n<p><em>MUHAMMAD ARIF YAHYA. . .220<\/em><\/p>\n<p>Download Pdf: &gt;&gt;&gt;<a href=\"http:\/\/www.ukm.my\/isoit\/wp-content\/uploads\/2018\/09\/Muhammad-Arif-Yahaya-1.pdf\">Muhammad Arif Yahaya<\/a><\/p>\n<p>&nbsp;<\/p>\n<p><strong>Perbahasan Kalam Ib\u0101dh\u012byah: Tinjauan Terhadap Karya-Karya Akidah Ib\u0101dh\u012byah Terpilih <\/strong><\/p>\n<p><em>MUSTAFA KAMAL BIN AMAT MISRA , ABDULL RAHMAN MAHMOOD\u00a0 &amp; JAFFARY AWANG. . .223<\/em><\/p>\n<p>Download Pdf: &gt;&gt;&gt;<a href=\"http:\/\/www.ukm.my\/isoit\/wp-content\/uploads\/2018\/09\/Mustafa-Kamal-Amat.pdf\">Mustafa Kamal Amat<\/a><\/p>\n<p>&nbsp;<\/p>\n<p><strong>Perspektif Islam Mengenai Pengeditan Genom Manusia<\/strong><\/p>\n<p><em>NOOR MUNIRAH ISA, SAADAN MAN &amp; NURUL ATIQAH ZULKIFLI. . .232<\/em><\/p>\n<p>Download Pdf: &gt;&gt;&gt;<a href=\"http:\/\/www.ukm.my\/isoit\/wp-content\/uploads\/2018\/09\/Nor-Munirah-Saadan-Atiqah.pdf\">Nor Munirah, Saadan &amp; Atiqah<\/a><\/p>\n<p>&nbsp;<\/p>\n<p><strong>Sufisme (Sufism) dan Ahli Sufi (The Sufis) Menurut Inayat Khan (1882-1927)<\/strong><\/p>\n<p><em>NOZIRA BINTI SALLEH\u00a0 &amp; FAUDZINAIM BIN HJ. BADARUDDIN. . .244<\/em><\/p>\n<p>Download Pdf: &gt;&gt;&gt;<a href=\"http:\/\/www.ukm.my\/isoit\/wp-content\/uploads\/2018\/09\/Nozira-Salleh-Faudzinaim.pdf\">Nozira Salleh &amp; Faudzinaim<\/a><\/p>\n<p>&nbsp;<\/p>\n<p><strong>Kesan Semantik Tafsiran Perkataan Islam daripada Perspektif Muhammad Asad ke Atas Konsep Muslim<\/strong><\/p>\n<p><em>NURHAYATI BINTI ABDULLAH &amp; KAMARUDIN BIN SALLEH. . .252<\/em><\/p>\n<p>Download Pdf: &gt;&gt;&gt;<em><a href=\"http:\/\/www.ukm.my\/isoit\/wp-content\/uploads\/2018\/09\/Nurhayati-Kamarudin-Salleh-1.pdf\">Nurhayati &amp; Kamarudin Salleh,<\/a><\/em><\/p>\n<p>&nbsp;<\/p>\n<p><strong>Sumbangan Majalah Pengasuh Dalam Memantapkan Akidah Ahli Sunnah Wal Jamaah<\/strong><\/p>\n<p><em>SITI NABILAH BINTI AZMAN &amp; ABDULL RAHMAN BIN MAHMOOD. . .262<\/em><\/p>\n<p>Download Pdf: &gt;&gt;&gt;<a href=\"http:\/\/www.ukm.my\/isoit\/wp-content\/uploads\/2018\/09\/Siti-Nabilah-Abdull-Rahman.pdf\">Siti Nabilah &amp; Abdull Rahman<\/a><\/p>\n<p>&nbsp;<\/p>\n<p><strong>Kualiti Kerja Menurut Perspektif Islam<\/strong><\/p>\n<p><em>WAN FARIZA ALYATI WAN ZAKARIA, MASITAH IDRIS,\u00a0AHMAD SUNAWARI LONG &amp; NOZIRA SALLEH. . .269<\/em><\/p>\n<p>Download Pdf: &gt;&gt;&gt;<a href=\"http:\/\/www.ukm.my\/isoit\/wp-content\/uploads\/2018\/09\/Wan-Fariza-Alyati-MASITAH-IDRIS-Ahmad-Sunawari-Nozira.pdf\">Wan Fariza Alyati, MASITAH IDRIS, Ahmad Sunawari &amp; Nozira<\/a><\/p>\n<p>&nbsp;<\/p>\n<p><strong>Interaksi Para Sufi dengan Agama-Agama Lain<\/strong><\/p>\n<p><em>YUSRI MOHAMAD RAMLI\u00a0 &amp; MOHD SYUKRI YEOH ABDULLAH. . .280<\/em><\/p>\n<p>Download Pdf: &gt;&gt;&gt;<a href=\"http:\/\/www.ukm.my\/isoit\/wp-content\/uploads\/2018\/09\/Yusri-M.-Ramli.pdf\">Yusri M. Ramli<\/a><\/p>\n<p>&nbsp;<\/p>\n<p><strong>Analisa Keputusan Mahkamah Syariah Dalam Penentuan Kadar Dan Bentuk Nafkah Anak<\/strong><\/p>\n<p>ZAINI NASOHAH. . .287<\/p>\n<p>Download Pdf: &gt;&gt;&gt;<a href=\"http:\/\/www.ukm.my\/isoit\/wp-content\/uploads\/2018\/09\/Zaini-B.-Nasohah.pdf\">Zaini B. Nasohah<\/a><\/p>\n<p>&nbsp;<\/p>\n<p><strong>Pendekatan Keagamaan Dalam Hubungan Religiositi Dan Kesejahteraan Remaja Berisiko<\/strong><\/p>\n<p>&nbsp;<\/p>\n<p><em>ZAIZUL AB RAHMAN. . .295<\/em><\/p>\n<p>Download Pdf: &gt;&gt;&gt;<a href=\"http:\/\/www.ukm.my\/isoit\/wp-content\/uploads\/2018\/09\/ZAIZUL-Abd-Rahman-1.pdf\">ZAIZUL Abd Rahman<\/a><\/p>\n<p>&nbsp;<\/p>\n<p><strong>\u0646\u0638\u0631\u064a\u0629\u00a0 \u0627\u0644\u0643\u0633\u0628\u00a0 \u0641\u064a\u00a0 \u0636\u0648\u0621 \u0627\u0644\u0642\u0631\u0627\u0646 \u0627\u0644\u0643\u0631\u064a\u0645<\/strong><\/p>\n<p><em>ABDULL RAHMAN MAHMOOD<\/em><em>. . .304<\/em><\/p>\n<p>Download Pdf: &gt;&gt;&gt;<a href=\"http:\/\/www.ukm.my\/isoit\/wp-content\/uploads\/2018\/09\/Abdull-Rahman-Mahmood-A.pdf\">Abdull Rahman Mahmood (A)<\/a><\/p>\n<p>&nbsp;<\/p>\n<p><strong>\u0627\u0644\u0639\u062f\u0627\u0644\u0629 \u0627\u0644\u0641\u0642\u0647\u064a\u0629 \u0648 \u062d\u0642\u0648\u0642 \u0627\u0644\u0625\u0646\u0633\u0627\u0646 \u0641\u06cc \u0627\u0644\u0641\u0642\u0647 \u0627\u0644\u0627\u0645\u0627\u0645\u064a\u0647<\/strong><\/p>\n<p><em>ALI AKBAR IZDIFARD, HOSSEIN KAVIAR &amp; IBRAHIM AQOMUHAMMADI. . .316<\/em><\/p>\n<p>Download Pdf: &gt;&gt;&gt;<a href=\"http:\/\/www.ukm.my\/isoit\/wp-content\/uploads\/2018\/09\/Hossein-Kaviar-A.pdf\">Hossein Kaviar (A)<\/a><\/p>\n<p>&nbsp;<\/p>\n<p><strong>\u0627\u0644\u0645\u0642\u0627\u0635\u062f\u064a\u0629 \u0648\u062f\u0648\u0631\u0647\u0627 \u0641\u064a \u0627\u0644\u0641\u0643\u0631 \u0627\u0644\u0625\u0633\u0644\u0627\u0645\u064a<\/strong><\/p>\n<p><em>KHOLED MOHAMMED MIFTAH. . .326<\/em><\/p>\n<p>Download Pdf: &gt;&gt;&gt;<a href=\"http:\/\/www.ukm.my\/isoit\/wp-content\/uploads\/2018\/09\/Kholed-Muhammad-Miftah-A.pdf\">Kholed Muhammad Miftah (A)<\/a><\/p>\n<p>&nbsp;<\/p>\n<p><strong>\u0627\u0644\u0633\u064a\u0627\u0633\u0627\u062a \u0627\u0644\u0639\u0627\u0644\u0645\u064a\u0629 \u0627\u0644\u062c\u062f\u064a\u062f\u0629 \u0648\u0639\u0644\u0627\u0642\u062a\u0647\u0627 \u0628\u0627\u0644\u062a\u0637\u0631\u0641<\/strong><\/p>\n<p><em>MUHAMMAD SOBBAR TOHA, ABDULL RAHMAN MAHMOOD &amp; JAFFARY AWANG. . .334<\/em><\/p>\n<p>Download Pdf: &gt;&gt;&gt;<em><a href=\"http:\/\/www.ukm.my\/isoit\/wp-content\/uploads\/2018\/09\/Muhammad-Sabbar-A.pdf\">Muhammad Sabbar (A)<\/a><\/em><\/p>\n","protected":false},"excerpt":{"rendered":"<p>COVER Download Pdf: &gt;&gt;&gt;\u00a0Cover Front &amp; Back &nbsp; COPYRIGHT Download Pdf: &gt;&gt;&gt;Copyright Proceeding &nbsp; &nbsp; &nbsp; TABLE OF CONTENTS: &nbsp; Environmental Ethics In The Perspective<a class=\"ut-readmore\" href=\"https:\/\/www.ukm.my\/isoit\/call-for-paper\/\"> &#8230;<\/a><\/p>\n","protected":false},"author":1,"featured_media":0,"parent":0,"menu_order":0,"comment_status":"closed","ping_status":"closed","template":"","meta":{"footnotes":""},"class_list":["post-330","page","type-page","status-publish","hentry"],"_links":{"self":[{"href":"https:\/\/www.ukm.my\/isoit\/wp-json\/wp\/v2\/pages\/330","targetHints":{"allow":["GET"]}}],"collection":[{"href":"https:\/\/www.ukm.my\/isoit\/wp-json\/wp\/v2\/pages"}],"about":[{"href":"https:\/\/www.ukm.my\/isoit\/wp-json\/wp\/v2\/types\/page"}],"author":[{"embeddable":true,"href":"https:\/\/www.ukm.my\/isoit\/wp-json\/wp\/v2\/users\/1"}],"replies":[{"embeddable":true,"href":"https:\/\/www.ukm.my\/isoit\/wp-json\/wp\/v2\/comments?post=330"}],"version-history":[{"count":32,"href":"https:\/\/www.ukm.my\/isoit\/wp-json\/wp\/v2\/pages\/330\/revisions"}],"predecessor-version":[{"id":850,"href":"https:\/\/www.ukm.my\/isoit\/wp-json\/wp\/v2\/pages\/330\/revisions\/850"}],"wp:attachment":[{"href":"https:\/\/www.ukm.my\/isoit\/wp-json\/wp\/v2\/media?parent=330"}],"curies":[{"name":"wp","href":"https:\/\/api.w.org\/{rel}","templated":true}]}}