{"id":1869,"date":"2023-05-24T07:00:32","date_gmt":"2023-05-24T07:00:32","guid":{"rendered":"https:\/\/www.ukm.my\/jatma\/?page_id=1869"},"modified":"2024-06-07T09:09:22","modified_gmt":"2024-06-07T09:09:22","slug":"volume-12-no-2","status":"publish","type":"page","link":"https:\/\/www.ukm.my\/jatma\/en\/volume-12-no-2\/","title":{"rendered":"Volume 12 No.2"},"content":{"rendered":"<table border=\"0\" width=\"100%\" cellspacing=\"0\" cellpadding=\"0\">\n<tbody>\n<tr>\n<td rowspan=\"12\" valign=\"top\"><a href=\"http:\/\/www.ukm.my\/jatma\/wp-content\/uploads\/2024\/06\/Cover-ATMA-122-MEI-2024-scaled.jpg\"><img decoding=\"async\" class=\"alignnone size-thumbnail wp-image-1925\" src=\"http:\/\/www.ukm.my\/jatma\/wp-content\/uploads\/2024\/06\/Cover-ATMA-122-MEI-2024-150x150.jpg\" alt=\"\" width=\"150\" height=\"150\" data-wp-editing=\"1\" \/><\/a><\/p>\n<p>&nbsp;<\/td>\n<td rowspan=\"12\" valign=\"top\"><\/td>\n<td valign=\"top\">1)<\/td>\n<td>Dato\u2019 Yusoff Zaky Yacob\u2019s Thoughts on Islamic Awareness Through Pengasuh Magazine<br \/>\n<em><em>Mohamad Firdaus Mohammad, Engku Ahmad Zaki Engku Alwi &amp; Ruhaizan Sulaiman<\/em><\/em><\/p>\n<hr \/>\n<\/td>\n<td valign=\"top\"><a href=\"https:\/\/www.ukm.my\/jatma\/wp-content\/uploads\/makalah\/jatma-2024-1202-01.pdf\" target=\"_blank\" rel=\"noopener\">PDF<\/a><\/td>\n<\/tr>\n<tr>\n<td valign=\"top\">2)<\/td>\n<td>Fuzzy Delphi Technique: Affixes Innovation Design According to Expert Consensus<br \/>\n<em>Amirra Shazreena Aminul Razin &amp; Vijayaletchumy Subramaniam<\/em><\/p>\n<hr \/>\n<\/td>\n<td valign=\"top\"><a href=\"https:\/\/www.ukm.my\/jatma\/wp-content\/uploads\/makalah\/jatma-2024-1202-02.pdf\" target=\"_blank\" rel=\"noopener\">PDF<\/a><\/td>\n<\/tr>\n<tr>\n<td valign=\"top\">3)<\/td>\n<td>Disease Prevention and Treatment in Javanese Tembang Dolanan<br \/>\n<em>Daru Winarti &amp; Nurmalia Habibah<\/em><\/p>\n<hr \/>\n<\/td>\n<td valign=\"top\"><a href=\"https:\/\/www.ukm.my\/jatma\/wp-content\/uploads\/makalah\/jatma-2024-1202-03.pdf\" target=\"_blank\" rel=\"noopener\">PDF<\/a><\/td>\n<\/tr>\n<tr>\n<td valign=\"top\">4)<\/td>\n<td>The Epidemic, Mysticism, and Traditional Beliefs in Old And Modern Indonesian Literature<em><br \/>\nCahyaningrum Dewojati<\/em><\/p>\n<hr \/>\n<\/td>\n<td valign=\"top\"><a href=\"https:\/\/www.ukm.my\/jatma\/wp-content\/uploads\/makalah\/\/jatma-2024-1202-04.pdf\" target=\"_blank\" rel=\"noopener\">PDF<\/a><\/td>\n<\/tr>\n<tr>\n<td valign=\"top\">5)<\/td>\n<td>Reading Syllable Patterns of Dyslexic Students in Malay Language<br \/>\n<em>Nadia Shuhada Abdan Nasir &amp; Vijayaletchumy Subramaniam<\/em><\/p>\n<hr \/>\n<\/td>\n<td valign=\"top\"><a href=\"https:\/\/www.ukm.my\/jatma\/wp-content\/uploads\/makalah\/\/jatma-2024-1202-05.pdf\" target=\"_blank\" rel=\"noopener\">PDF<\/a><\/td>\n<\/tr>\n<tr>\n<td valign=\"top\">6)<\/td>\n<td>Urban Morphological Transformations and Conservation Initiatives in Small Town in Malaysia Case Study: Chukai Town<br \/>\n<em>Muhammad Afiq Wasie Mohd Asri, Nor Zalina Harun, Muhamad Solehin Fitry Rosley &amp; Khalilah Zakariya<\/em><\/p>\n<hr \/>\n<\/td>\n<td valign=\"top\"><a href=\"https:\/\/www.ukm.my\/jatma\/wp-content\/uploads\/makalah\/\/jatma-2024-1202-06.pdf\" target=\"_blank\" rel=\"noopener\">PDF<\/a><\/td>\n<\/tr>\n<tr>\n<td valign=\"top\">7)<\/td>\n<td>Main Peteri: The Physical Movement of Tok \u2018Teri Pak Mat Jedok through Laban Movement Analysis<br \/>\n<em>Lilis Syafiza Mohd Yatim, Chamil Arkhasa Nikko Mazlan, Nurul Akmal Abdul Wahid &amp; Dayang Mariana Binti Abang Bolhassan<\/em><\/p>\n<hr \/>\n<\/td>\n<td valign=\"top\"><a href=\"https:\/\/www.ukm.my\/jatma\/wp-content\/uploads\/makalah\/\/jatma-2024-1202-07.pdf\" target=\"_blank\" rel=\"noopener\">PDF<\/a><\/td>\n<\/tr>\n<tr>\n<td valign=\"top\">8)<\/td>\n<td>Letter Literacy Module in Common Nouns and Special Nouns Among Students of SJK(T) Kajang and SJK(T) Batu Caves<br \/>\n<em>Usha Nagasundram &amp; Vijayaletchumy Subramaniam<\/em><\/p>\n<hr \/>\n<\/td>\n<td valign=\"top\"><a href=\"https:\/\/www.ukm.my\/jatma\/wp-content\/uploads\/makalah\/\/jatma-2024-1202-08.pdf\" target=\"_blank\" rel=\"noopener\">PDF<\/a><\/td>\n<\/tr>\n<tr>\n<td valign=\"top\">9)<\/td>\n<td>The Significance of Social Capital in Traditional Settlements through the Lens of Community Engagement in the Pursuit of Heritage Conservation<br \/>\n<em><em>Nur \u2018Adilah Hassan &amp; Nor Zalina Harun<\/em><\/em><\/p>\n<hr \/>\n<\/td>\n<td valign=\"top\"><a href=\"https:\/\/www.ukm.my\/jatma\/wp-content\/uploads\/makalah\/\/jatma-2024-1202-09.pdf\" target=\"_blank\" rel=\"noopener\">PDF<\/a><\/td>\n<\/tr>\n<tr>\n<td valign=\"top\">10)<\/td>\n<td>Analysis of Animals Species Categorization in The Book of Kif\u0101yah Al-Muhtad\u012b by Sheikh Muhammad Nur Bin Muhammad Al-Fat\u0101n\u012b: Halal and Zoological Perspectives<br \/>\n<em>Mohd Mahyeddin Mohd Salleh, Mohd Anuar Mamat, Mustafa \u2018Afifi Ab. Halim, Mohammad Najib Jaffar &amp; Nur Aida Md Tamrin<\/em><\/td>\n<td valign=\"top\"><a href=\"https:\/\/www.ukm.my\/jatma\/wp-content\/uploads\/makalah\/\/jatma-2024-1202-10.pdf\" target=\"_blank\" rel=\"noopener\">PDF<\/a><\/td>\n<\/tr>\n<\/tbody>\n<\/table>\n","protected":false},"excerpt":{"rendered":"<p>&nbsp; 1) Dato\u2019 Yusoff Zaky Yacob\u2019s Thoughts on Islamic Awareness Through Pengasuh Magazine Mohamad Firdaus Mohammad, Engku Ahmad Zaki Engku Alwi &amp; Ruhaizan Sulaiman PDF<a class=\"ut-readmore\" href=\"https:\/\/www.ukm.my\/jatma\/en\/volume-12-no-2\/\"> &#8230;<\/a><\/p>\n","protected":false},"author":1,"featured_media":0,"parent":0,"menu_order":0,"comment_status":"closed","ping_status":"closed","template":"","meta":{"footnotes":""},"class_list":["post-1869","page","type-page","status-publish","hentry"],"aioseo_notices":[],"_links":{"self":[{"href":"https:\/\/www.ukm.my\/jatma\/wp-json\/wp\/v2\/pages\/1869","targetHints":{"allow":["GET"]}}],"collection":[{"href":"https:\/\/www.ukm.my\/jatma\/wp-json\/wp\/v2\/pages"}],"about":[{"href":"https:\/\/www.ukm.my\/jatma\/wp-json\/wp\/v2\/types\/page"}],"author":[{"embeddable":true,"href":"https:\/\/www.ukm.my\/jatma\/wp-json\/wp\/v2\/users\/1"}],"replies":[{"embeddable":true,"href":"https:\/\/www.ukm.my\/jatma\/wp-json\/wp\/v2\/comments?post=1869"}],"version-history":[{"count":7,"href":"https:\/\/www.ukm.my\/jatma\/wp-json\/wp\/v2\/pages\/1869\/revisions"}],"predecessor-version":[{"id":1940,"href":"https:\/\/www.ukm.my\/jatma\/wp-json\/wp\/v2\/pages\/1869\/revisions\/1940"}],"wp:attachment":[{"href":"https:\/\/www.ukm.my\/jatma\/wp-json\/wp\/v2\/media?parent=1869"}],"curies":[{"name":"wp","href":"https:\/\/api.w.org\/{rel}","templated":true}]}}