{"id":1417,"date":"2018-12-23T07:39:30","date_gmt":"2018-12-23T07:39:30","guid":{"rendered":"http:\/\/www.ukm.my\/jcil\/?page_id=1417"},"modified":"2019-01-02T11:25:45","modified_gmt":"2019-01-02T11:25:45","slug":"2018-3-2-article-1-2","status":"publish","type":"page","link":"https:\/\/www.ukm.my\/jcil\/2018-3-2-article-1-2\/","title":{"rendered":"JCIL 2018 3(2) Article 1"},"content":{"rendered":"<p>[et_pb_section fb_built=&#8221;1&#8243; fullwidth=&#8221;on&#8221; _builder_version=&#8221;3.0.74&#8243; background_color=&#8221;#0c71c3&#8243; custom_padding=&#8221;0px|0px|0px|0px&#8221;][et_pb_fullwidth_header title=&#8221;Journal of Contemporary Islamic Law&#8221; subhead=&#8221;No eISSN: 0127-788X&#8221; scroll_down_icon_size=&#8221;20px&#8221; title_font_color=&#8221;#ffffff&#8221; subhead_font_color=&#8221;#ffffff&#8221; _builder_version=&#8221;3.16&#8243; title_font=&#8221;|on|||&#8221; title_text_color=&#8221;#ffffff&#8221; title_font_size=&#8221;40px&#8221; content_font_size=&#8221;10px&#8221; subhead_text_color=&#8221;#ffffff&#8221; subhead_font_size=&#8221;20px&#8221; background_color=&#8221;#0c71c3&#8243; parallax=&#8221;on&#8221; parallax_method=&#8221;on&#8221; button_one_letter_spacing_hover=&#8221;0&#8243; button_two_letter_spacing_hover=&#8221;0&#8243; saved_tabs=&#8221;all&#8221; button_one_text_size__hover_enabled=&#8221;off&#8221; button_two_text_size__hover_enabled=&#8221;off&#8221; button_one_text_color__hover_enabled=&#8221;off&#8221; button_two_text_color__hover_enabled=&#8221;off&#8221; button_one_border_width__hover_enabled=&#8221;off&#8221; button_two_border_width__hover_enabled=&#8221;off&#8221; button_one_border_color__hover_enabled=&#8221;off&#8221; button_two_border_color__hover_enabled=&#8221;off&#8221; button_one_border_radius__hover_enabled=&#8221;off&#8221; button_two_border_radius__hover_enabled=&#8221;off&#8221; button_one_letter_spacing__hover_enabled=&#8221;on&#8221; button_one_letter_spacing__hover=&#8221;0&#8243; button_two_letter_spacing__hover_enabled=&#8221;on&#8221; button_two_letter_spacing__hover=&#8221;0&#8243; button_one_bg_color__hover_enabled=&#8221;off&#8221; button_two_bg_color__hover_enabled=&#8221;off&#8221;][\/et_pb_fullwidth_header][\/et_pb_section][et_pb_section fb_built=&#8221;1&#8243; specialty=&#8221;on&#8221; _builder_version=&#8221;3.0.47&#8243;][et_pb_column type=&#8221;1_3&#8243; _builder_version=&#8221;3.0.47&#8243; parallax__hover=&#8221;off&#8221; parallax_method__hover=&#8221;on&#8221; parallax=&#8221;off&#8221; parallax_method=&#8221;on&#8221;][et_pb_blurb title=&#8221;2018 3(2)&#8221; url=&#8221;https:\/\/www.ukm.my\/jcil\/jcil-2017-2-2\/&#8221; use_icon=&#8221;on&#8221; font_icon=&#8221;%%40%%&#8221; icon_color=&#8221;#0c71c3&#8243; use_circle=&#8221;on&#8221; circle_color=&#8221;#ffffff&#8221; use_circle_border=&#8221;on&#8221; circle_border_color=&#8221;#0c71c3&#8243; icon_placement=&#8221;left&#8221; _builder_version=&#8221;3.19&#8243; header_text_color=&#8221;#0c71c3&#8243; background_size=&#8221;initial&#8221; background_position=&#8221;top_left&#8221; background_repeat=&#8221;repeat&#8221; text_orientation=&#8221;center&#8221; max_width_tablet=&#8221;50px&#8221;]<\/p>\n<p>30 DECEMBER 2018<\/p>\n<p>[\/et_pb_blurb][et_pb_image src=&#8221;https:\/\/www.ukm.my\/jcil\/wp-content\/uploads\/2018\/12\/Cover-JCIL-2018-Vol.-32-Muka-Depan.gif&#8221; _builder_version=&#8221;3.19&#8243; animation_style=&#8221;slide&#8221; animation_direction=&#8221;left&#8221; animation_duration=&#8221;500ms&#8221; animation_intensity_slide=&#8221;10%&#8221;][\/et_pb_image][\/et_pb_column][et_pb_column type=&#8221;2_3&#8243; specialty_columns=&#8221;2&#8243; _builder_version=&#8221;3.0.47&#8243; parallax__hover=&#8221;off&#8221; parallax_method__hover=&#8221;on&#8221; parallax=&#8221;off&#8221; parallax_method=&#8221;on&#8221;][et_pb_row_inner admin_label=&#8221;Row&#8221; _builder_version=&#8221;3.0.47&#8243;][et_pb_column_inner type=&#8221;4_4&#8243; saved_specialty_column_type=&#8221;2_3&#8243; _builder_version=&#8221;3.0.47&#8243; parallax__hover=&#8221;off&#8221; parallax_method__hover=&#8221;on&#8221; parallax=&#8221;off&#8221; parallax_method=&#8221;on&#8221;][et_pb_text admin_label=&#8221;Tajuk&#8221; _builder_version=&#8221;3.19&#8243; background_size=&#8221;initial&#8221; background_position=&#8221;top_left&#8221; background_repeat=&#8221;repeat&#8221; module_alignment=&#8221;left&#8221;]<\/p>\n<h3><span style=\"color: #000000;\"><strong>Hukum Penggunaan Placenta Haiwan dalam Produk Kecantikan di Malaysia\u00a0<\/strong><\/span><br \/> The Legal Status on the Use of Animal Placenta in Beauty Products in Malaysia<\/h3>\n<p>[\/et_pb_text][et_pb_text admin_label=&#8221;Penulis&#8221; _builder_version=&#8221;3.7&#8243; background_size=&#8221;initial&#8221; background_position=&#8221;top_left&#8221; background_repeat=&#8221;repeat&#8221; module_alignment=&#8221;left&#8221;]<\/p>\n<p><strong>Siti Maryam Abdullah, <\/strong><span><em>sitimaryamabdullah7@gmail.com<\/em><\/span><strong><br \/><\/strong><span>Postgraduate Student, Centre for Contemporary Fiqh and Sharia Compliance, Faculty of Islamic Studies, Universiti Kebangsaan Malaysia.<br \/><\/span><strong>Che Maryam Ahmad, <\/strong><em>cyam@ukm.edu.my<br \/><\/em><span>Centre for Contemporary Fiqh and Sharia Compliance, Faculty of Islamic Studies, Universiti Kebangsaan Malaysia.<\/span><br \/><span>Received: 29 March 2018 | Accepted: 17 May 2018 | Published: 30 December 2018<\/span><\/p>\n<p>[\/et_pb_text][et_pb_text admin_label=&#8221;Volume &#038; PDF&#8221; _builder_version=&#8221;3.19.3&#8243; background_size=&#8221;initial&#8221; background_position=&#8221;top_left&#8221; background_repeat=&#8221;repeat&#8221; module_alignment=&#8221;left&#8221;]<\/p>\n<p>2018, Vol. 3(2), pp. 1-10. \u00a0| \u00a0<a href=\"https:\/\/www.ukm.my\/jcil\/wp-content\/uploads\/2019\/01\/JCIL-2018-32-Article-1.pdf\">PDF<\/a><a href=\"https:\/\/www.ukm.my\/jcil\/wp-content\/uploads\/2018\/12\/JCIL-2018-32-Article-1.pdf\"><\/a><\/p>\n<p>[\/et_pb_text][et_pb_tabs admin_label=&#8221;Abstract &#038; References&#8221; _builder_version=&#8221;3.19&#8243; background_size=&#8221;initial&#8221; background_position=&#8221;top_left&#8221; background_repeat=&#8221;repeat&#8221;][et_pb_tab title=&#8221;ABSTRAK&#8221; _builder_version=&#8221;3.7&#8243; tab_font=&#8221;||||&#8221; tab_line_height=&#8221;2em&#8221; tab_line_height_tablet=&#8221;2em&#8221; tab_line_height_phone=&#8221;2em&#8221; body_font=&#8221;||||&#8221; body_line_height=&#8221;2em&#8221; body_line_height_tablet=&#8221;2em&#8221; body_line_height_phone=&#8221;2em&#8221; background_size=&#8221;initial&#8221; background_position=&#8221;top_left&#8221; background_repeat=&#8221;repeat&#8221;]<\/p>\n<p style=\"text-align: justify;\">Permintaan yang tinggi terhadap produk kecantikan dipengaruhi oleh sikap pengguna hari ini yang\u00a0 mementingkan kecantikan. Sebahagian produk kecantikan yang ditawarkan di pasaran dihasilkan melalui campuran bahan bersumberkan plasenta. Justeru, artikel ini memfokuskan kepada hukum penggunaan plasenta haiwan dalam produk kecantikan di Malaysia. Objektifnya adalah untuk mengkaji status hukum Syarak penggunaan bahan kecantikan yang mengandungi plasenta haiwan di Malaysia. Kajian ini berbentuk kualitatif dengan menggunakan metode pengumpulan data menerusi analisis dokumen dan temu bual. Hasil kajian mendapati penggunaan bahan kecantikan yang mengandungi plasenta haiwan meragukan dari sudut hukum. Dalam konteks hukum Syarak, jumhur ulama telah bersepakat bahawa plasenta yang diperoleh daripada haiwan ketika masih hidup adalah najis. Manakala plasenta yang diperoleh daripada haiwan yang telah mati, pendapat terhadapnya berdasarkan kepada bagaimana haiwan itu mati. Jumhur ulama bersepakat bahawa bahagian tubuh yang diperoleh daripada haiwan yang mati tanpa disembelih mengikut ketetapan Syarak adalah najis. Sebahagian ulama berpendapat plasenta yang diperoleh daripada haiwan yang mati secara penyembelihan menurut Syarak adalah suci dan sebahagian yang lain berpendapat najis. Dalam konteks pelaksanaannya di Malaysia, Kementerian Kesihatan Malaysia (KKM) telah meluluskan penggunaan plasenta dalam produk kecantikan. Jabatan Kemajuan Islam Malaysia (JAKIM) pula telah menolak secara total penggunaan plasenta dan tidak mengeluarkan sijil halal terhadap produk jenis itu. Perbezaan ini disebabkan oleh penilaian yang digunakan berbeza berdasarkan peruntukan perundangan yang berbeza.<\/p>\n<p><em>Kata kunci: plasenta, haiwan, produk kecantikan, perspektif Islam, pelaksanaan di Malaysia<\/em><\/p>\n<p>&nbsp;<\/p>\n<p>[\/et_pb_tab][et_pb_tab title=&#8221;ABSTRACT&#8221; _builder_version=&#8221;3.7&#8243; tab_font=&#8221;||||&#8221; tab_line_height=&#8221;2em&#8221; tab_line_height_tablet=&#8221;2em&#8221; tab_line_height_phone=&#8221;2em&#8221; body_font=&#8221;||||&#8221; body_line_height=&#8221;2em&#8221; body_line_height_tablet=&#8221;2em&#8221; body_line_height_phone=&#8221;2em&#8221; background_size=&#8221;initial&#8221; background_position=&#8221;top_left&#8221; background_repeat=&#8221;repeat&#8221;]<\/p>\n<p style=\"text-align: justify;\">The high demand towards beuaty products is influenced by consumer\u2019s attitude nowadays that heavily emphasize on beauty and makes it a necessity. Some beauty products availabale in the market are produced through mixture of placenta ingredients. Hence, this article focuses on the legal status of the use of animal placenta in beauty products in Malaysia. The objective of this article is to study the legal status of the Sharia law towards beauty products that contains animal placenta in Malaysia. This is a qualitative study which applies the data collection method through document analysis and interviews. The study outcomes reveals that there is uncertainty on the halal status towards beauty products containing animal placenta. In the context of the Islamic law, majority scholars have agreed that placenta obtained from animals while still being alive is considered as pollutant (najis). Scholars based their opinions on how the animal died in regards to if the placenta is obtained from dead animals. Majority scholars agrees that body parts obtained from dead animals without it being slaughtered according to the Sharia requirements is also considered as pollutant (najis). Some scholars view placentas obtained from dead animals that is slaughtered according to Sharia as clean, while, some scholars still regard it as faeces and unclean. In the context of implementation in Malaysia, Ministry of Health Malaysian has approved the use of placenta in beauty products. In contrast, Department of Islamic Advancement of Malaysia (<strong>JAKIM<\/strong>) wholly rejects the use of placenta and refuses to issue a halal certificate towards such products. These differences are results of the application of\u00a0 different valuations based on different legal provisions.<\/p>\n<p><em>Keywords : placenta, animal, beauty products, Islamic perspective, implementation in Malaysia<\/em><\/p>\n<p>[\/et_pb_tab][et_pb_tab title=&#8221;REFERENCES&#8221; _builder_version=&#8221;3.7&#8243; tab_font=&#8221;||||&#8221; tab_line_height=&#8221;2em&#8221; tab_line_height_tablet=&#8221;2em&#8221; tab_line_height_phone=&#8221;2em&#8221; body_font=&#8221;||||&#8221; body_line_height=&#8221;2em&#8221; body_line_height_tablet=&#8221;2em&#8221; body_line_height_phone=&#8221;2em&#8221;]<\/p>\n<p style=\"text-align: justify;\">Al-Qur\u2019an al-Karim.<\/p>\n<p style=\"text-align: justify;\">al-<sup>c<\/sup>Aini, Badr al-Din Mahmud bin Ahmad. 2000. <em>al-Binayah Shar\u1e25 al-Hidayah<\/em>. Beirut: Dar al-Kutub al-<sup>c<\/sup>Ilmiyyah.<\/p>\n<p style=\"text-align: justify;\">al-<sup>c<\/sup>Asqalani, Ibn\u00a0 \u1e24ajr. 1998. <em>Bulugh al-Mar\u0101m min Adillah al-A\u1e25k\u0101m<\/em>. Jil. 1. al-Mamlakah al-<sup>c<\/sup>Arabiyyah al-Sa<sup>c<\/sup>udiyyah: Dar al-\u1e62am\u0101<sup>c<\/sup>iy.<\/p>\n<p style=\"text-align: justify;\">al-<sup>c<\/sup>Asqalani, Ibn Hajr. 1996. <em>Fath al-Bari bi Sharh Sahih al-Bukhari<\/em>. Jil. 2. Kaherah: Dar Abi Hayyan.<\/p>\n<p style=\"text-align: justify;\"><sup>c<\/sup>Awdah, \u1e24ussin. 2002. <em>Al-Mawsu<sup>c<\/sup>ah al-Fiqhiyyah al-Muyassarah fi Fiqh al-Kitab wa al-Sunnah al-Mu\u1e6dahharah<\/em>. Jil.1. Beirut: Dar Ibn \u1e24azm.<\/p>\n<p style=\"text-align: justify;\">al-Bar, <sup>c<\/sup>Ali. 1994. <em>al-Mawquf al-Fiqh wa al-Akhlaf min Qa\u1e0diyyah Zar<sup>c<\/sup>i\u00a0 al-<sup>c<\/sup>A\u1e0da\u2019<\/em>. Damsyik: Dar al-Qalam.<\/p>\n<p style=\"text-align: justify;\">Chakraborty &amp; Bhattacharyya. 2012. Aqueous extract of human placenta as a therapeutic agent. Dlm. Zheng, Jing (pnyt.). <em>Recent Advances in Research on the Human Placenta<\/em>, hlm. 77-92. t.tp.: InTech.<\/p>\n<p style=\"text-align: justify;\">Charites Japan Inc. t.th. The manufacturing process of placenta extract. <span><a href=\"http:\/\/en.charitesjapan.co.jp\/about-our-factory\/the-manufacturing-process\/\">http:\/\/en.charitesjapan.co.jp\/about-our-factory\/the-manufacturing-process\/<\/a><\/span> [25 Disember 2015].<\/p>\n<p style=\"text-align: justify;\">Cho, H. R., Ryou, J. H., Lee, J. W. &amp; Lee, M. H. 2008. The effects of placental extract on fibroblast proliferation. <em>Journal of Cosmetic Science<\/em> 59: 195-202.<\/p>\n<p style=\"text-align: justify;\"><em>Dictionary of Nature<\/em>. 1994. Great Britain: Dorling Kindersley Ltd.<\/p>\n<p style=\"text-align: justify;\">al-Dusuqi, Irfah. t.th. <em>\u1e24ashiyah al-Dusuqi <sup>c<\/sup>ala al-Shar\u1e25 al-Kabir<\/em>. Jil.1. t.tp.: Dar al-Ihya\u2019 al-Kutub al-<sup>c<\/sup>Arabiyyah.<\/p>\n<p style=\"text-align: justify;\"><em>Encyclopedia of the Animal World<\/em>. 1982. Jil.15. Australia: Bay Books Sydney.<\/p>\n<p style=\"text-align: justify;\">al-Fawz\u0101n, \u1e62\u0101le\u1e25 bin Fawz\u0101n bin <sup>c<\/sup>Abdullah. 1988. <em>al-A\u1e6d<sup>c<\/sup>imah wa A\u1e25k\u0101m al-\u1e62ayd wa al-\u1e0chab\u0101i\u1e25<\/em>. Riyad: Maktabah al-Ma<sup>c<\/sup>\u0101rif.<\/p>\n<p style=\"text-align: justify;\">H, Renuka. 2013. Therapeutic applications of the human and animal placenta. <em>International Journal of Futuristic Science Engineering and Technology <\/em>1: 89-91.<\/p>\n<p style=\"text-align: justify;\">Hasan Sulaiman al-Nuri, <sup>c<\/sup>Alwi <sup>c<\/sup>Abbas al-Maliki &amp; Abu <sup>c<\/sup>Abd Allah bin <sup>c<\/sup>Abd al-Salam <sup>c<\/sup>Allusy. 2011. <em>Ib\u0101nah al-Ahk\u0101m Shar\u1e25 Bulugh al-Mar\u0101m<\/em>. (pnyt.: Sabariah Bakri). Batu Caves: al-Hidayah Publication.<\/p>\n<p style=\"text-align: justify;\">Hassali, MA., Al-Tamimi, SK., Dawood, OT., Verma, AK. &amp; Saleem, F. 2015. Malaysian cosmetic market: current and future prospects. <em>Pharmaceut Reg Affairs<\/em> 4: 155.<\/p>\n<p style=\"text-align: justify;\">al-Hattab, Muhammad bin Muhammad ibn<sup> c<\/sup>Abd al-Rahman. 1995. <em>Mawa\u1e25ib al-Jalil fi Shar\u1e25 Mukhta\u1e63ar Khalil. <\/em>Jil.1. Beirut: Dar al-Kutub al-<sup>c<\/sup>Ilmiyyah.<\/p>\n<p style=\"text-align: justify;\">al-Haytami, Ibn Hajr t.th. <em>Tu\u1e25fah al-Mu\u1e25t\u0101j fi Shar\u1e25 al-Minhaj. <\/em><span><a href=\"http:\/\/library.islamweb.net\/newlibrary\/display_book.php?ID=42&amp;startno=63&amp;start=63&amp;idfrom=1963&amp;idto=2335&amp;bookid=20&amp;Hashiya=2\">http:\/\/library.islamweb.net\/newlibrary\/display_book.php?ID=42&amp;startno=63&amp;start=63&amp;idfrom=1963&amp;idto=2335&amp;bookid=20&amp;Hashiya=2<\/a><\/span> [30 November 2016].<\/p>\n<p style=\"text-align: justify;\">al-\u1e24usayni, Taqi al-Din. t.th. <em>Kifayah al-Akhyar<\/em>. Beirut: Dar al-Kutub al-<sup>c<\/sup>Ilmiyyah.<\/p>\n<p style=\"text-align: justify;\">Ibn <sup>c<\/sup>Ashur, Muhammad Tahir. t.th. <em>Tafsir al-Ta\u1e25rir wa al-Tanwir<\/em>. <span>http:\/\/library.islamweb.net\/ newlibrary\/display_book.php?flag=1&amp;bk_no=61&amp;surano=9&amp;ayano=28<\/span>\u00a0\u00a0 [9 November 2016].<\/p>\n<p style=\"text-align: justify;\">Ibn Kath\u012br. 2000. <em>Tafsir<\/em>. Riyad: Dar al-Salam<\/p>\n<p style=\"text-align: justify;\">Ibn Majah. 2000. <em>Sunan Ibn Majah<\/em>. Jil.3. Beirut: Dar al-Ma<sup>c<\/sup>rifah.<\/p>\n<p style=\"text-align: justify;\">Ibn Qudamah. 1994. <em>Al-Mughni <sup>c<\/sup>ala Mukhta\u1e63ar al-Khiraqi<\/em>. Jil.1. Beirut: Dar al-Kutub al-<sup>c<\/sup>Ilmiyyah.<\/p>\n<p style=\"text-align: justify;\">Ibn Taymiyyah. 1991. <em>Fiqh al-\u1e6cah\u0101rah<\/em>. Beirut: Dar al-Fikr al-<sup>c<\/sup>Arabi.<\/p>\n<p style=\"text-align: justify;\">Jabatan Kemajuan Islam Malaysia. 2015. <em>Manual Prosedur Pensijilan Halal Malaysia (Semakan Ketiga) 2014<\/em>. Malaysia: Jabatan Kemajuan Islam Malaysia.<\/p>\n<p style=\"text-align: justify;\">Jeung, Hi Han., Mi-Ryung, Kim., Yooheon, Park., Yang Hee, Hong. &amp; Hyung Joo, Suh. 2013. Skin permeability of porcine placenta extracts and its physiological activities. <em>Korean J. Food Sci. An. <\/em>33(3): 356-362.<\/p>\n<p style=\"text-align: justify;\">Jabatan Standard Malaysia. 2008. <em>MS 2200:2008 Barang Gunaan Islam &#8211; Bahagian 1: Kosmetik Dan Dandanan Diri \u2013 Garis Panduan Umum<\/em>. Malaysia: Jabatan Standard Malaysia.<\/p>\n<p style=\"text-align: justify;\"><em>Kamus Dewan<\/em>. 1994. Edisi Ketiga. Kuala Lumpur: Dewan Bahasa dan Pustaka.<\/p>\n<p style=\"text-align: justify;\">Karen Wong Yoke Sim &amp; Wan Najihah binti Wan Muhammad Afifi. 2017. Penggunaan plasenta dalam produk kecantikan menurut pandangan pakar (Unit Suplemen Kesihatan, Seksyen Ubat Komplementari dan Alternatif, NPRA). Temu bual, 10 Januari.<\/p>\n<p style=\"text-align: justify;\">al-K\u0101s\u0101ni. 2003. <em>Bad\u0101<sup>c<\/sup>i al-\u1e62an\u0101<sup>c<\/sup>i fi Tartib al-Shara<sup>c<\/sup>i<\/em>. Jil.1. Beirut: Dar al-Kutub al-<sup>c<\/sup>Ilmiyyah.<\/p>\n<p style=\"text-align: justify;\">Ki-Bae, Hong. Yooheon, Park. Jae, Hwan Kim. Jin, Man Kim. &amp; Hyung, Joo Suh. 2015. Effects of porcine placenta extract ingestion on ultraviolet B-induced skin damage in hairless mice. <em>Korean J. Food Sci. An.<\/em> 35(3): 413-420.<\/p>\n<p style=\"text-align: justify;\">Lajnah al-Ifta\u2019. 2013. Hukum menggunakan plasenta haiwan dalam farmaseutikal dan kosmetik. <span><a href=\"http:\/\/aliftaa.jo\/Question.aspx?QuestionId=2797#.WAZUlOV97IW\">http:\/\/aliftaa.jo\/Question.aspx?QuestionId=2797#.WAZUlOV97IW<\/a><\/span> [17 Oktober 2016].<\/p>\n<p style=\"text-align: justify;\">Low, Li Ying. 2014. <em>Sahabat Farmasi: Suplemen dan Anda<\/em>. Melaka: Jabatan Kesihatan Negeri Melaka.<\/p>\n<p style=\"text-align: justify;\">Majelis Ulama Indonesia. 2011. Fatwa tentang Penggunaan Plasenta Hewan Halal untuk Bahan Kosmetika dan Obat Luar. No.30, tahun 2011.<\/p>\n<p style=\"text-align: justify;\">al-Majjaji, Muhammad Suk\u1e25\u0101l. 2010. <em>al-Muhadhzab min al-Fiqh al-Maliki wa Adillatihi<\/em>. Jil.1. Damshiq: Dar al-Qalam.<\/p>\n<p style=\"text-align: justify;\">M\u0101lik, Anas. t.th. <em>Muwa\u1e6d\u1e6da\u2019<\/em>. t.tp.: Maktabah al-Tawfiqiyyah.<\/p>\n<p style=\"text-align: justify;\">MedicineNet. t.th. Placenta. <span>http:\/\/www.medicinenet.com\/script\/main\/art.asp?articlekey=4918<\/span> [10 April 2016].<\/p>\n<p style=\"text-align: justify;\"><em>Mosby\u2019s Dictionary of Medicine, Nursing &amp; Health Prosessions<\/em>. 2009. Edisi ke-8. Missouri: Mosby Elsevier.<\/p>\n<p style=\"text-align: justify;\"><em>Mu<sup>c<\/sup>jam al-Mu<sup>c<\/sup>tamad<\/em>. 2007. Beirut: Dar al-Kutub al-<sup>c<\/sup>Ilmiyyah.<\/p>\n<p style=\"text-align: justify;\">Muralidhar,\u00a0 R. V. &amp; Panda, T. 1999. Useful products from human placenta. <em>Bioprocess Engineering <\/em>20: 23-25.<\/p>\n<p style=\"text-align: justify;\">Muralidhar, R. V. &amp; Panda, T. 2000. Value based products from human placenta. <em>Bioprocess Engineering<\/em> 22:145-148.<\/p>\n<p style=\"text-align: justify;\">Narkbunnum, W., Rungkasiri, T. &amp; Bunaprasert, T. 2011. Challenges and opportunities: human placenta extract product development in Thailand. <em>International Journal of Management &amp; Business Studies <\/em>1: 111-114.<\/p>\n<p style=\"text-align: justify;\">National Pharmaceutical Control Bureau. 1984. <em>Control of Drugs and Cosmetics Regulations<\/em>. Malaysia: Ministry of Health.<\/p>\n<p style=\"text-align: justify;\">al-Nawawi, Mu\u1e25yi al-Din Abu Zakariyya Ya\u1e25ya bin Sharaf. 2005. <em>Manhaj al-\u1e6c\u0101lib\u012bn wa <sup>c<\/sup>Umdah al-Muftin<\/em>. Beirut: Dar al-Minhaj.<\/p>\n<p style=\"text-align: justify;\">Nur Azlina Mokhtar. 2016. Penggunaan plasenta dalam produk kecantikan menurut pandangan pakar (Bahagian Hab Halal, JAKIM). Temu bual, 16 Disember.<\/p>\n<p style=\"text-align: justify;\">Nurhirza Shaiful Yamin. 2016. Penggunaan plasenta dalam produk kecantikan menurut pandangan pakar (Seksyen Kosmetik, Pusat Pasca Pendaftaran Produk, NPRA). Temu bual, 28 Disember.<\/p>\n<p style=\"text-align: justify;\">Oxford Dictionaries. t.th. Beauty product. <span><a href=\"https:\/\/en.oxforddictionaries.com\/definition\/beauty_product%20%5b23\">https:\/\/en.oxforddictionaries.com\/definition\/beauty_product [23<\/a><\/span> Oktober 2016].<\/p>\n<p style=\"text-align: justify;\">al-Qur\u1e6dub\u012b, Ibn Rushd. 1982. <em>Bid\u0101yah<\/em> <em>al-Mujtahid wa Nihayah al-Muqta\u1e63id<\/em>. t.tp.: Dar al-Ma<sup>c<\/sup>arifah.<\/p>\n<p style=\"text-align: justify;\">al-Ramli. t.th. <em>Nihayah al-Mu\u1e25taj ila Shar\u1e25 al-Minhaj<\/em>. Jil.1. Riyad: Maktabah al-Islamiyyah.<\/p>\n<p style=\"text-align: justify;\">Sabiq, al-Sayyid. 1999. <em>Fiqh al-Sunnah<\/em>. Jil.1. Kaherah: al-Fath li <sup>c<\/sup>Ilam al-<sup>c<\/sup>Arabi.<\/p>\n<p style=\"text-align: justify;\">al-Sa<sup>c<\/sup>di, Nasir. 2002. <em>Manhaj al-Salikin<\/em>. Riyad: Dar al-Watan.<\/p>\n<p style=\"text-align: justify;\">al-\u1e62an<sup>c<\/sup>ani, Muhammad bin Isma<sup>c<\/sup>il al-Amir. 1988. <em>Subul al-Salam Shar\u1e25 Bulugh al-Mar\u0101m<\/em>. Jil.4. Beirut: Dar al-Kutub Al-<sup>c<\/sup>Ilmiyyah.<\/p>\n<p style=\"text-align: justify;\">al-\u1e62an<sup>c<\/sup>ani, Muhammad bin Isma<sup>c<\/sup>il al-Amir. 2000. <em>Subul al-Salam Shar\u1e25 Bulugh al-Mar\u0101m<\/em>. Kaherah: Dar al-\u1e24ad\u012bth.<\/p>\n<p style=\"text-align: justify;\">Sanep Ahmad, Mohd Ali Mohd Noor &amp; Lidia Fitri. 2014. Ketekalan gelagat pengguna Muslim terhadap status halal: ke arah strategi berkesan promosi produk halal. <em>Prosiding Persidangan Kebangsaan Ekonomi Malaysia Ke-9<\/em>, hlm.\u00a0 736 \u2013 746.<\/p>\n<p style=\"text-align: justify;\">Shahril Effendi Shuib. 2013. <em>Placenta for cosmetic purpose and cell regeneration<\/em>. Putrajaya: Kementerian Kesihatan Malaysia.<\/p>\n<p style=\"text-align: justify;\">al-Sharbini, Khatib. 1998. <em>Mughni al-Mu\u1e25t\u0101j ila Ma<sup>c<\/sup>rifah Ma<sup>c<\/sup>\u0101ni al-F\u0101\u1e93 al-Minhaj<\/em>. Jil.1. Beirut: Dar al-Fikr.<\/p>\n<p style=\"text-align: justify;\">al-Shawkani. 1998. <em>Nayl al-Awtar<\/em>. Beirut: Dar al-Khayr.<\/p>\n<p style=\"text-align: justify;\">Shinde, Vaibhav M., Paradakar, A. R. &amp; Mahadik , Kakasaheb R. 2009. Human placenta: potential source of bioactive compounds. <em>Pharmacologyonline <\/em>1: 40-51.<\/p>\n<p style=\"text-align: justify;\">Shuhaimi Mustafa, Mohammad Aizat Jamaludin, Dzulkifly Mat Hashim &amp; Puziah Hashim. 2013. Farmaseutikal dan kosmetik halal: isu dan cabarannya. Dlm. Nurdeng Deuraseh, Russly Abdul Rahman, Shuhaimi Mustafa, Jamilah Bakar &amp; Dzulkifly Mat Hashim (pnyt.). <em>Halalan Thoyyiban Perspektif Malaysia, <\/em>hlm. 82-86. Serdang: Institut Penyedikan Produk Halal, Universiti Putra Malaysia.<\/p>\n<p style=\"text-align: justify;\">al-\u1e6cabari, Abu Ja<sup>c<\/sup>afar bin Muhammad bin Jarir. 2005. <em>Tafsir al-\u1e6cabari<\/em>. Qaherah: Dar al-Salam.<\/p>\n<p style=\"text-align: justify;\">\u1e6cahir, al-\u1e24abib. 2001. <em>al-Fiqh al-Maliki wa Adillatuh<\/em>. Jil.1. Beirut: Muassasah al-Ma<sup>c<\/sup>\u0101rif.<\/p>\n<p style=\"text-align: justify;\">al-Tirmizi, Muhammad bin <sup>c<\/sup>Isa. 1962. <em>al- Jami<sup>c<\/sup> al-Sahih Sunan al-Tirmidhi<\/em>. Jil. 4. t.tp.: t.pt.\u00a0<\/p>\n<p style=\"text-align: justify;\">U.S. Commercial Service. 2015.\u00a0 <em>Cosmetics, toiletries and skincare market overviews, compiled by U.S. Commercial Service Hong Kong<\/em>. t.tp: U.S. Commercial Service.<\/p>\n<p style=\"text-align: justify;\"><em>Van Nostrand\u2019s Scientific Encyclopedia<\/em>. 2008. Embryo. Jil.1. Kanada: John Wiley &amp; Sons, Inc.<\/p>\n<p style=\"text-align: justify;\">Wanjari, N. &amp; Waghmare, J. 2015. A review on latest trend of cosmetics-cosmeceuticals. <em>International Journal of Pharma Research <\/em>4(5): 45-51.<\/p>\n<p style=\"text-align: justify;\">Yoshida. 2001. <em>A useful guide for those seeking placenta-based remedies. Placenta power: for health dan beauty.<\/em> t.tp. t.pt.<\/p>\n<p style=\"text-align: justify;\">Zell-V. t.th. Zell-V platinum ekstrak plasenta biri-biri. http:\/\/zell-v.com\/my\/images\/pdf\/ZELL-V-Platinum-Sheep-Placenta-Extract-Booklet-BM.pdf [9 Jun 2016].\u00a0\u00a0\u00a0\u00a0<\/p>\n<p style=\"text-align: justify;\">al-Zuhayli, Wahbah. t.th. <em>al-Fiqh al-Islami wa Adillatuh<\/em>. Jil. 1. Damsyik: Dar al-Fikr.<\/p>\n<p>[\/et_pb_tab][\/et_pb_tabs][\/et_pb_column_inner][\/et_pb_row_inner][\/et_pb_column][\/et_pb_section]<\/p>\n","protected":false},"excerpt":{"rendered":"<p>30 DECEMBER 2018Hukum Penggunaan Placenta Haiwan dalam Produk Kecantikan di Malaysia\u00a0 The Legal Status on the Use of Animal Placenta in Beauty Products in MalaysiaSiti Maryam Abdullah, sitimaryamabdullah7@gmail.comPostgraduate Student, Centre for Contemporary Fiqh and Sharia Compliance, Faculty of Islamic Studies, Universiti Kebangsaan Malaysia.Che Maryam Ahmad, cyam@ukm.edu.myCentre for Contemporary Fiqh and Sharia Compliance, Faculty of Islamic [&hellip;]<\/p>\n","protected":false},"author":1,"featured_media":0,"parent":0,"menu_order":0,"comment_status":"closed","ping_status":"closed","template":"","meta":{"_et_pb_use_builder":"on","_et_pb_old_content":"","_et_gb_content_width":"","footnotes":""},"class_list":["post-1417","page","type-page","status-publish","hentry"],"_links":{"self":[{"href":"https:\/\/www.ukm.my\/jcil\/wp-json\/wp\/v2\/pages\/1417","targetHints":{"allow":["GET"]}}],"collection":[{"href":"https:\/\/www.ukm.my\/jcil\/wp-json\/wp\/v2\/pages"}],"about":[{"href":"https:\/\/www.ukm.my\/jcil\/wp-json\/wp\/v2\/types\/page"}],"author":[{"embeddable":true,"href":"https:\/\/www.ukm.my\/jcil\/wp-json\/wp\/v2\/users\/1"}],"replies":[{"embeddable":true,"href":"https:\/\/www.ukm.my\/jcil\/wp-json\/wp\/v2\/comments?post=1417"}],"version-history":[{"count":16,"href":"https:\/\/www.ukm.my\/jcil\/wp-json\/wp\/v2\/pages\/1417\/revisions"}],"predecessor-version":[{"id":1690,"href":"https:\/\/www.ukm.my\/jcil\/wp-json\/wp\/v2\/pages\/1417\/revisions\/1690"}],"wp:attachment":[{"href":"https:\/\/www.ukm.my\/jcil\/wp-json\/wp\/v2\/media?parent=1417"}],"curies":[{"name":"wp","href":"https:\/\/api.w.org\/{rel}","templated":true}]}}