{"id":1482,"date":"2018-12-24T15:14:00","date_gmt":"2018-12-24T15:14:00","guid":{"rendered":"http:\/\/www.ukm.my\/jcil\/?page_id=1482"},"modified":"2019-01-02T11:31:52","modified_gmt":"2019-01-02T11:31:52","slug":"2018-3-2-article-4-2","status":"publish","type":"page","link":"https:\/\/www.ukm.my\/jcil\/2018-3-2-article-4-2\/","title":{"rendered":"JCIL 2018 3(2) Article 4"},"content":{"rendered":"<p>[et_pb_section fb_built=&#8221;1&#8243; fullwidth=&#8221;on&#8221; _builder_version=&#8221;3.0.74&#8243; background_color=&#8221;#0c71c3&#8243; custom_padding=&#8221;0px|0px|0px|0px&#8221;][et_pb_fullwidth_header title=&#8221;Journal of Contemporary Islamic Law&#8221; subhead=&#8221;No eISSN: 0127-788X&#8221; scroll_down_icon_size=&#8221;20px&#8221; title_font_color=&#8221;#ffffff&#8221; subhead_font_color=&#8221;#ffffff&#8221; _builder_version=&#8221;3.19&#8243; title_font=&#8221;|on|||&#8221; title_text_color=&#8221;#ffffff&#8221; title_font_size=&#8221;40px&#8221; content_font_size=&#8221;10px&#8221; subhead_text_color=&#8221;#ffffff&#8221; subhead_font_size=&#8221;20px&#8221; background_color=&#8221;#0c71c3&#8243; parallax=&#8221;on&#8221; parallax_method=&#8221;on&#8221; custom_margin=&#8221;-30px||-30px&#8221; button_one_letter_spacing_hover=&#8221;0&#8243; button_two_letter_spacing_hover=&#8221;0&#8243; saved_tabs=&#8221;all&#8221; button_one_text_size__hover_enabled=&#8221;off&#8221; button_two_text_size__hover_enabled=&#8221;off&#8221; button_one_text_color__hover_enabled=&#8221;off&#8221; button_two_text_color__hover_enabled=&#8221;off&#8221; button_one_border_width__hover_enabled=&#8221;off&#8221; button_two_border_width__hover_enabled=&#8221;off&#8221; button_one_border_color__hover_enabled=&#8221;off&#8221; button_two_border_color__hover_enabled=&#8221;off&#8221; button_one_border_radius__hover_enabled=&#8221;off&#8221; button_two_border_radius__hover_enabled=&#8221;off&#8221; button_one_letter_spacing__hover_enabled=&#8221;on&#8221; button_one_letter_spacing__hover=&#8221;0&#8243; button_two_letter_spacing__hover_enabled=&#8221;on&#8221; button_two_letter_spacing__hover=&#8221;0&#8243; button_one_bg_color__hover_enabled=&#8221;off&#8221; button_two_bg_color__hover_enabled=&#8221;off&#8221;][\/et_pb_fullwidth_header][\/et_pb_section][et_pb_section fb_built=&#8221;1&#8243; specialty=&#8221;on&#8221; _builder_version=&#8221;3.0.47&#8243;][et_pb_column type=&#8221;1_3&#8243; _builder_version=&#8221;3.0.47&#8243; parallax__hover=&#8221;off&#8221; parallax_method__hover=&#8221;on&#8221; parallax=&#8221;off&#8221; parallax_method=&#8221;on&#8221;][et_pb_blurb title=&#8221;2018 3(2)&#8221; url=&#8221;https:\/\/www.ukm.my\/jcil\/jcil-2017-2-2\/&#8221; use_icon=&#8221;on&#8221; font_icon=&#8221;%%40%%&#8221; icon_color=&#8221;#0c71c3&#8243; use_circle=&#8221;on&#8221; circle_color=&#8221;#ffffff&#8221; use_circle_border=&#8221;on&#8221; circle_border_color=&#8221;#0c71c3&#8243; icon_placement=&#8221;left&#8221; _builder_version=&#8221;3.19&#8243; header_text_color=&#8221;#0c71c3&#8243; background_size=&#8221;initial&#8221; background_position=&#8221;top_left&#8221; background_repeat=&#8221;repeat&#8221; text_orientation=&#8221;center&#8221; max_width_tablet=&#8221;50px&#8221;]<\/p>\n<p>30 DECEMBER 2018<\/p>\n<p>[\/et_pb_blurb][et_pb_image src=&#8221;https:\/\/www.ukm.my\/jcil\/wp-content\/uploads\/2018\/12\/Cover-JCIL-2018-Vol.-32-Muka-Depan.gif&#8221; _builder_version=&#8221;3.19&#8243; animation_style=&#8221;slide&#8221; animation_direction=&#8221;left&#8221; animation_duration=&#8221;500ms&#8221; animation_intensity_slide=&#8221;10%&#8221;][\/et_pb_image][\/et_pb_column][et_pb_column type=&#8221;2_3&#8243; specialty_columns=&#8221;2&#8243; _builder_version=&#8221;3.0.47&#8243; parallax__hover=&#8221;off&#8221; parallax_method__hover=&#8221;on&#8221; parallax=&#8221;off&#8221; parallax_method=&#8221;on&#8221;][et_pb_row_inner admin_label=&#8221;Row&#8221; _builder_version=&#8221;3.19&#8243;][et_pb_column_inner type=&#8221;4_4&#8243; saved_specialty_column_type=&#8221;2_3&#8243; _builder_version=&#8221;3.0.47&#8243; parallax__hover=&#8221;off&#8221; parallax_method__hover=&#8221;on&#8221; parallax=&#8221;off&#8221; parallax_method=&#8221;on&#8221;][et_pb_text admin_label=&#8221;Tajuk&#8221; _builder_version=&#8221;3.19&#8243; background_size=&#8221;initial&#8221; background_position=&#8221;top_left&#8221; background_repeat=&#8221;repeat&#8221; module_alignment=&#8221;left&#8221;]<\/p>\n<h3><span style=\"color: #000000;\"><strong>Analisis Hukum Penggunaan Dana Zakat untuk Pembangunan Model Takaful Mikro<\/strong><\/span><br \/> An Analysis on the Ruling of Using Zakat Fund for the Development of Micro Takaful Model<\/h3>\n<p>[\/et_pb_text][et_pb_text admin_label=&#8221;Penulis&#8221; _builder_version=&#8221;3.19&#8243; background_size=&#8221;initial&#8221; background_position=&#8221;top_left&#8221; background_repeat=&#8221;repeat&#8221; module_alignment=&#8221;left&#8221;]<\/p>\n<p><strong>Nik Abdul Rahim Nik Abdul Ghani, <\/strong><em><a href=\"mailto:nikrahim@ukm.edu.my,\">nikrahim@ukm.edu.my,<\/a>\u00a0<\/em><strong>Nurul Ilyana Muhd Adnan, <\/strong><em><a href=\"mailto:ilyana_adnan@ukm.edu.my,\">ilyana_adnan@ukm.edu.my,<\/a>\u00a0<\/em><strong>Ahmad Dahlan Salleh, <\/strong><em><a href=\"mailto:dahlan@ukm.edu.my,\">dahlan@ukm.edu.my,<\/a>\u00a0<\/em><strong>Salmy Edawati Yaacob, <\/strong><em><a href=\"mailto:salmy1001@ukm.edu.my\">salmy1001@ukm.edu.my<\/a>\u00a0<\/em><em><br \/> <\/em>Centre for Contemporary Fiqh and Sharia Compliance, Faculty of Islamic Studies, Universiti Kebangsaan Malaysia.<br \/> <strong>Rubayah Yakob, <\/strong><em><a href=\"mailto:rubayah@ukm.edu.my,\">rubayah@ukm.edu.my,<\/a>\u00a0<\/em><strong>Hendon Redzuan, <\/strong><em><a href=\"mailto:hendon@ukm.edu.my\">hendon@ukm.edu.my<\/a>\u00a0<\/em><br \/> Pusat Keutuhan Tadbir Urus dan Akauntabiliti, Fakulti Ekonomi dan Pengurusan, Universiti Kebangsaan Malaysia.<br \/> Received: 30 November 2018 | Accepted: 23 December 2018 |\u00a0Published: 30 December 2018<\/p>\n<p>[\/et_pb_text][et_pb_text admin_label=&#8221;Volume &#038; PDF&#8221; _builder_version=&#8221;3.19.3&#8243; background_size=&#8221;initial&#8221; background_position=&#8221;top_left&#8221; background_repeat=&#8221;repeat&#8221; module_alignment=&#8221;left&#8221;]<\/p>\n<p>2018, Vol. 3(2), pp. 28-36. \u00a0| \u00a0<a href=\"https:\/\/www.ukm.my\/jcil\/wp-content\/uploads\/2019\/01\/JCIL-2018-32-Article-4.pdf\">PDF<\/a><a href=\"https:\/\/www.ukm.my\/jcil\/wp-content\/uploads\/2018\/12\/JCIL-2018-32-Article-4.pdf\"><\/a><\/p>\n<p>[\/et_pb_text][et_pb_tabs admin_label=&#8221;Abstract &#038; References&#8221; _builder_version=&#8221;3.19&#8243; background_size=&#8221;initial&#8221; background_position=&#8221;top_left&#8221; background_repeat=&#8221;repeat&#8221;][et_pb_tab title=&#8221;ABSTRAK&#8221; _builder_version=&#8221;3.7&#8243; tab_font=&#8221;||||&#8221; tab_line_height=&#8221;2em&#8221; tab_line_height_tablet=&#8221;2em&#8221; tab_line_height_phone=&#8221;2em&#8221; body_font=&#8221;||||&#8221; body_line_height=&#8221;2em&#8221; body_line_height_tablet=&#8221;2em&#8221; body_line_height_phone=&#8221;2em&#8221; background_size=&#8221;initial&#8221; background_position=&#8221;top_left&#8221; background_repeat=&#8221;repeat&#8221;]<\/p>\n<p style=\"text-align: justify;\">Takaful mikro merupakan salah satu manifestasi prinsip rangkuman kewangan dalam sesebuah negara. Ia bertujuan membiayai golongan miskin dan sebahagian golongan B40 yang berkemunginan termasuk dalam asnaf zakat khususnya ketika menghadapi masalah kewangan akibat kemalangan, sakit atau kematian. Namun begitu, isu yang sering menyelubungi takaful mikro ialah kemampanan dana untuk menampung keperluan risiko. Salah satu solusi yang dicadangkan ialah dengan menggunakan dana zakat memandangkan saiz dana zakat yang besar. Peningkatan dana zakat dari tahun ke tahun menuntut kepada sistem agihan yang efisen dan cekap. Salah satu kaedah yang dicadangkan ialah dengan menggunakannya dalam pembangunan model takaful mikro. Walau bagaimanapun, zakat adalah salah satu rukun Islam yang tertakluk kepada beberapa hukum yang ketat termasuk dalam isu agihan dana kepada sasaran yang spesifik. Oleh itu, kertas ini cuba mengupas isu penggunaan dana zakat dalam pembangunan takaful mikro dengan memberi fokus kepada pandangan fuqaha silam dan kontemporari mengenai isu <em>tamlik<\/em> (pemberian milik) harta zakat kepada asnaf. Kajian ini menggunakan kaedah analisis kandungan dengan menganalisis pandangan fuqaha\u2019 mengenai isu <em>tamlik<\/em> kepada asnaf zakat dalam agihan dana tersebut. Hasil kajian mendapati isu fiqh yang utama dalam pembangunan model takaful mikro daripada dana zakat ialah isu <em>tamlik<\/em> harta zakat kepada golongan asnaf. Pihak berautoriti khususnya institusi fatwa setiap negeri wajar mengeluarkan satu fatwa yang rasmi sama ada ia dibenarkan atau tidak.<\/p>\n<p>\u00a0<em>Kata kunci: Takaful Mikro, Zakat, Tamlik, Baitulmal, Asnaf, B40<\/em><\/p>\n<p>[\/et_pb_tab][et_pb_tab title=&#8221;ABSTRACT&#8221; _builder_version=&#8221;3.7&#8243; tab_font=&#8221;||||&#8221; tab_line_height=&#8221;2em&#8221; tab_line_height_tablet=&#8221;2em&#8221; tab_line_height_phone=&#8221;2em&#8221; body_font=&#8221;||||&#8221; body_line_height=&#8221;2em&#8221; body_line_height_tablet=&#8221;2em&#8221; body_line_height_phone=&#8221;2em&#8221; background_size=&#8221;initial&#8221; background_position=&#8221;top_left&#8221; background_repeat=&#8221;repeat&#8221;]<\/p>\n<p style=\"text-align: justify;\">Micro <em>takaful<\/em> is a manifestation of financial inclusion principle in a country. It aims to finance a group of poor people and some B40 segment which probably falls under the segment of <em>zakah<\/em> asnaf especially in facing financial hardship caused by any event of accident, illness or death. Nevertheless, the issue that often affects micro takaful is the sustainability of its fund to cope with risk requirements. One of the proposed solutions is by using <em>zakah<\/em> fund in view of the large size of zakat fund. Moreover, the increasing of <em>zakah<\/em> fund from year to year demand for efficient distribution systems. Amongst the proposed methods is to use them in the development of a micro <em>takaful<\/em> model. However, zakat is one of the pillars of Islam that needs to comply with some strict rules including the distribution of the fund to specific <em>asnaf<\/em>. Hence, this paper attempts to examine the ruling of using <em>zakah<\/em> fund in the development of micro <em>takaful<\/em> model by focusing on the views of classical and contemporary jurists on the issues of <em>tamlik<\/em> (transfer of ownership) zakah property to <em>asnaf<\/em>. This study employs a content analysis method by analysing the views of the jurists on the issue of <em>tamlik<\/em> to the <em>asnaf<\/em> zakat in the distribution of the fund. The findings suggest that the major <em>fiqh<\/em> issue in the development of the micro takaful model by using zakat fund is the issue of <em>tamlik<\/em> the zakah to the <em>asnaf<\/em>. The authoritative bodies, especially the fatwa institution of every state, should issue a formal fatwa whether it is allowed or not.<\/p>\n<p style=\"text-align: justify;\"><em>Keywords: Micro takaful, zakat, tamlik, Baitulmal, asnaf, B40<\/em><\/p>\n<p>[\/et_pb_tab][et_pb_tab title=&#8221;REFERENCES&#8221; _builder_version=&#8221;3.7&#8243; tab_font=&#8221;||||&#8221; tab_line_height=&#8221;2em&#8221; tab_line_height_tablet=&#8221;2em&#8221; tab_line_height_phone=&#8221;2em&#8221; body_font=&#8221;||||&#8221; body_line_height=&#8221;2em&#8221; body_line_height_tablet=&#8221;2em&#8221; body_line_height_phone=&#8221;2em&#8221;]<\/p>\n<p style=\"text-align: justify;\">al-Quran al-Karim<\/p>\n<p style=\"text-align: justify;\">Abidin, Muhammad Amin al-Shahir bi Ibn. 1966. <em>Radd Al-Mu\u1e25t\u0101r \u1d9cal\u0101 Al-Durr Al-Mukht\u0101r<\/em>. Damascus: Matba\u2019ah Mustafa al-Halabi.<\/p>\n<p style=\"text-align: justify;\">Adekunle Mikail, Said, Ali Jinnah Ahmad, Muhammad, &amp; Saheed Adekunle, Salami. 2017. Utilisation of zak\u0101h and waqf fund in micro-tak\u0101ful models in malaysia: an exploratory study. <em>ISRA International Journal of Islamic Finance<\/em>\u00a0 9(1):100\u2013105. https:\/\/doi.org\/10.1108\/IJIF-07-2017-010.<\/p>\n<p style=\"text-align: justify;\">Ahmad, Muhammad Ali Jinnah, Hussain, Lokmanulhakim, &amp; Abdullah, Apnizan. 2013. Takyif fiqhi terhadap yuran prestasi ( performance fee ) daripada lebihan ( surplus ) dana risiko peserta takaful. Dlm.\u00a0 <em>Muzakarah Cendekiawan Syariah Nusantara Ke-7<\/em>, Kuala Lumpur: ISRA.<\/p>\n<p style=\"text-align: justify;\">Al-Ghufayl\u012b, Abdullah bin Mans\u016br. 2008. <em>Naw\u0101zil Al-Zak\u0101h Dir\u0101sah Fiqhiyyah Ta\u2019s\u012bliyyah Li Mustajadd\u0101t Al-Zak\u0101h<\/em>. Riyad: Dar al-Maym\u0101n li al-nashr wa al-tawz\u012b\u1d9c.<\/p>\n<p style=\"text-align: justify;\">Al-Hattab, Muhammad bin Muhammad bin Abd al-Rahman. 1992. <em>Mawahib Al-Jalil Fi Sharh Mukhtasar Al-Khalil<\/em>. Beirut: Dar al-Fikr.<\/p>\n<p style=\"text-align: justify;\">Al-Kasani, Abu Bakr Mas\u2019ud bin Ahmad. 1986. <em>Bad\u0101\u2019i\u1d9c Al-\u1e62an\u0101\u2019i\u1d9c F\u012b Tart\u012bb Al-Shar\u0101i\u1d9c<\/em>. Beirut: Dar al-Kutub al-Ilmiyyah.<\/p>\n<p style=\"text-align: justify;\">Al-Mahdawi, Abu al-T\u0101hir Ibrahim bin Abd al-\u1e62amad bin Bash\u012br al-Tan\u016bkh\u012b. 2007. <em>Al-Tanb\u012bh A\u1d9cla Mab\u0101di\u2019 Al-Tawj\u012bh<\/em>. Beir\u016bt: Dar Ibn Hazm.<\/p>\n<p style=\"text-align: justify;\">Al-Mard\u0101w\u012b, Al\u0101\u2019 al-D\u012bn Abu al-\u1e24asan \u1d9cAl\u012b bin Sulayman. t.th. <em>Al-In\u1e63\u0101f F\u012b Ma\u1d9crifat Al-R\u0101ji\u1e25 Min Al-Khil\u0101f<\/em>. Beir\u016bt: Dar Ihy\u0101\u2019 al-Tur\u0101th al-Arabi.<\/p>\n<p style=\"text-align: justify;\">Al-Nawawi, Muhyi al-Din Yahya bin Sharaf. 2001. <em>Al-Majmu\u2019 Sharh Al-Muhadhdhab<\/em>. Beir\u016bt: Dar al-Fikr.<\/p>\n<p style=\"text-align: justify;\">Al-Sharbini, Shams al-Din Muhammad bin Al-Khatib. 1997. <em>Mughni Al-Muhtaj Fi Ma\u2019rifat Ma\u2019ani Alfaz Al-Minhaj<\/em>. Beirut: Dar al-Ma\u2019rifah.<\/p>\n<p style=\"text-align: justify;\">Al-Shawkani, Muhammad bin Ali. 2004. <em>Al-Sayl Al-Jarrar Al-Mutadaffiq Ala Hada\u2019iq Al-Azhar<\/em>. Beir\u016bt: Dar Ibn Hazm.<\/p>\n<p style=\"text-align: justify;\">Ashikin, Noor, &amp; Rom, Mohd. 2012. Financial protection for the poor in malaysia\u202f: role of zakah and micro- takaful. 25(1):119\u201340.<\/p>\n<p style=\"text-align: justify;\">Bank Negara Malaysia. 2016. Microinsurance and microtakaful\u202f: discussion paper. (18 April):1\u201318.<\/p>\n<p style=\"text-align: justify;\">Bank Negara Malaysia. 2017. <em>Financial Stability and Payment Systems Report 2017<\/em>.<\/p>\n<p style=\"text-align: justify;\">Brugnoni, Alberto. 2013. Microtakaful. Dlm.\u00a0 Serap O. G\u00f6n\u00fclal (pnyt.). <em>Takaful and Mutual Insurance Alternative Approaches to Managing Risks<\/em>, hlm. 153\u201374. Washington DC: International Bank for Reconstruction and Development.<\/p>\n<p style=\"text-align: justify;\">Htay, Sheila Nu Nu, Sadzali, Nur Shazwani, &amp; Amin, Hanudin. 2015. An analysis of the viability of micro health takaful in malaysia. <em>Qualitative Research in Financial Markets<\/em> .<\/p>\n<p style=\"text-align: justify;\">Ibn Muflih. 2003. <em>Al-Furu\u2019 Wa Tashih Al-Furu\u2019<\/em>. Beir\u016bt: Mua\u2019ssasah al-Risalah.<\/p>\n<p style=\"text-align: justify;\">Ismail, Abdul Ghafar, Zaenal, Muhammad Hasbi, &amp; Taufiq, Umar. 2016. <em>Can Islamic Philanthropy Increase Financial Inclusion\u202f?<\/em> Jeddah.<\/p>\n<p style=\"text-align: justify;\">Mohamad Hasim, Haslifah. 2014. Developing a conceptual framework of microtakaful as a strategy towards poverty alleviation. <em>Issn<\/em>\u00a0 5(28):2222\u20131700. www.iiste.org.<\/p>\n<p style=\"text-align: justify;\">Uthman, Muhammad Ahmad, &amp; Hamzah, Hamzah. 2012. Shart al-tamlik fi al-zakah wa mada ta\u2019thirihi fi \u2019amal al-jam\u2019iyyat al-khayriyyah al-islamiyyah. <em>Majallat Jami\u2019at Dimashq li al-Ulum al-Iqtisadiyyah wa al-Qanuniyyah<\/em>\u00a0 28(1):681\u201399.<\/p>\n<p style=\"text-align: justify;\">Yakob, Rubayah, &amp; Rahman, Nor Hamizah Abd. 2017. Analisis pemilikan takaful keluarga atau insurans hayat dalam kalangan b40. 13(2):29\u201338.<\/p>\n<p>[\/et_pb_tab][\/et_pb_tabs][\/et_pb_column_inner][\/et_pb_row_inner][\/et_pb_column][\/et_pb_section]<\/p>\n","protected":false},"excerpt":{"rendered":"<p>30 DECEMBER 2018Analisis Hukum Penggunaan Dana Zakat untuk Pembangunan Model Takaful Mikro An Analysis on the Ruling of Using Zakat Fund for the Development of Micro Takaful ModelNik Abdul Rahim Nik Abdul Ghani, nikrahim@ukm.edu.my,\u00a0Nurul Ilyana Muhd Adnan, ilyana_adnan@ukm.edu.my,\u00a0Ahmad Dahlan Salleh, dahlan@ukm.edu.my,\u00a0Salmy Edawati Yaacob, salmy1001@ukm.edu.my\u00a0 Centre for Contemporary Fiqh and Sharia Compliance, Faculty of Islamic Studies, [&hellip;]<\/p>\n","protected":false},"author":1,"featured_media":0,"parent":0,"menu_order":0,"comment_status":"closed","ping_status":"closed","template":"","meta":{"_et_pb_use_builder":"on","_et_pb_old_content":"","_et_gb_content_width":"","footnotes":""},"class_list":["post-1482","page","type-page","status-publish","hentry"],"_links":{"self":[{"href":"https:\/\/www.ukm.my\/jcil\/wp-json\/wp\/v2\/pages\/1482","targetHints":{"allow":["GET"]}}],"collection":[{"href":"https:\/\/www.ukm.my\/jcil\/wp-json\/wp\/v2\/pages"}],"about":[{"href":"https:\/\/www.ukm.my\/jcil\/wp-json\/wp\/v2\/types\/page"}],"author":[{"embeddable":true,"href":"https:\/\/www.ukm.my\/jcil\/wp-json\/wp\/v2\/users\/1"}],"replies":[{"embeddable":true,"href":"https:\/\/www.ukm.my\/jcil\/wp-json\/wp\/v2\/comments?post=1482"}],"version-history":[{"count":11,"href":"https:\/\/www.ukm.my\/jcil\/wp-json\/wp\/v2\/pages\/1482\/revisions"}],"predecessor-version":[{"id":1696,"href":"https:\/\/www.ukm.my\/jcil\/wp-json\/wp\/v2\/pages\/1482\/revisions\/1696"}],"wp:attachment":[{"href":"https:\/\/www.ukm.my\/jcil\/wp-json\/wp\/v2\/media?parent=1482"}],"curies":[{"name":"wp","href":"https:\/\/api.w.org\/{rel}","templated":true}]}}