{"id":2371,"date":"2021-06-15T11:31:53","date_gmt":"2021-06-15T11:31:53","guid":{"rendered":"http:\/\/www.ukm.my\/jcil\/?page_id=2371"},"modified":"2021-06-15T11:31:55","modified_gmt":"2021-06-15T11:31:55","slug":"jcil-2021-61-article-2-2","status":"publish","type":"page","link":"https:\/\/www.ukm.my\/jcil\/jcil-2021-61-article-2-2\/","title":{"rendered":"JCIL 2021 6(1) Article 2"},"content":{"rendered":"<p>[et_pb_section fb_built=&#8221;1&#8243; fullwidth=&#8221;on&#8221; _builder_version=&#8221;3.22.3&#8243; background_color=&#8221;#0c71c3&#8243; custom_padding=&#8221;0px|0px|0px|0px&#8221;][et_pb_fullwidth_header title=&#8221;Journal of Contemporary Islamic Law&#8221; subhead=&#8221;No eISSN: 0127-788X&#8221; title_font_color=&#8221;#ffffff&#8221; subhead_font_color=&#8221;#ffffff&#8221; _builder_version=&#8221;3.19&#8243; title_font=&#8221;|on|||&#8221; title_text_color=&#8221;#ffffff&#8221; title_font_size=&#8221;40px&#8221; content_font_size=&#8221;10px&#8221; subhead_text_color=&#8221;#ffffff&#8221; subhead_font_size=&#8221;20px&#8221; background_color=&#8221;#0c71c3&#8243; parallax=&#8221;on&#8221; parallax_method=&#8221;on&#8221; custom_margin=&#8221;-30px||-30px&#8221; button_one_letter_spacing_hover=&#8221;0&#8243; button_two_letter_spacing_hover=&#8221;0&#8243; saved_tabs=&#8221;all&#8221; button_one_text_size__hover_enabled=&#8221;off&#8221; button_two_text_size__hover_enabled=&#8221;off&#8221; button_one_text_color__hover_enabled=&#8221;off&#8221; button_two_text_color__hover_enabled=&#8221;off&#8221; button_one_border_width__hover_enabled=&#8221;off&#8221; button_two_border_width__hover_enabled=&#8221;off&#8221; button_one_border_color__hover_enabled=&#8221;off&#8221; button_two_border_color__hover_enabled=&#8221;off&#8221; button_one_border_radius__hover_enabled=&#8221;off&#8221; button_two_border_radius__hover_enabled=&#8221;off&#8221; button_one_letter_spacing__hover_enabled=&#8221;on&#8221; button_one_letter_spacing__hover=&#8221;0&#8243; button_two_letter_spacing__hover_enabled=&#8221;on&#8221; button_two_letter_spacing__hover=&#8221;0&#8243; button_one_bg_color__hover_enabled=&#8221;off&#8221; button_two_bg_color__hover_enabled=&#8221;off&#8221;][\/et_pb_fullwidth_header][\/et_pb_section][et_pb_section fb_built=&#8221;1&#8243; specialty=&#8221;on&#8221; _builder_version=&#8221;3.22.3&#8243;][et_pb_column type=&#8221;1_3&#8243; _builder_version=&#8221;3.25&#8243; custom_padding=&#8221;|||&#8221; parallax__hover=&#8221;off&#8221; parallax_method__hover=&#8221;on&#8221; custom_padding__hover=&#8221;|||&#8221;][et_pb_blurb title=&#8221;2021 6(1)&#8221; url=&#8221;https:\/\/www.ukm.my\/jcil\/jcil-2017-2-2\/&#8221; use_icon=&#8221;on&#8221; font_icon=&#8221;%%40%%&#8221; icon_color=&#8221;#0c71c3&#8243; use_circle=&#8221;on&#8221; circle_color=&#8221;#ffffff&#8221; use_circle_border=&#8221;on&#8221; circle_border_color=&#8221;#0c71c3&#8243; icon_placement=&#8221;left&#8221; _builder_version=&#8221;4.9.6&#8243; header_text_color=&#8221;#0c71c3&#8243; background_size=&#8221;initial&#8221; background_position=&#8221;top_left&#8221; background_repeat=&#8221;repeat&#8221; text_orientation=&#8221;center&#8221; max_width_tablet=&#8221;50px&#8221;]<\/p>\n<p>15 JUNE 2021<\/p>\n<p>[\/et_pb_blurb][et_pb_image src=&#8221;https:\/\/www.ukm.my\/jcil\/wp-content\/uploads\/2021\/06\/Cover-JCIL-2021-61.png&#8221; title_text=&#8221;Cover JCIL 2021 6(1)&#8221; align_tablet=&#8221;center&#8221; align_phone=&#8221;&#8221; align_last_edited=&#8221;on|desktop&#8221; _builder_version=&#8221;4.9.6&#8243; animation_style=&#8221;slide&#8221; animation_direction=&#8221;left&#8221; animation_duration=&#8221;500ms&#8221; animation_intensity_slide=&#8221;10%&#8221;][\/et_pb_image][\/et_pb_column][et_pb_column type=&#8221;2_3&#8243; specialty_columns=&#8221;2&#8243; _builder_version=&#8221;3.25&#8243; custom_padding=&#8221;|||&#8221; parallax__hover=&#8221;off&#8221; parallax_method__hover=&#8221;on&#8221; custom_padding__hover=&#8221;|||&#8221;][et_pb_row_inner admin_label=&#8221;Row&#8221; _builder_version=&#8221;3.25&#8243;][et_pb_column_inner saved_specialty_column_type=&#8221;2_3&#8243; _builder_version=&#8221;3.25&#8243; custom_padding=&#8221;|||&#8221; parallax__hover=&#8221;off&#8221; parallax_method__hover=&#8221;on&#8221; custom_padding__hover=&#8221;|||&#8221;][et_pb_text admin_label=&#8221;Tajuk&#8221; _builder_version=&#8221;4.9.6&#8243; background_size=&#8221;initial&#8221; background_position=&#8221;top_left&#8221; background_repeat=&#8221;repeat&#8221; module_alignment=&#8221;left&#8221;]<\/p>\n<h3 style=\"text-align: justify;\"><strong>Mapping The Common Law Concept of Misrepresentation in Contract Under The Islamic Law<\/strong><\/h3>\n<p>[\/et_pb_text][et_pb_text admin_label=&#8221;Penulis&#8221; _builder_version=&#8221;4.9.6&#8243; background_size=&#8221;initial&#8221; background_position=&#8221;top_left&#8221; background_repeat=&#8221;repeat&#8221; module_alignment=&#8221;left&#8221;]<\/p>\n<p style=\"text-align: justify;\"><strong>Norhoneydayatie Abdul Manap, <\/strong><span style=\"color: #565656;\"><em>norhoney@ukm.edu.my<\/em><\/span><em><br \/><\/em><span style=\"font-size: 14px;\">Research Centre for Sharia, Faculty of Islamic Studies, Universiti Kebangsaan Malaysia.<\/span><br \/><strong style=\"font-size: 14px;\">Nik Abdul Rahim Nik Abdul Ghani, <\/strong><span style=\"font-size: 14px; color: #0c0c0c;\"><em><span style=\"color: #565656;\">nikrahim@ukm.edu.my<br \/><\/span><\/em><span style=\"color: #565656;\"><span style=\"font-size: 14px;\">Research Centre for Sharia, Faculty of Islamic Studies, Universiti Kebangsaan Malaysia.<\/span><br \/><strong style=\"font-size: 14px;\">Amirah Madihah Adnan,<\/strong> <em>madiehaadnan<\/em><em>@gmail.com<\/em><\/span><em><br \/><\/em><\/span><span style=\"font-size: 14px;\">Postgraduate Student, Research Centre for Sharia, Faculty of Islamic Studies, Universiti Kebangsaan Malaysia.<br \/><\/span>Received: 14 January 2021 | Accepted: 12 March 2021 | Published: 15 June 2021<\/p>\n<p>[\/et_pb_text][et_pb_text admin_label=&#8221;Volume &#038; PDF&#8221; _builder_version=&#8221;4.9.6&#8243; background_size=&#8221;initial&#8221; background_position=&#8221;top_left&#8221; background_repeat=&#8221;repeat&#8221; module_alignment=&#8221;left&#8221;]<\/p>\n<p><span style=\"font-size: 14px;\">2021, Vol. 6(1), pp. 9-16. \u00a0| \u00a0<\/span><a href=\"https:\/\/www.ukm.my\/jcil\/wp-content\/uploads\/2021\/06\/JCIL-2021-61-Article-2.pdf\">PDF<\/a><a href=\"https:\/\/www.ukm.my\/jcil\/wp-content\/uploads\/2018\/06\/JCIL-2018-31-Article-2.pdf\"><br \/><\/a><\/p>\n<p>[\/et_pb_text][et_pb_tabs admin_label=&#8221;Abstract &#038; References&#8221; _builder_version=&#8221;4.9.6&#8243; body_text_align=&#8221;justify&#8221; background_size=&#8221;initial&#8221; background_position=&#8221;top_left&#8221; background_repeat=&#8221;repeat&#8221;][et_pb_tab title=&#8221;ABSTRACT&#8221; _builder_version=&#8221;4.9.6&#8243; body_font=&#8221;||||&#8221; body_line_height=&#8221;2em&#8221; tab_font=&#8221;||||&#8221; tab_line_height=&#8221;2em&#8221; background_size=&#8221;initial&#8221; background_position=&#8221;top_left&#8221; background_repeat=&#8221;repeat&#8221; body_line_height_tablet=&#8221;2em&#8221; body_line_height_phone=&#8221;2em&#8221; tab_line_height_tablet=&#8221;2em&#8221; tab_line_height_phone=&#8221;2em&#8221;]<\/p>\n<p>Misrepresentation is the act of making a fraudulent misrepresentation by a party or parties to a contract to influence the other party to enter into a contract. This concept, which originated from common law, is applied in almost all Commonwealth countries, including Malaysia. The legal provisions in place to prevent misrepresentation in a contract are based on contract law theory. However, this misrepresentation concept has not been explicitly discussed from the Islamic Law perspective. Therefore, this study aims to identify the common law concept of misrepresentation in the contract law theory from the Islamic law perspective. The methodology used in this study is library research of the qualitative method. The study found that although the concept of misrepresentation is not visibly discussed in Islamic Law, however, the subjects of taghr\u012br would be considered to be the closest to misrepresentation.<span class=\"Apple-converted-space\">\u00a0<\/span><\/p>\n<p>Keywords: Misrepresentation, contract, Islamic Law, common law, tadl\u012bs, taghr\u012br<span class=\"Apple-converted-space\">\u00a0<\/span><\/p>\n<p>[\/et_pb_tab][et_pb_tab title=&#8221;REFERENCES&#8221; _builder_version=&#8221;4.9.6&#8243; body_font=&#8221;||||&#8221; body_line_height=&#8221;2em&#8221; tab_font=&#8221;||||&#8221; tab_line_height=&#8221;2em&#8221; body_line_height_tablet=&#8221;2em&#8221; body_line_height_phone=&#8221;2em&#8221; tab_line_height_tablet=&#8221;2em&#8221; tab_line_height_phone=&#8221;2em&#8221;]<\/p>\n<p>Adams, J.N. &amp; Brownsword, R. (2004). <i>Understanding Contract Law<\/i>. Ed. ke-4. London: Sweet &amp; Maxwell Ltd.<\/p>\n<p>A.B.M. Hussain. (1983). <i>Commercial Laws in Islam<\/i>. Bangladesh: Islamic Foundation.<span class=\"Apple-converted-space\">\u00a0<\/span><\/p>\n<p>Abdul Fatah Mahmud Idris. (2007). <i>Na\u1e93ariyat al-cAqd f\u012b al-Fiqh al-Isl\u0101m\u012b<\/i>. Mesir: D\u0101r al-Fikr.<span class=\"Apple-converted-space\">\u00a0<\/span><\/p>\n<p>Abdurrahman Raden Aji Haqqi. (1999). <i>The Philosophy of Islamic Law of Transactions<\/i>. Kuala Lumpur: Univision Press Sdn Bhd.<span class=\"Apple-converted-space\">\u00a0<\/span><\/p>\n<p>Ab\u016b Zahrah, Mu\u1e25ammad. (1976). <i>al-Milkiyyah wa Na\u1e93ariyah al-<\/i><i>c<\/i><i>Aqd f\u012b al-Shariah al-Isl\u0101miyyah<\/i>. n.p.: D\u0101r al-Fikr al-cArab\u012b.<span class=\"Apple-converted-space\">\u00a0<\/span><\/p>\n<p>Afzal Al-Rahman. (1982). <i>Economic Doctrines of Islam <\/i>(Vol. 4). Pakistan: Islamic Publication L.T.D.<span class=\"Apple-converted-space\">\u00a0<\/span><\/p>\n<p>A\u1e25mad Ibn \u1e24anbal. (1978). <i>Musnad <\/i>(Vol. 4). n.p.: D\u0101r al-Fikr.<span class=\"Apple-converted-space\">\u00a0<\/span><\/p>\n<p>al-Bazdaw\u012b. (1974). <i>U\u1e63\u016bl al-Bazdaw\u012b <\/i>(Vol.4). Beirut: D\u0101r al-Kit\u0101b al-\u2018Arab\u012b.<span class=\"Apple-converted-space\">\u00a0<\/span><\/p>\n<p>al-Bukh\u0101r\u012b, Abd al-Aziz. (1974). <i>Kashf al-Asr\u0101r can Us\u016bl al-Bazdaw\u012b <\/i>(Vol.4). Beirut: D\u0101r al-Kit\u0101b al-cArab\u012b.<span class=\"Apple-converted-space\">\u00a0<\/span><\/p>\n<p>al-Bukh\u0101r\u012b, Abu Abdullah Mu\u1e25ammad ibn Ism\u0101c\u012bl. (1989). <i>\u1e62a\u1e25\u012b\u1e25 al-Bukh\u0101ri<\/i>. Beirut: D\u0101r al-Fikr.<span class=\"Apple-converted-space\">\u00a0<\/span><\/p>\n<p>al-Bukh\u0101r\u012b, Ab\u016b cAbdullah Mu\u1e25ammad Ibn Ism\u0101c\u012bl. (1989). <i>\u1e62a\u1e25\u012b\u1e25<\/i>, Kitab al-Maw\u0101q\u012bt (Vol. 2). n.p.: D\u0101r al-Fikr.<span class=\"Apple-converted-space\">\u00a0<\/span><\/p>\n<p>al-Bukh\u0101r\u012b, \u1e62a\u1e25\u012b\u1e25. <i>Kit\u0101b al-<\/i><i>c<\/i><i>itq <\/i>(49) (Vol. 5). No. 2528.<span class=\"Apple-converted-space\">\u00a0<\/span><\/p>\n<p>al-Bukh\u0101r\u012b. <i>\u1e62a\u1e25\u012b\u1e25 al-Bukh\u0101r\u012b<\/i>. Kit\u0101b al-buy\u016b \u0368. B\u0101b m\u0101 yukrahu min al-khid\u0101 \u0368 f\u012b al-bai \u0368. No. 2117.<\/p>\n<p>Atiyah, P. S. (1989). <i>An Introduction to the Law of Contract<\/i>. Ed. ke-4. Oxford: Clarendon Press.<span class=\"Apple-converted-space\">\u00a0<\/span><\/p>\n<p>Al-Fayr\u016bz\u0101b\u0101d\u012b, Muhammad Ibn Yacq\u016bb. (1987). <i>al-Q\u0101m\u016bs al-Muh\u012b\u1e6d <\/i>(3rd Ed.). Beirut: Muasasat al-Ris\u0101lah.<span class=\"Apple-converted-space\">\u00a0<\/span><\/p>\n<p>al-Khamis, cAbd al-Ra\u1e25m\u0101n cAbdullah. (2013). <i>al-Mukh\u0101\u1e6dah f\u012b al-Mucamal\u0101t al-M\u0101liah al-Muca\u1e63arah<\/i>. Riyad: D\u0101r Kun\u016bz Ishbili\u0101.<span class=\"Apple-converted-space\">\u00a0<\/span><\/p>\n<p>al-Marghinani, cAli bin Abu Bakr. (n.d.). <i>al-Hidayah <\/i>(Vol. 6). n.p.: n.p.<span class=\"Apple-converted-space\">\u00a0<\/span><\/p>\n<p>al-Nasa\u2019\u012b, Abu cAbd al-Rahm\u0101n A\u1e25mad ibn Shucayb ibn cAl\u012b ibn Ba\u1e25r ibn Sin\u0101n ibn Din\u0101r. 1930. <i>Sunan al-Nas\u0101\u2019i<\/i>. Beirut: D\u0101r al-Fikr.<span class=\"Apple-converted-space\">\u00a0<\/span><\/p>\n<p>al-Nasa\u2019\u012b, Sunan. (n.d.). <i>Kitab al-\u1e6calaq <\/i>(Vol. 6). n.p: n.p.<span class=\"Apple-converted-space\">\u00a0<\/span><\/p>\n<p>al-Qaradawi, Yusof. (2003). <i>The Lawful and the Prohibited in Islam<\/i>. London: al-Birr Foundation.<span class=\"Apple-converted-space\">\u00a0<\/span><\/p>\n<p>al-Qarahd\u0101gh\u012b, Ali Ma\u1e25y al-D\u012bn. (1985). <i>Mabd\u0101\u2019 al-Ri\u1e0d\u0101 f\u012b al-Uq\u016bd <\/i>(Vol. 1). Beirut: D\u0101r al-Bash\u0101\u2019ir al-Isl\u0101miyyah.<span class=\"Apple-converted-space\">\u00a0<\/span><\/p>\n<p>al-Qurrahdagh\u012b<i>, <\/i>Ali Muhyiyuddin Ali. (2008). <i>Mabda\u2019 al-Ri\u1e0d\u0101 f\u012b al-Uq\u016bd, Dir\u0101sah Muq\u0101ranah f\u012b al-Fiqh al-Isl\u0101m\u012b wa al-Qan\u016bn al-Madan\u012b. <\/i>Beirut: D\u0101r al-Bash\u0101\u2019ir al-Isl\u0101miyyah.<span class=\"Apple-converted-space\">\u00a0<\/span><\/p>\n<p><i>Al-Quran. <\/i>Tafsir Pimpinan Al-Quran kepada Pengertian Al-Quran (8th Ed.). (1987). Kuala Lumpur: Bahagian Hal Ehwal Islam, Jabatan Perdana Menteri.<span class=\"Apple-converted-space\">\u00a0<\/span><\/p>\n<p>al-Sharb\u012bn\u012b, Mu\u1e25ammad al-Kha\u1e6d\u012bb. (1978). <i>Mughn\u012b al-Mu\u1e25t\u0101j il\u0101 Ma<\/i><i>c<\/i><i>rifat Ma<\/i><i>c<\/i><i>\u0101n\u012b Alf\u0101z al-Minhaj <\/i>(Vol. 2). Beirut: D\u0101r al-Fikr.<span class=\"Apple-converted-space\">\u00a0<\/span><\/p>\n<p>al-Sh\u0101\u1e6d\u012bb\u012b, Ibrah\u012bm Ibn M\u016bs\u0101 al-Lakhm\u012b. (n.d.). <i>al-Muw\u0101faq\u0101t f\u012b Us\u016bl al-Shari<\/i><i>c<\/i><i>iah <\/i>(Vol. 1). al-Maktabah al-Tij\u0101riyyah. Mesir: al-Kubr\u0101.<span class=\"Apple-converted-space\">\u00a0<\/span><\/p>\n<p>al-S\u016bdah, cAbd al-Munc\u0113m Farj. (1974). <i>Na\u1e93ariyyat al-<\/i><i>c<\/i><i>Aqd F\u012b Qaw\u0101n\u012bn al-Bil\u0101d al-<\/i><i>c<\/i><i>Arabiyyah<\/i>. Beirut: Dar al-Nahdah al-Arabiyyah.<span class=\"Apple-converted-space\">\u00a0<\/span><\/p>\n<p>al-Tirmidhi. <i>Sunan al-Tirmidhi<\/i>. Kit\u0101b al-buy\u016bc, B\u0101b m\u0101 j\u0101a f\u012b kir\u0101hati baic al-gharar. No. 1230.<span class=\"Apple-converted-space\">\u00a0<\/span><\/p>\n<p>al-Tirmidhi. <i>Sunan al-Tirmidhi<\/i>. Kit\u0101b al-buy\u016bc. B\u0101b m\u0101 j\u0101a f\u012b kir\u0101hati al-ghash f\u012b al-buy\u016bc. No. 1315.<span class=\"Apple-converted-space\">\u00a0<\/span><\/p>\n<p>al-Zarkashi, Muhammad Ibn Bahadir. (1982). <i>al-Manth\u016br f\u012b al-Qaw\u0101<\/i><i>c<\/i><i>id<\/i>. Kuwait: Wiz\u0101r\u0101t al-Auq\u0101f wa al-Shu\u2019\u016bn al-Isl\u0101miyyah.<span class=\"Apple-converted-space\">\u00a0<\/span><\/p>\n<p>al-Zarq\u0101\u2019, Mus\u1e6daf\u0101 A\u1e25mad. (1967). <i>al-Madkhal al-Fiqh\u012b al- \u0368\u0100m <\/i>(Vol. 1). Damsyik: Matabi Alif Ba-al-Adib.<span class=\"Apple-converted-space\">\u00a0<\/span><\/p>\n<p>al-Zarq\u0101\u2019, Mu\u1e63\u1e6daf\u0101 A\u1e25mad. (1968). <i>al-Madkhal al-Fiqh\u012b al-<\/i><i>c<\/i><i>\u0101m<\/i>. Damshiq: Mat\u0101bic Al\u012bf B\u0101\u2019-al-Ad\u012bb.<span class=\"Apple-converted-space\">\u00a0<\/span><\/p>\n<p>al-Zuhail\u012b<i>. <\/i>(1995). <i>Fiqh dan Perundangan Islam<\/i>. Kuala Lumpur: Dewan Bahasa dan Pustaka.<span class=\"Apple-converted-space\">\u00a0<\/span><\/p>\n<p>Am\u012br Badsh\u0101h &amp; Mu\u1e25ammad Am\u012bn Al-Husayn\u012b. (1931). <i>Tays\u012br al-Ta\u1e25r\u012br <\/i>(Vol. 2). K\u0101herah: Mu\u1e63\u1e6daf\u0101 al-B\u0101b\u012b al-\u1e24alab\u012b wa Aul\u0101duh.<span class=\"Apple-converted-space\">\u00a0<\/span><\/p>\n<p>Badr\u0101n, Abu al-Ain\u012b Badr\u0101n. (1973). <i>al-Shar\u012b<\/i><i>c<\/i><i>ah al-Isl\u0101miyyah<\/i>. Iskandariyah: Maktabah Mink\u0101f.<\/p>\n<p>cAbd al-B\u0101q\u012b, cAbd al-Fat\u0101\u1e25. (1984). <i>Na\u1e93ariyyah al-<\/i><i>c<\/i><i>Aqd wa al-Ir\u0101dat al-Munfaridat Dir\u0101sah Mua<\/i><i>c<\/i><i>ammaqah wa muq\u0101ranah bi al fiqh al-Isl\u0101m\u012b<\/i>. Mesir: Matba\u2019at Nah\u1e0dah.<span class=\"Apple-converted-space\">\u00a0<\/span><\/p>\n<p>cAl\u012b al-Khaf\u012bf. (1996). <i>A\u1e25k\u0101m al-Mua<\/i><i>c<\/i><i>\u0101mal\u0101t al-Shar<\/i><i>c<\/i><i>iyyah<\/i>. Kaherah: D\u0101r al-Fikr al-cArabi.<span class=\"Apple-converted-space\">\u00a0<\/span><\/p>\n<p>Chris T. (2004). <i>Unlocking Contract Law<\/i>. London: Hodder &amp; Stoughton.<span class=\"Apple-converted-space\">\u00a0<\/span><\/p>\n<p>Ebrahim, M. &amp; Rahman, S. (2005). On the pareto-optimality of futures contracts over Islamic forward contracts: implications for the emerging Muslim economies\u2019. <i>Journal of Economic Behavior &amp; Organization <\/i>56: 274.<span class=\"Apple-converted-space\">\u00a0<\/span><\/p>\n<p>Faraj, cAbd al-Razak \u1e24assan. (1969). <i>Na\u1e93ariyyah al-<\/i><i>c<\/i><i>Aqd al-Mauq\u016bf f\u012b al-Fiqh al-Isl\u0101m\u012b<\/i>. Kaherah: D\u0101r al-Nah\u1e0dah al-cArabiyyah.<span class=\"Apple-converted-space\">\u00a0<\/span><\/p>\n<p>Faruqi, H. (2005). <i>Faruqi\u2019s Law Dictionary<\/i>, English-Arabic Dictionary (5th Ed.). Beirut: Librairie DU Liban.<span class=\"Apple-converted-space\">\u00a0<\/span><\/p>\n<p>Ibn cArab\u012b, Ab\u016b Bakar Mu\u1e25ammad Ibn cAbdullah. (1967). <i>A\u1e25k\u0101m al-Qur\u2019\u0101n <\/i>(Vol. 2). Mesir: Ma\u1e6dbacah cIs\u0101 al-B\u0101b\u012b al-\u1e24alab\u012b wa Shurak\u0101h.<span class=\"Apple-converted-space\">\u00a0<\/span><\/p>\n<p>Ibn-Nujaym, Zayn al-cAbid\u012bn ibn Ibrah\u012bm. (n.d.). <i>al-Ashbah Wa al-Na\u1e93\u0101\u2019ir <\/i><i>c<\/i><i>Al\u0101 Madhhab Ab\u012b \u1e24anifah<\/i>. Beirut: D\u0101r al-Kut\u016bb al-clmiyyah.<span class=\"Apple-converted-space\">\u00a0<\/span><\/p>\n<p>Ismat Abdul Majid Bakr. (2009). <i>Na\u1e93ariyat al-<\/i><i>c<\/i><i>Aqd f\u012b al-Fiqh al-Isl\u0101m\u012b Dir\u0101sat Muq\u0101ranat Maca al-Fiqh al-Q\u0101n\u016bni Wal Qaw\u0101n\u012bn al-Mu\u2019a\u1e63arah<\/i>. Lebanon: D\u0101r al-Kut\u016bb al-clmiyyah.<span class=\"Apple-converted-space\">\u00a0<\/span><\/p>\n<p>Mace Abdullah. (2013). <i>Fraud and Deceit: Comparative Law Issues Islamic Law of Contracts<\/i>. PhD Program Term Paper Semester January 2013. Kuala Lumpur: International Centre for Education in Islamic Finance (INCEIF).<span class=\"Apple-converted-space\">\u00a0<\/span><\/p>\n<p>Madk\u016br, Mu\u1e25ammad Sal\u0101m. (1963). <i>al-Madkhal li al-Fiqh al-Isl\u0101m\u012b<\/i>. Mesir: D\u0101r al-Nah\u1e0dat al-cArabiyyah.<span class=\"Apple-converted-space\">\u00a0<\/span><\/p>\n<p>Md. Akhir Yaacob. (2002). <i>al-A\u1e25k\u0101m al- \u0368Adliyah Undang-undang Sivil Islam (trans.)<\/i>. Kuala Lumpur: Dewan Bahasa dan Pustaka.<span class=\"Apple-converted-space\">\u00a0<\/span><\/p>\n<p>Mindy Chen-Wishart. (2015). <i>Contract Law<\/i>, Ed. Ke-5. Oxford: Oxford University Press.<span class=\"Apple-converted-space\">\u00a0<\/span><\/p>\n<p>Mohd Ma\u2019sum Billah. (2006). <i>Shar\u2019iah Standard of Business Contract<\/i>. Kuala Lumpur: A.S. Noordeen.<span class=\"Apple-converted-space\">\u00a0<\/span><\/p>\n<p>Nehad. A &amp; A. Khanfar. (2016). A critical analysis of the concept of gharar in Islamic financial contracts: different perspective. <i>Journal of Economic Cooperation and Development<\/i>, 37(1): 1\u201324, 5.<span class=\"Apple-converted-space\">\u00a0<\/span><\/p>\n<p>P.S. Atiyah &amp; S.A. Smith. (1995). <i>Atiyah\u2019s Introduction to the Law of Contract<\/i>, Ed. Ke-6. Oxford: Oxford University Press.<span class=\"Apple-converted-space\">\u00a0<\/span><\/p>\n<p>S.E. Rayner. (1991). <i>The Theory of Contracts in Islamic Law A Comparative Analysis with Particular Reference to the Modern Legislation in Kuwait<\/i>. London: Bahrain and the United Arab Emirates, Graham &amp; Trotman.<span class=\"Apple-converted-space\">\u00a0<\/span><\/p>\n<p>Sa\u2019odah Ahmad (1995). A comparative study of English, Malaysian and Islamic law of contract. International Islamic University Malaysia.<span class=\"Apple-converted-space\">\u00a0<\/span><\/p>\n<p>Shalab\u012b, Mu\u1e25ammad Mus\u1e6daf\u0101. (1983). <i>al-Madkhal f\u012b al-Ta<\/i><i>c<\/i><i>r\u012bf bi al-Fiqh al-Isl\u0101m\u012b wa al-Qaw\u0101<\/i><i>c<\/i><i>id al-Milkiyyah wa al-<\/i><i>c<\/i><i>Uq\u016bd f\u012bh<\/i>. Beirut: D\u0101r al-Nah\u1e0dah al-cArabiyyah.<span class=\"Apple-converted-space\">\u00a0<\/span><\/p>\n<p>Stephen G. (2015). <i>An Introduction to the Law of Contract<\/i>. Ed. ke-8. New South Wales: Thomson Reuters (Professional) Australia Limited.<span class=\"Apple-converted-space\">\u00a0<\/span><\/p>\n<p>[\/et_pb_tab][\/et_pb_tabs][\/et_pb_column_inner][\/et_pb_row_inner][\/et_pb_column][\/et_pb_section]<\/p>\n","protected":false},"excerpt":{"rendered":"<p>15 JUNE 2021Mapping The Common Law Concept of Misrepresentation in Contract Under The Islamic LawNorhoneydayatie Abdul Manap, norhoney@ukm.edu.myResearch Centre for Sharia, Faculty of Islamic Studies, Universiti Kebangsaan Malaysia.Nik Abdul Rahim Nik Abdul Ghani, nikrahim@ukm.edu.myResearch Centre for Sharia, Faculty of Islamic Studies, Universiti Kebangsaan Malaysia.Amirah Madihah Adnan, madiehaadnan@gmail.comPostgraduate Student, Research Centre for Sharia, Faculty of Islamic [&hellip;]<\/p>\n","protected":false},"author":1,"featured_media":0,"parent":0,"menu_order":0,"comment_status":"closed","ping_status":"closed","template":"","meta":{"_et_pb_use_builder":"on","_et_pb_old_content":"","_et_gb_content_width":"","footnotes":""},"class_list":["post-2371","page","type-page","status-publish","hentry"],"_links":{"self":[{"href":"https:\/\/www.ukm.my\/jcil\/wp-json\/wp\/v2\/pages\/2371","targetHints":{"allow":["GET"]}}],"collection":[{"href":"https:\/\/www.ukm.my\/jcil\/wp-json\/wp\/v2\/pages"}],"about":[{"href":"https:\/\/www.ukm.my\/jcil\/wp-json\/wp\/v2\/types\/page"}],"author":[{"embeddable":true,"href":"https:\/\/www.ukm.my\/jcil\/wp-json\/wp\/v2\/users\/1"}],"replies":[{"embeddable":true,"href":"https:\/\/www.ukm.my\/jcil\/wp-json\/wp\/v2\/comments?post=2371"}],"version-history":[{"count":8,"href":"https:\/\/www.ukm.my\/jcil\/wp-json\/wp\/v2\/pages\/2371\/revisions"}],"predecessor-version":[{"id":2413,"href":"https:\/\/www.ukm.my\/jcil\/wp-json\/wp\/v2\/pages\/2371\/revisions\/2413"}],"wp:attachment":[{"href":"https:\/\/www.ukm.my\/jcil\/wp-json\/wp\/v2\/media?parent=2371"}],"curies":[{"name":"wp","href":"https:\/\/api.w.org\/{rel}","templated":true}]}}