{"id":2389,"date":"2021-06-15T11:32:36","date_gmt":"2021-06-15T11:32:36","guid":{"rendered":"http:\/\/www.ukm.my\/jcil\/?page_id=2389"},"modified":"2021-06-15T11:32:39","modified_gmt":"2021-06-15T11:32:39","slug":"jcil-2021-61-article-4-2","status":"publish","type":"page","link":"https:\/\/www.ukm.my\/jcil\/jcil-2021-61-article-4-2\/","title":{"rendered":"JCIL 2021 6(1) Article 4"},"content":{"rendered":"<p>[et_pb_section fb_built=&#8221;1&#8243; fullwidth=&#8221;on&#8221; _builder_version=&#8221;3.22.3&#8243; background_color=&#8221;#0c71c3&#8243; custom_padding=&#8221;0px|0px|0px|0px&#8221;][et_pb_fullwidth_header title=&#8221;Journal of Contemporary Islamic Law&#8221; subhead=&#8221;No eISSN: 0127-788X&#8221; title_font_color=&#8221;#ffffff&#8221; subhead_font_color=&#8221;#ffffff&#8221; _builder_version=&#8221;3.19&#8243; title_font=&#8221;|on|||&#8221; title_text_color=&#8221;#ffffff&#8221; title_font_size=&#8221;40px&#8221; content_font_size=&#8221;10px&#8221; subhead_text_color=&#8221;#ffffff&#8221; subhead_font_size=&#8221;20px&#8221; background_color=&#8221;#0c71c3&#8243; parallax=&#8221;on&#8221; parallax_method=&#8221;on&#8221; custom_margin=&#8221;-30px||-30px&#8221; button_one_letter_spacing_hover=&#8221;0&#8243; button_two_letter_spacing_hover=&#8221;0&#8243; saved_tabs=&#8221;all&#8221; button_one_text_size__hover_enabled=&#8221;off&#8221; button_two_text_size__hover_enabled=&#8221;off&#8221; button_one_text_color__hover_enabled=&#8221;off&#8221; button_two_text_color__hover_enabled=&#8221;off&#8221; button_one_border_width__hover_enabled=&#8221;off&#8221; button_two_border_width__hover_enabled=&#8221;off&#8221; button_one_border_color__hover_enabled=&#8221;off&#8221; button_two_border_color__hover_enabled=&#8221;off&#8221; button_one_border_radius__hover_enabled=&#8221;off&#8221; button_two_border_radius__hover_enabled=&#8221;off&#8221; button_one_letter_spacing__hover_enabled=&#8221;on&#8221; button_one_letter_spacing__hover=&#8221;0&#8243; button_two_letter_spacing__hover_enabled=&#8221;on&#8221; button_two_letter_spacing__hover=&#8221;0&#8243; button_one_bg_color__hover_enabled=&#8221;off&#8221; button_two_bg_color__hover_enabled=&#8221;off&#8221;][\/et_pb_fullwidth_header][\/et_pb_section][et_pb_section fb_built=&#8221;1&#8243; specialty=&#8221;on&#8221; _builder_version=&#8221;3.22.3&#8243;][et_pb_column type=&#8221;1_3&#8243; _builder_version=&#8221;3.25&#8243; custom_padding=&#8221;|||&#8221; parallax__hover=&#8221;off&#8221; parallax_method__hover=&#8221;on&#8221; custom_padding__hover=&#8221;|||&#8221;][et_pb_blurb title=&#8221;2021 6(1)&#8221; url=&#8221;https:\/\/www.ukm.my\/jcil\/jcil-2017-2-2\/&#8221; use_icon=&#8221;on&#8221; font_icon=&#8221;%%40%%&#8221; icon_color=&#8221;#0c71c3&#8243; use_circle=&#8221;on&#8221; circle_color=&#8221;#ffffff&#8221; use_circle_border=&#8221;on&#8221; circle_border_color=&#8221;#0c71c3&#8243; icon_placement=&#8221;left&#8221; _builder_version=&#8221;4.9.6&#8243; header_text_color=&#8221;#0c71c3&#8243; background_size=&#8221;initial&#8221; background_position=&#8221;top_left&#8221; background_repeat=&#8221;repeat&#8221; text_orientation=&#8221;center&#8221; max_width_tablet=&#8221;50px&#8221;]<\/p>\n<p>15 JUNE 2021<\/p>\n<p>[\/et_pb_blurb][et_pb_image src=&#8221;https:\/\/www.ukm.my\/jcil\/wp-content\/uploads\/2021\/06\/Cover-JCIL-2021-61.png&#8221; title_text=&#8221;Cover JCIL 2021 6(1)&#8221; align_tablet=&#8221;center&#8221; align_phone=&#8221;&#8221; align_last_edited=&#8221;on|desktop&#8221; _builder_version=&#8221;4.9.6&#8243; animation_style=&#8221;slide&#8221; animation_direction=&#8221;left&#8221; animation_duration=&#8221;500ms&#8221; animation_intensity_slide=&#8221;10%&#8221;][\/et_pb_image][\/et_pb_column][et_pb_column type=&#8221;2_3&#8243; specialty_columns=&#8221;2&#8243; _builder_version=&#8221;3.25&#8243; custom_padding=&#8221;|||&#8221; parallax__hover=&#8221;off&#8221; parallax_method__hover=&#8221;on&#8221; custom_padding__hover=&#8221;|||&#8221;][et_pb_row_inner admin_label=&#8221;Row&#8221; _builder_version=&#8221;3.25&#8243;][et_pb_column_inner saved_specialty_column_type=&#8221;2_3&#8243; _builder_version=&#8221;3.25&#8243; custom_padding=&#8221;|||&#8221; parallax__hover=&#8221;off&#8221; parallax_method__hover=&#8221;on&#8221; custom_padding__hover=&#8221;|||&#8221;][et_pb_text admin_label=&#8221;Tajuk&#8221; _builder_version=&#8221;4.9.6&#8243; background_size=&#8221;initial&#8221; background_position=&#8221;top_left&#8221; background_repeat=&#8221;repeat&#8221; module_alignment=&#8221;left&#8221;]<\/p>\n<h3 style=\"text-align: justify;\"><span style=\"color: #000000;\"><b>Saman Penghutang Penghakiman: Keperluan Perintah Nafkah atau Perintah Tunggakan Nafkah<\/b><\/span><\/h3>\n<h3 style=\"text-align: justify;\">Judgment Debtor Summons: Requirement for Maintenance Order or Recovery of Arrears of maintenance Order<\/h3>\n<p>[\/et_pb_text][et_pb_text admin_label=&#8221;Penulis&#8221; _builder_version=&#8221;4.9.6&#8243; background_size=&#8221;initial&#8221; background_position=&#8221;top_left&#8221; background_repeat=&#8221;repeat&#8221; module_alignment=&#8221;left&#8221;]<\/p>\n<p style=\"text-align: justify;\"><strong>Mohd Hazwan Ismail, <\/strong><span style=\"color: #565656;\"><em>hazwanismail@student.usm.my<\/em><\/span><em><br \/><\/em><span style=\"font-size: 14px;\">Pusat Pengajian Ilmu Kemanusiaan, Universiti Sains Malaysia.<\/span><br \/><strong style=\"font-size: 14px;\">Jasni Sulong, <\/strong><span style=\"font-size: 14px; color: #0c0c0c;\"><em><span style=\"color: #565656;\">jasnisulong@usm.my<br \/><\/span><\/em><span style=\"color: #565656;\"><span style=\"font-size: 14px;\">Pusat Pengajian Ilmu Kemanusiaan, Universiti Sains Malaysia.<\/span><\/span><\/span><span style=\"font-size: 14px;\"><br \/><\/span>Received: 05 May 2021 | Accepted: 03 June 2021 | Published: 15 June 2021<\/p>\n<p>[\/et_pb_text][et_pb_text admin_label=&#8221;Volume &#038; PDF&#8221; _builder_version=&#8221;4.9.6&#8243; background_size=&#8221;initial&#8221; background_position=&#8221;top_left&#8221; background_repeat=&#8221;repeat&#8221; module_alignment=&#8221;left&#8221;]<\/p>\n<p><span style=\"font-size: 14px;\">2021, Vol. 6(1), pp. 29-38. \u00a0| \u00a0<\/span><a href=\"https:\/\/www.ukm.my\/jcil\/wp-content\/uploads\/2021\/06\/JCIL-2021-61-Article-4.pdf\">PDF<\/a><a href=\"https:\/\/www.ukm.my\/jcil\/wp-content\/uploads\/2018\/06\/JCIL-2018-31-Article-2.pdf\"><br \/><\/a><\/p>\n<p>[\/et_pb_text][et_pb_tabs admin_label=&#8221;Abstract &#038; References&#8221; _builder_version=&#8221;4.9.6&#8243; body_text_align=&#8221;justify&#8221; background_size=&#8221;initial&#8221; background_position=&#8221;top_left&#8221; background_repeat=&#8221;repeat&#8221;][et_pb_tab title=&#8221;ABSTRAK&#8221; _builder_version=&#8221;4.9.6&#8243; body_font=&#8221;||||&#8221; body_text_align=&#8221;justify&#8221; body_line_height=&#8221;2em&#8221; tab_font=&#8221;||||&#8221; tab_line_height=&#8221;2em&#8221; background_size=&#8221;initial&#8221; background_position=&#8221;top_left&#8221; background_repeat=&#8221;repeat&#8221; body_line_height_tablet=&#8221;2em&#8221; body_line_height_phone=&#8221;2em&#8221; tab_line_height_tablet=&#8221;2em&#8221; tab_line_height_phone=&#8221;2em&#8221;]<\/p>\n<p>Saman penghutang penghakiman (SPP) adalah penguatkuasaan dan pelaksanaan perintah dalam Akta\/Enakmen Tatacara Mal Mahkamah Syariah di negeri-negeri di Malaysia. Saman penghutang penghakiman dibincangkan dalam peruntukan khas di Bab 4 Akta\/Enakmen tersebut dan ia adalah pelaksanaan perintah yang berkait dengan kewangan sahaja. Permasalahan berlaku apabila berlaku dua keputusan mahkamah yang berbeza berhubung permohonan saman penghutang penghakiman, yang meminta pemohon mendapatkan perintah tunggakan nafkah terlebih dahulu, dan terdapat kes yang membenarkan permohonan saman penghutang penghakiman apabila berlaku sahaja tunggakan daripada perintah nafkah sebelumnya. Isu yang timbul di sini ialah manakah daripada kedua keputusan tersebut yang lebih tepat dan adil kepada pihak-pihak yang bertikai? Kajian ini adalah berbentuk kajian kualitatif yang dilakukan secara kajian dokumentasi dan pemerhatian, iaitu kajian akan meneliti dokumen-dokumen yang terdiri daripada statut, Arahan Amalan dan kes-kes yang telah diputuskan. Dapatan kajian mendapati bahawa penuntut boleh memohon saman penghutang penghakiman tanpa perlu mendapatkan perintah tunggakan nafkah. Taksiran tunggakan nafkah boleh diperolehi melalui Pendaftar Mahkamah dengan mengemukakan dokumen yang mencukupi. Penuntut perlu mengemukakan keterangan serta dokumen yang kukuh bagi mendapatkan taksiran nafkah sebelum SPP dikeluarkan. Prosedur ini akan dapat melaksanakan hak pemiutang penghakiman dengan segera tanpa perlu proses perbicaraan yang memakan masa untuk mendapat perintah tunggakan nafkah.<\/p>\n<p>Kata Kunci: saman penghutang penghakiman, perintah tunggakan nafkah, perundangan, mahkamah syariah.<\/p>\n<p>[\/et_pb_tab][et_pb_tab title=&#8221;ABSTRACT&#8221; _builder_version=&#8221;4.9.6&#8243; body_font=&#8221;||||&#8221; body_text_align=&#8221;justify&#8221; body_line_height=&#8221;2em&#8221; tab_font=&#8221;||||&#8221; tab_line_height=&#8221;2em&#8221; background_size=&#8221;initial&#8221; background_position=&#8221;top_left&#8221; background_repeat=&#8221;repeat&#8221; body_line_height_tablet=&#8221;2em&#8221; body_line_height_phone=&#8221;2em&#8221; tab_line_height_tablet=&#8221;2em&#8221; tab_line_height_phone=&#8221;2em&#8221;]<\/p>\n<p><span class=\"Apple-converted-space\">\u00a0<\/span>Judgment Debtor Summons (SPP) enforces and executes the Syariah Court Civil Procedure Act\/Enactment orders in all states in Malaysia. Judgment Debtor Summons is discussed in Chapter 4 under the said Act\/Enactment, and the judgment only involves the monetary charges only. The problem occurs when there is a different judgment on debtor summons by the shariah courts, asking the applicant to obtain a maintenance arrears order before the application. While in the other case, a court accepted and was satisfied with the previous maintenance order. The issue raised here is which of the two decisions is more accurate and fair to the disputing party? This study is a qualitative study conducted by documentation and observation methods. The study will examine documents that involve statutes, instructional practice as well as decided cases. The study&#8217;s findings found that the plaintiff can apply for a judgment debtor summons without the order for maintenance arrears. The plaintiff can obtain the assessment of arrears of maintenance through the Registrar of the Court by submitting sufficient documents. The plaintiff needs to present evidence and vital records to receive a court assessment before the SPP is issued. The procedure can provide the creditor\u2019s right to judgment immediately without wasting time for the trial process to<span class=\"Apple-converted-space\">\u00a0 <\/span>recover arrears maintenance.<\/p>\n<p>Keyword: judgment debtor summons, recovery of arrears of maintenance order, law, Shariah court.<\/p>\n<p>[\/et_pb_tab][et_pb_tab title=&#8221;REFERENCES&#8221; _builder_version=&#8221;4.9.6&#8243; body_font=&#8221;||||&#8221; body_line_height=&#8221;2em&#8221; tab_font=&#8221;||||&#8221; tab_line_height=&#8221;2em&#8221; body_line_height_tablet=&#8221;2em&#8221; body_line_height_phone=&#8221;2em&#8221; tab_line_height_tablet=&#8221;2em&#8221; tab_line_height_phone=&#8221;2em&#8221;]<\/p>\n<p>Abdul Sany Faizal bin Abdul Rahman lwn Zulraini binti Zulkifli (2009) No. Kes Mal: 14000-037-0001-2009 Mahkamah Rayuan Syariah Wilayah Persekutuan Kuala Lumpur.<\/p>\n<p>Abdul Walid Abu Hassan. (2016). Hak-hak Wanita Menurut Undang-undang Keluarga Islam di Malaysia. Selangor: Universiti Islam Malaysia.<\/p>\n<p>Aidorra binti Ibrahim lwn Azman bin Abdul Jalil (2008) (2008) 2 SHLR 140<\/p>\n<p>Akta 303, Akta Undang-Undang Keluarga Islam (Wilayah-Wilayah Persekutuan) 1984<\/p>\n<p>Akta 585, Akta Tatacara Mal Mahkamah Syariah (Wilayah-Wilayah Persekutuan) 1998<\/p>\n<p>Al-Sarakhsi, Abi Bakr Muhammad ibn Ahmad ibn Abi Sahal. (2001). Al-Mabsut. Beirut: Dal al-Kutub al-Ilmiyyah.<\/p>\n<p>Azlinda Wahab lwn. Fazley Zulfikar Ismail (2018) (2018) 3 LNS 9<\/p>\n<p>Enakmen No. 11, Enakmen Undang-undang Keluarga Islam (Negeri Sembilan) 2003.<\/p>\n<p>Maslinda Abdul Rahman lwn Mohd Alias Jab (2018) (2018) 3 LNS 11<\/p>\n<p>Mohd Yusoff bin Ali lwn Zaharah binti Ayob (2019) No. Kes Mal: 07000-037-0005-2019 Mahkamah Rayuan Syariah Pulau Pinang. (2008) 2 SHLR 140<\/p>\n<p>Muhammad Sal\u0101m Madk\u016br. (1963). Al-Madkhal li al-Fiqh al-Isl\u0101m. Me\u1e63ir: Matba\u2019ah D\u0101r al- Nah\u1e0dah al-\u2018Arab\u012byyah.<\/p>\n<p>Muhammad Soleh bin Ahmad. (1998). Al-Qawa\u2019id al-Fiqhiyyah. Kuala Lumpur: Pustaka Haji Abdul Majid.<\/p>\n<p>Nurasikin binti Othman lwn Mohd Hafiz bin Ahmad (2017)\u2019 No. Kes Mal: 07003-023-0085-2017 Mahkamah Rendah Syariah Seberang Perai Tengah, Pulau Pinang.<\/p>\n<p>Nor Azmin bin Tajul Arifin lwn Reni Elvira binti Nasrul (2015). No. Kes Mal: 14000-003-0035-2015 Mahkamah Rayuan Syariah Wilayah Persekutuan Kuala Lumpur.<\/p>\n<p>Noraini Taha lwn Rizal Sazali Omar (2008) (2008) 25 (2) JH 265<\/p>\n<p>Pendakwa Syarie lwn Fahyu Hanim, Noni Mohamad &amp; Sharina Shaari (2000) 8 JS 137<\/p>\n<p>Rokiah binti Hussein lwn Zulkifli bin Husin (2019). No. Kes Mal: 07004-037-0420-2019 Mahkamah Rendah Syariah Daerah Barat Daya di Negeri Pulau Pinang.<\/p>\n<p>Suriati binti Othman lwn Abdul Ghani bin Yusuf (2016) No. Kes Mal: 07003-023-0781-2016 Mahkamah Rendah Syariah Seberang Perai Tengah, Pulau Pinang.<\/p>\n<p>Zaharah binti Ayob lwn Mohd Yusooff bin Ali (2018). No. Kes Mal: 07200-037-0202-2018 Mahkamah Tinggi Syariah Pulau Pinang.<\/p>\n<p>[\/et_pb_tab][\/et_pb_tabs][\/et_pb_column_inner][\/et_pb_row_inner][\/et_pb_column][\/et_pb_section]<\/p>\n","protected":false},"excerpt":{"rendered":"<p>15 JUNE 2021Saman Penghutang Penghakiman: Keperluan Perintah Nafkah atau Perintah Tunggakan Nafkah Judgment Debtor Summons: Requirement for Maintenance Order or Recovery of Arrears of maintenance OrderMohd Hazwan Ismail, hazwanismail@student.usm.myPusat Pengajian Ilmu Kemanusiaan, Universiti Sains Malaysia.Jasni Sulong, jasnisulong@usm.myPusat Pengajian Ilmu Kemanusiaan, Universiti Sains Malaysia.Received: 05 May 2021 | Accepted: 03 June 2021 | Published: 15 June [&hellip;]<\/p>\n","protected":false},"author":1,"featured_media":0,"parent":0,"menu_order":0,"comment_status":"closed","ping_status":"closed","template":"","meta":{"_et_pb_use_builder":"on","_et_pb_old_content":"","_et_gb_content_width":"","footnotes":""},"class_list":["post-2389","page","type-page","status-publish","hentry"],"_links":{"self":[{"href":"https:\/\/www.ukm.my\/jcil\/wp-json\/wp\/v2\/pages\/2389","targetHints":{"allow":["GET"]}}],"collection":[{"href":"https:\/\/www.ukm.my\/jcil\/wp-json\/wp\/v2\/pages"}],"about":[{"href":"https:\/\/www.ukm.my\/jcil\/wp-json\/wp\/v2\/types\/page"}],"author":[{"embeddable":true,"href":"https:\/\/www.ukm.my\/jcil\/wp-json\/wp\/v2\/users\/1"}],"replies":[{"embeddable":true,"href":"https:\/\/www.ukm.my\/jcil\/wp-json\/wp\/v2\/comments?post=2389"}],"version-history":[{"count":3,"href":"https:\/\/www.ukm.my\/jcil\/wp-json\/wp\/v2\/pages\/2389\/revisions"}],"predecessor-version":[{"id":2393,"href":"https:\/\/www.ukm.my\/jcil\/wp-json\/wp\/v2\/pages\/2389\/revisions\/2393"}],"wp:attachment":[{"href":"https:\/\/www.ukm.my\/jcil\/wp-json\/wp\/v2\/media?parent=2389"}],"curies":[{"name":"wp","href":"https:\/\/api.w.org\/{rel}","templated":true}]}}