{"id":2540,"date":"2021-12-14T15:44:47","date_gmt":"2021-12-14T15:44:47","guid":{"rendered":"http:\/\/www.ukm.my\/jcil\/?page_id=2540"},"modified":"2021-12-20T06:55:27","modified_gmt":"2021-12-20T06:55:27","slug":"jcil-2021-62-article-8-2","status":"publish","type":"page","link":"https:\/\/www.ukm.my\/jcil\/jcil-2021-62-article-8-2\/","title":{"rendered":"JCIL 2021 6(2) Article 8"},"content":{"rendered":"<p>[et_pb_section fb_built=&#8221;1&#8243; fullwidth=&#8221;on&#8221; _builder_version=&#8221;4.14.2&#8243; background_color=&#8221;#0c71c3&#8243; custom_padding=&#8221;0px|0px|0px|0px&#8221; global_colors_info=&#8221;{}&#8221;][et_pb_fullwidth_header title=&#8221;Journal of Contemporary Islamic Law&#8221; subhead=&#8221;No eISSN: 0127-788X&#8221; title_font_color=&#8221;#ffffff&#8221; subhead_font_color=&#8221;#ffffff&#8221; _builder_version=&#8221;4.14.2&#8243; title_font=&#8221;|on|||&#8221; title_text_color=&#8221;#ffffff&#8221; title_font_size=&#8221;40px&#8221; content_font_size=&#8221;10px&#8221; subhead_text_color=&#8221;#ffffff&#8221; subhead_font_size=&#8221;20px&#8221; background_color=&#8221;#0c71c3&#8243; parallax=&#8221;on&#8221; parallax_method=&#8221;on&#8221; custom_margin=&#8221;-30px||-30px&#8221; button_one_letter_spacing_hover=&#8221;0&#8243; button_two_letter_spacing_hover=&#8221;0&#8243; saved_tabs=&#8221;all&#8221; global_colors_info=&#8221;{}&#8221; button_one_text_size__hover_enabled=&#8221;off&#8221; button_two_text_size__hover_enabled=&#8221;off&#8221; button_one_text_color__hover_enabled=&#8221;off&#8221; button_two_text_color__hover_enabled=&#8221;off&#8221; button_one_border_width__hover_enabled=&#8221;off&#8221; button_two_border_width__hover_enabled=&#8221;off&#8221; button_one_border_color__hover_enabled=&#8221;off&#8221; button_two_border_color__hover_enabled=&#8221;off&#8221; button_one_border_radius__hover_enabled=&#8221;off&#8221; button_two_border_radius__hover_enabled=&#8221;off&#8221; button_one_letter_spacing__hover_enabled=&#8221;on&#8221; button_one_letter_spacing__hover=&#8221;0&#8243; button_two_letter_spacing__hover_enabled=&#8221;on&#8221; button_two_letter_spacing__hover=&#8221;0&#8243; button_one_bg_color__hover_enabled=&#8221;off&#8221; button_two_bg_color__hover_enabled=&#8221;off&#8221;][\/et_pb_fullwidth_header][\/et_pb_section][et_pb_section fb_built=&#8221;1&#8243; specialty=&#8221;on&#8221; _builder_version=&#8221;4.14.2&#8243; global_colors_info=&#8221;{}&#8221;][et_pb_column type=&#8221;1_3&#8243; _builder_version=&#8221;3.25&#8243; custom_padding=&#8221;|||&#8221; global_colors_info=&#8221;{}&#8221; parallax__hover=&#8221;off&#8221; parallax_method__hover=&#8221;on&#8221; custom_padding__hover=&#8221;|||&#8221;][et_pb_blurb title=&#8221;2021 6(2)&#8221; url=&#8221;https:\/\/www.ukm.my\/jcil\/jcil-2017-2-2\/&#8221; use_icon=&#8221;on&#8221; font_icon=&#8221;&#x49;||divi||400&#8243; icon_color=&#8221;#0c71c3&#8243; image_icon_background_color=&#8221;#ffffff&#8221; icon_placement=&#8221;left&#8221; image_icon_width=&#8221;16px&#8221; _builder_version=&#8221;4.14.2&#8243; header_text_color=&#8221;#0c71c3&#8243; background_size=&#8221;initial&#8221; background_position=&#8221;top_left&#8221; background_repeat=&#8221;repeat&#8221; image_icon_custom_padding=&#8221;8px|8px|8px|8px|false|false&#8221; text_orientation=&#8221;center&#8221; max_width_tablet=&#8221;50px&#8221; border_radii_image=&#8221;on|100%|100%|100%|100%&#8221; border_width_all_image=&#8221;2px&#8221; border_color_all_image=&#8221;#0c71c3&#8243; use_circle=&#8221;on&#8221; use_circle_border=&#8221;on&#8221; circle_border_color=&#8221;#0c71c3&#8243; circle_color=&#8221;#ffffff&#8221; global_colors_info=&#8221;{}&#8221; image_icon_background_color__sticky_enabled=&#8221;#1e73be&#8221; image_icon_background_color__sticky=&#8221;#1e73be&#8221;]<\/p>\n<p>15 DECEMBER 2021<\/p>\n<p>[\/et_pb_blurb][et_pb_image src=&#8221;https:\/\/www.ukm.my\/jcil\/wp-content\/uploads\/2021\/12\/Cover-JCIL-2021-62.png&#8221; title_text=&#8221;Cover JCIL 2021 6(2)&#8221; align_tablet=&#8221;center&#8221; align_phone=&#8221;&#8221; align_last_edited=&#8221;on|desktop&#8221; _builder_version=&#8221;4.14.2&#8243; animation_style=&#8221;slide&#8221; animation_direction=&#8221;left&#8221; animation_duration=&#8221;500ms&#8221; animation_intensity_slide=&#8221;10%&#8221; global_colors_info=&#8221;{}&#8221;][\/et_pb_image][\/et_pb_column][et_pb_column type=&#8221;2_3&#8243; specialty_columns=&#8221;2&#8243; _builder_version=&#8221;3.25&#8243; custom_padding=&#8221;|||&#8221; global_colors_info=&#8221;{}&#8221; parallax__hover=&#8221;off&#8221; parallax_method__hover=&#8221;on&#8221; custom_padding__hover=&#8221;|||&#8221;][et_pb_row_inner admin_label=&#8221;Row&#8221; _builder_version=&#8221;4.14.2&#8243; global_colors_info=&#8221;{}&#8221;][et_pb_column_inner saved_specialty_column_type=&#8221;2_3&#8243; _builder_version=&#8221;3.25&#8243; custom_padding=&#8221;|||&#8221; global_colors_info=&#8221;{}&#8221; parallax__hover=&#8221;off&#8221; parallax_method__hover=&#8221;on&#8221; custom_padding__hover=&#8221;|||&#8221;][et_pb_text admin_label=&#8221;Tajuk&#8221; _builder_version=&#8221;4.14.2&#8243; background_size=&#8221;initial&#8221; background_position=&#8221;top_left&#8221; background_repeat=&#8221;repeat&#8221; module_alignment=&#8221;left&#8221; global_colors_info=&#8221;{}&#8221;]<\/p>\n<h3 style=\"text-align: justify;\"><span style=\"color: #000000;\"><b>Standard Penarafan Hotel Mesra Muslim Berdasarkan Maqasid Syariah: Satu Sorotan<\/b><\/span><\/h3>\n<h3 style=\"text-align: justify;\">Muslim Friendly Hotel Rating\u2019s Standards Based on Maqasid Syariah: An Overview<\/h3>\n<p>[\/et_pb_text][et_pb_text admin_label=&#8221;Penulis&#8221; _builder_version=&#8221;4.14.2&#8243; background_size=&#8221;initial&#8221; background_position=&#8221;top_left&#8221; background_repeat=&#8221;repeat&#8221; module_alignment=&#8221;left&#8221; global_colors_info=&#8221;{}&#8221;]<\/p>\n<p style=\"text-align: justify;\"><strong>Aziz Abidin Azmi Puat, <\/strong><span style=\"color: #565656;\"><em>p107051@siswa.ukm.edu.my<\/em><\/span><em><br \/><\/em>Postgraduate Student, Research Centre for Sharia, Faculty of Islamic Studies, Universiti Kebangsaan Malaysia.<span style=\"font-size: 14px;\"><br \/><strong style=\"font-size: 14px;\">Mohammad Zaini Yahaya, <\/strong><span style=\"font-size: 14px; color: #0c0c0c;\"><em><span style=\"color: #565656;\">zainiyahya@ukm.edu.my<br \/><\/span><\/em><\/span>Research Centre for Sharia, Faculty of Islamic Studies, Universiti Kebangsaan Malaysia.<br \/><\/span>Received: 14 September 2021 | Accepted: 29 November 2021 | Published: 15 December 2021<\/p>\n<p>[\/et_pb_text][et_pb_text admin_label=&#8221;Volume &#038; PDF&#8221; _builder_version=&#8221;4.14.4&#8243; background_size=&#8221;initial&#8221; background_position=&#8221;top_left&#8221; background_repeat=&#8221;repeat&#8221; module_alignment=&#8221;left&#8221; hover_enabled=&#8221;0&#8243; global_colors_info=&#8221;{}&#8221; sticky_enabled=&#8221;0&#8243;]<\/p>\n<p><span style=\"font-size: 14px;\">2021, Vol. 6(2), pp. 67-76. \u00a0| \u00a0<\/span><a href=\"https:\/\/www.ukm.my\/jcil\/wp-content\/uploads\/2021\/12\/JCIL-2021-62-Article-8.pdf\">PDF<\/a><a href=\"https:\/\/www.ukm.my\/jcil\/wp-content\/uploads\/2018\/06\/JCIL-2018-31-Article-2.pdf\"><br \/><\/a><\/p>\n<p>[\/et_pb_text][et_pb_tabs admin_label=&#8221;Abstract &#038; References&#8221; _builder_version=&#8221;4.14.2&#8243; body_text_align=&#8221;justify&#8221; background_size=&#8221;initial&#8221; background_position=&#8221;top_left&#8221; background_repeat=&#8221;repeat&#8221; global_colors_info=&#8221;{}&#8221;][et_pb_tab title=&#8221;ABSTRAK&#8221; _builder_version=&#8221;4.14.2&#8243; body_font=&#8221;||||&#8221; body_text_align=&#8221;justify&#8221; body_line_height=&#8221;2em&#8221; tab_font=&#8221;||||&#8221; tab_line_height=&#8221;2em&#8221; background_size=&#8221;initial&#8221; background_position=&#8221;top_left&#8221; background_repeat=&#8221;repeat&#8221; body_line_height_tablet=&#8221;2em&#8221; body_line_height_phone=&#8221;2em&#8221; tab_line_height_tablet=&#8221;2em&#8221; tab_line_height_phone=&#8221;2em&#8221; global_colors_info=&#8221;{}&#8221;]<\/p>\n<p>Hotel mesra Muslim merupakan satu produk yang semakin berkembang dalam industri pelancongan di Malaysia. Sesuai dengan kemeriahannya, pelbagai penarafan hotel mesra Muslim telah diwujudkan oleh pelbagai agensi sebagai nilai tambah kepada segmen ini dalam penawaran perkhidmatan yang lebih kompetitif. Persoalannya adakah penarafan yang diwujudkan ini benar-benar memenuhi keperluan pelancong Muslim dan bersifat holistik? Justeru, artikel ini akan meninjau kajian-kajian lepas berkenaan standard penarafan hotel mesra Muslim, adakah ia memenuhi kayu ukur Maqasid Syariah. Kajian ini merupakan kajian kualitatif dengan reka bentuk analisis kandungan. Data kajian dikumpulkan melalui metode kajian literatur dan temu bual. Kajian literatur dikutip daripada kajian-kajian lepas, merangkumi artikel dan dokumen tentang standard penarafan hotel mesra Muslim. Sesi temu bual bersama dua informan yang berkaitan dengan industri pelancongan juga dijalankan. Kemudian, data dianalisis secara tematik. Hasilnya menunjukkan standard penarafan ini masih tidak mencapai sasaran syariah dalam memenuhi keperluan pelancong Muslim. Keselamatan nyawa dan harta tidak menjadi unsur yang penting dalam penilaian mereka. Hal ini tidak selari dengan fungsi hotel sebagai tempat perlindungan. Tuntutan Maqasid Syariah perlu dipatuhi sepenuhnya dalam menjadikan penarafan hotel mesra Muslim bersifat holistik.<\/p>\n<p>Kata Kunci: sistem penarafan hotel, pelancongan Islam, keperluan pelancong Muslim, industri perhotelan, Maqasid Syariah<\/p>\n<p>[\/et_pb_tab][et_pb_tab title=&#8221;ABSTRACT&#8221; _builder_version=&#8221;4.14.2&#8243; body_font=&#8221;||||&#8221; body_text_align=&#8221;justify&#8221; body_line_height=&#8221;2em&#8221; tab_font=&#8221;||||&#8221; tab_line_height=&#8221;2em&#8221; background_size=&#8221;initial&#8221; background_position=&#8221;top_left&#8221; background_repeat=&#8221;repeat&#8221; body_line_height_tablet=&#8221;2em&#8221; body_line_height_phone=&#8221;2em&#8221; tab_line_height_tablet=&#8221;2em&#8221; tab_line_height_phone=&#8221;2em&#8221; global_colors_info=&#8221;{}&#8221;]<\/p>\n<p>Muslim friendly hotel is a fast-growing product of tourism industry in Malaysia. By virtue of that, various of Muslim friendly hotel rating systems were established by several agencies as an additional value for more competitive service in tourism. What remains obscure, are those rating systems really fulfill Muslim tourists\u2019 needs and inherently holistic? Thus, this article aims to review past research regarding Muslim friendly hotel rating systems, are they meet Maqasid Syariah guidelines perfectly. This is qualitative research with content analysis design. All the data gained from literature review includes articles and documents about Muslim friendly hotel rating systems as well as interview session with a few informants related to tourism industry. The outcome indicates that all the rating\u2019s standards do not completely accomplish Syariah objectives in full filling Muslim tourists\u2019 needs. Protection of live and property are not the requisite elements in their inspections. It is opposites to the hotel\u2019s function as protection. The standards must adhere firmly to Maqasid Syariah principle to ensure a holistic Muslim friendly hotel rating remain.<\/p>\n<p>Keywords: hotel rating system, Islamic tourism, Muslim tourists\u2019 needs, hotel industry, Maqasid Syariah<\/p>\n<p>[\/et_pb_tab][et_pb_tab title=&#8221;REFERENCES&#8221; _builder_version=&#8221;4.14.2&#8243; body_font=&#8221;||||&#8221; body_line_height=&#8221;2em&#8221; tab_font=&#8221;||||&#8221; tab_line_height=&#8221;2em&#8221; body_line_height_tablet=&#8221;2em&#8221; body_line_height_phone=&#8221;2em&#8221; tab_line_height_tablet=&#8221;2em&#8221; tab_line_height_phone=&#8221;2em&#8221; global_colors_info=&#8221;{}&#8221;]<\/p>\n<p>Baumeister, R. F. &amp; Leary, M. R. 1997. Writing narrative literature reviews. Review of General Psychology 1: 311\u2013320.<\/p>\n<p>Braun, V. &amp; Clarke, V. 2006. Using thematic analysis in psychology. Qualitative Research in Psychology 3(2): 77-101.<\/p>\n<p>Corinne Wan. 2017. Salam Standard adds a premium classification scheme. https:\/\/www.travelweekly-asia.com\/Travel-News\/Hotel-News\/Salam-Standard-adds-a-premium-classification-scheme [31 Julai 2021].<\/p>\n<p>CrescentRating. 2021a.FAQs. https:\/\/www.crescentrating.com\/FAQ.html [31 Julai 2021].<\/p>\n<p>CrescentRating. 2021b. Get Your Hotel\u2019s Muslim Friendly services Audited and Rated. https:\/\/www.crescentrating.com\/rating-accreditations\/hotels.html [31 Julai 2021].<\/p>\n<p>Downe-Wambolt, B. 1992. Content analysis: method, applications and issues. Health Care for Women International 13: 313-321.<\/p>\n<p>Fox, N.J. 2000. Using Interviews in a Research Project. Dlm. Wilson, A., Williams, M. &amp; Hancock, B. (pnyt.). Research Approaches in Primary Care hlm. 113-134. Oxford: Radcliffe Medical Press.<\/p>\n<p>al-Ghaz\u0101li, Mu\u1e25ammad ibn Mu\u1e25ammad. 1413H\/1993. al-Musta\u1e63f\u0101 min \u2018Ilm al-U\u1e63\u016bl. Mu\u1e25ammad \u2018Abd al-Sal\u0101m \u2018Abd al-Sh\u0101fi. Beirut: D\u0101r al-Kutub al-\u2018Ilmiyyah.<\/p>\n<p>Henderson, J.C. 2010. Sharia-compliant hotels. Tourism and Hospitality Research 10(3): 246\u2013254.<\/p>\n<p>Islamic Tourism Centre. 2020a. Launch of Muslim-Friendly Accommodation Recognition. https:\/\/itc.gov.my\/launch-of-muslim-friendly-accommodation-recognition\/ [31 Julai 2021].<\/p>\n<p>Islamic Tourism Centre. 2020b. Syarat-syarat dan Garis Panduan Pengiktirafan Premis Pelancongan Mesra Muslim. Putrajaya: Islamic Tourism Centre.<\/p>\n<p>Jabatan Standard Malaysia. 2015. MS 2610: 2015 Muslim Friendly Hospitality Services \u2013Requirements. Cyberjaya: Kementerian Sains, Teknologi dan Inovasi.<\/p>\n<p>Khairusy Syakirin Has-Yun Hashim. 2021. Standard penarafan hotel mesra Muslim berdasarkan Maqasid Syariah. Temu bual, 4 Mei.<\/p>\n<p>Kiplagat W.K., Makindi S. &amp; Obwoyere G.O. 2015. An analysis of hotel rating and its implication on financial turnover of rated hotels in Kenya. International Journal of Environment, Ecology, Family and Urban Studies (IJEEFUS) 5(1): 23-33.<\/p>\n<p>Mastercard-CrescentRating. 2021. Global Muslim Travel Index 2021. https:\/\/www.crescentrating.com\/reports\/global-muslim-travel-index-2021.html [31 Julai 2021].<\/p>\n<p>Mohammad Zaini, Muhammad Adib dan Mohd Izhar Ariff. 2020. Analisis standard hotel mesra Muslim di Malaysia berdasarkan perspektif Maqasid Syariah. International Journal of Islamic Thought 18: 43-53.<\/p>\n<p>Mohd Rizal Razalli, Risyawati Mohamed Ismail &amp; Noorulsadiqin Azbiya Yaacob. 2015. SIHAT: an assessment tool for Shariah-compliant hotel operations. International Journal Islamic Marketing and Branding 1(1): 55\u201368.<\/p>\n<p>Muhamad Mazlan Kamaruddin. 2021. Standard penarafan hotel mesra Muslim berdasarkan Maqasid Syariah. Temu bual, 11 Jun.<\/p>\n<p>Rashidi Othman, Siti Syahirah Saffinee, Khairusy Syakirin Has-Yun Hashim, Zainul Mukrim Baharuddin, Lukman Hakim<\/p>\n<p>Mahamod, and Mansor Ibrahim. 2015. Shariah Compliant Audit Checklist for Tourism Accomodation Premises. Advanced Science Letters. 21(6):1721-1724.<\/p>\n<p>al-Rays\u016bni, A\u1e25mad. 1416H\/1995. Nazariyyah al-Maq\u0101\u1e63id \u2018ind al-Im\u0101m al-Sh\u0101\u1e6dibi. Virginia: International Institute of Islamic Thought.<\/p>\n<p>al-Rays\u016bni, A\u1e25mad. 1431H\/2010. Madkhal ila Maq\u0101\u1e63id al-Shar\u012b\u2018ah. Damsyik: D\u0101r al-Qalam.<\/p>\n<p>Rosenberg, P., &amp; Choufany, H. M. 2009. Spiritual Lodging \u2013 The Sharia &#8211; Compliant Hotel Concept. Hvs Global Hospitality Services &#8211; Dubai.<\/p>\n<p>Rozila Ahmad, Noor Azimin Zainol &amp; Mohd Hyrul Abu Karim. 2019. Intention to Adopt Islamic Quality Standard: A Study Of Hotels in Peninsular Malaysia. KATHA \u2013 The Official Journal of the Centre for Civilisational Dialogue 15: 20-45.<\/p>\n<p>Salam Standard. 2017. Salam Standard by Tripfez Travel. http:\/\/www.comcec.org\/en\/wp-content\/uploads\/2017\/02\/9-TUR-PRE-7-3.pdf [31 Julai 2021].<\/p>\n<p>Salam Standard. 2021. Certification Levels\/Criteria. https:\/\/www.salamstandard.org\/salam-standard-certification\/certification-levels.html [31 Julai 2021].<\/p>\n<p>al-Sh\u0101\u1e6dibi, Ibr\u0101h\u012bm ibn M\u016bs\u0101 al-Lakhmi. 1427H\/2006. Al-Muw\u0101faq\u0101t f\u012b U\u1e63\u016bl al-Shar\u012bah. Kaherah: D\u0101r al-\u1e24ad\u012bth.<\/p>\n<p>SIRIM QAS. 2021. MS 2610 Muslim Friendly Hospitality. https:\/\/www.sirim-qas.com.my\/our-services\/management-system-certification-related-services\/ms-26102015-muslim-friendly-hospitality-management-system-certification\/ [31 Julai 2021].<\/p>\n<p>Siti Syahirah Saffinee, Khairusy Syakirin Has-Yun Hashim, Lukman Hakim Mahamod, Mohd Aizat Jamaludin, Betania Kartika Muflih &amp; Rashidi Othman. 2017. The standard elements for muslim-friendly accommodation premises. Journal of Contemporary Islamic Studies 3(2): 121-134.<\/p>\n<p>Snyder, H. 2019. Literature review as a research methodology: An overview and guidelines. Journal of Business Research 104 (2019): 333\u2013339.<\/p>\n<p>Tripfez Travel. 2021. Mengapa Tripfez. https:\/\/www.tripfez.com\/s\/about-us [31 Julai 2021].<\/p>\n<p>Zakiah Samori &amp; Fadilah Abd Rahman. 2013. Establishing Shariah-compliant Hotels in Malaysia: Identifying Opportunities, Exploring Challenges. West East<\/p>\n<p>[\/et_pb_tab][\/et_pb_tabs][\/et_pb_column_inner][\/et_pb_row_inner][\/et_pb_column][\/et_pb_section]<\/p>\n","protected":false},"excerpt":{"rendered":"<p>15 DECEMBER 2021Standard Penarafan Hotel Mesra Muslim Berdasarkan Maqasid Syariah: Satu Sorotan Muslim Friendly Hotel Rating\u2019s Standards Based on Maqasid Syariah: An OverviewAziz Abidin Azmi Puat, p107051@siswa.ukm.edu.myPostgraduate Student, Research Centre for Sharia, Faculty of Islamic Studies, Universiti Kebangsaan Malaysia.Mohammad Zaini Yahaya, zainiyahya@ukm.edu.myResearch Centre for Sharia, Faculty of Islamic Studies, Universiti Kebangsaan Malaysia.Received: 14 September 2021 [&hellip;]<\/p>\n","protected":false},"author":1,"featured_media":0,"parent":0,"menu_order":0,"comment_status":"closed","ping_status":"closed","template":"","meta":{"_et_pb_use_builder":"on","_et_pb_old_content":"","_et_gb_content_width":"","footnotes":""},"class_list":["post-2540","page","type-page","status-publish","hentry"],"_links":{"self":[{"href":"https:\/\/www.ukm.my\/jcil\/wp-json\/wp\/v2\/pages\/2540","targetHints":{"allow":["GET"]}}],"collection":[{"href":"https:\/\/www.ukm.my\/jcil\/wp-json\/wp\/v2\/pages"}],"about":[{"href":"https:\/\/www.ukm.my\/jcil\/wp-json\/wp\/v2\/types\/page"}],"author":[{"embeddable":true,"href":"https:\/\/www.ukm.my\/jcil\/wp-json\/wp\/v2\/users\/1"}],"replies":[{"embeddable":true,"href":"https:\/\/www.ukm.my\/jcil\/wp-json\/wp\/v2\/comments?post=2540"}],"version-history":[{"count":6,"href":"https:\/\/www.ukm.my\/jcil\/wp-json\/wp\/v2\/pages\/2540\/revisions"}],"predecessor-version":[{"id":2692,"href":"https:\/\/www.ukm.my\/jcil\/wp-json\/wp\/v2\/pages\/2540\/revisions\/2692"}],"wp:attachment":[{"href":"https:\/\/www.ukm.my\/jcil\/wp-json\/wp\/v2\/media?parent=2540"}],"curies":[{"name":"wp","href":"https:\/\/api.w.org\/{rel}","templated":true}]}}