{"id":2981,"date":"2022-12-20T08:03:51","date_gmt":"2022-12-20T08:03:51","guid":{"rendered":"http:\/\/www.ukm.my\/jcil\/?page_id=2981"},"modified":"2023-02-22T03:41:30","modified_gmt":"2023-02-22T03:41:30","slug":"jcil-2022-72-article-8-2","status":"publish","type":"page","link":"https:\/\/www.ukm.my\/jcil\/jcil-2022-72-article-8-2\/","title":{"rendered":"JCIL 2022 7(2) Article 8"},"content":{"rendered":"<p>[et_pb_section fb_built=&#8221;1&#8243; fullwidth=&#8221;on&#8221; _builder_version=&#8221;4.16&#8243; background_color=&#8221;#0c71c3&#8243; custom_padding=&#8221;0px|0px|0px|0px&#8221; global_colors_info=&#8221;{}&#8221;][\/et_pb_section][et_pb_section fb_built=&#8221;1&#8243; specialty=&#8221;on&#8221; _builder_version=&#8221;4.16&#8243; global_colors_info=&#8221;{}&#8221;][et_pb_column type=&#8221;1_3&#8243; _builder_version=&#8221;4.16&#8243; custom_padding=&#8221;|||&#8221; global_colors_info=&#8221;{}&#8221; parallax__hover=&#8221;off&#8221; parallax_method__hover=&#8221;on&#8221; custom_padding__hover=&#8221;|||&#8221;][et_pb_blurb title=&#8221;2022 7(2)&#8221; url=&#8221;https:\/\/www.ukm.my\/jcil\/jcil-2017-2-2\/&#8221; use_icon=&#8221;on&#8221; font_icon=&#8221;&#x49;||divi||400&#8243; icon_color=&#8221;#0c71c3&#8243; image_icon_background_color=&#8221;#ffffff&#8221; icon_placement=&#8221;left&#8221; image_icon_width=&#8221;16px&#8221; _builder_version=&#8221;4.20.0&#8243; header_text_color=&#8221;#0c71c3&#8243; background_size=&#8221;initial&#8221; background_position=&#8221;top_left&#8221; background_repeat=&#8221;repeat&#8221; image_icon_custom_padding=&#8221;8px|8px|8px|8px|false|false&#8221; text_orientation=&#8221;center&#8221; max_width_tablet=&#8221;50px&#8221; hover_enabled=&#8221;0&#8243; border_radii_image=&#8221;on|100%|100%|100%|100%&#8221; border_width_all_image=&#8221;2px&#8221; border_color_all_image=&#8221;#0c71c3&#8243; use_circle=&#8221;on&#8221; use_circle_border=&#8221;on&#8221; circle_border_color=&#8221;#0c71c3&#8243; circle_color=&#8221;#ffffff&#8221; global_colors_info=&#8221;{}&#8221; image_icon_background_color__sticky_enabled=&#8221;#1e73be&#8221; image_icon_background_color__sticky=&#8221;#1e73be&#8221; sticky_enabled=&#8221;0&#8243;]<\/p>\n<p>DECEMBER 2022<\/p>\n<p>[\/et_pb_blurb][et_pb_image src=&#8221;https:\/\/www.ukm.my\/jcil\/wp-content\/uploads\/2022\/12\/Cover-JCIL-2022-72-scaled.jpg&#8221; title_text=&#8221;Cover JCIL 2022 7(2)&#8221; align_tablet=&#8221;center&#8221; align_phone=&#8221;&#8221; align_last_edited=&#8221;on|desktop&#8221; _builder_version=&#8221;4.19.4&#8243; animation_style=&#8221;slide&#8221; animation_direction=&#8221;left&#8221; animation_duration=&#8221;500ms&#8221; animation_intensity_slide=&#8221;10%&#8221; global_colors_info=&#8221;{}&#8221;][\/et_pb_image][\/et_pb_column][et_pb_column type=&#8221;2_3&#8243; specialty_columns=&#8221;2&#8243; _builder_version=&#8221;4.16&#8243; custom_padding=&#8221;|||&#8221; global_colors_info=&#8221;{}&#8221; parallax__hover=&#8221;off&#8221; parallax_method__hover=&#8221;on&#8221; custom_padding__hover=&#8221;|||&#8221;][et_pb_row_inner admin_label=&#8221;Row&#8221; _builder_version=&#8221;4.16&#8243; global_colors_info=&#8221;{}&#8221;][et_pb_column_inner saved_specialty_column_type=&#8221;2_3&#8243; _builder_version=&#8221;4.16&#8243; custom_padding=&#8221;|||&#8221; global_colors_info=&#8221;{}&#8221; parallax__hover=&#8221;off&#8221; parallax_method__hover=&#8221;on&#8221; custom_padding__hover=&#8221;|||&#8221;][et_pb_text admin_label=&#8221;Tajuk&#8221; _builder_version=&#8221;4.19.4&#8243; background_size=&#8221;initial&#8221; background_position=&#8221;top_left&#8221; background_repeat=&#8221;repeat&#8221; module_alignment=&#8221;left&#8221; global_colors_info=&#8221;{}&#8221;]<\/p>\n<h3 style=\"text-align: justify;\"><strong>Perbandingan Kedudukan Haiwan Jall\u0101lah Menurut Pandangan Fuqaha Klasik dan Fatwa Semasa di Malaysia<\/strong><\/h3>\n<h3>Comparison of the Position of Jall\u0101lah Animals According to the Views of Classical Jurists and Current Fatwas in Malaysia<\/h3>\n<p>[\/et_pb_text][et_pb_text admin_label=&#8221;Penulis&#8221; _builder_version=&#8221;4.19.4&#8243; background_size=&#8221;initial&#8221; background_position=&#8221;top_left&#8221; background_repeat=&#8221;repeat&#8221; module_alignment=&#8221;left&#8221; hover_enabled=&#8221;0&#8243; global_colors_info=&#8221;{}&#8221; sticky_enabled=&#8221;0&#8243;]<\/p>\n<p><span style=\"font-size: 14px;\"><strong>Kamarulzaman Mustappa,<\/strong>\u00a0<em><br \/><\/em><\/span><span style=\"font-size: 14px;\">Postgraduate Student, Research Center for Sharia, Faculty of Islamic Studies, Universiti Kebangsaan Malaysia<br \/><strong><strong style=\"font-size: 14px;\">Muhammad Nazir Alias, <\/strong><\/strong><em>nazir@ukm.edu.my<br \/><\/em>Research Center for Sharia, Faculty of Islamic Studies, Universiti Kebangsaan Malaysia<br \/><strong><strong style=\"font-size: 14px;\">Mohd Izhar Ariff Mohd Kashim, <\/strong><\/strong><em>izhar@ukm.edu.my<br \/><\/em>Research Center for Sharia, Faculty of Islamic Studies, Universiti Kebangsaan Malaysia<br \/><strong><strong style=\"font-size: 14px;\">Sahilah Abd. Mutalib,\u00a0<\/strong><\/strong><em><br \/><\/em>Department of Food Sciences, Faculty of Science &amp; Technology, Universiti Kebangsaan Malaysia<br \/><strong><strong style=\"font-size: 14px;\">Mohd Hafiz Safiai, <\/strong><\/strong><em>hafizsafiai@ukm.edu.my<br \/><\/em>Research Center for Sharia, Faculty of Islamic Studies, Universiti Kebangsaan Malaysia<br \/><\/span>Received: October 02, 2022 | Revised: November 27, 2022 | Accepted: November 30, 2022 | Published: December 15, 2022\u200b\u200b\u200b\u200b\u200b\u200b<\/p>\n<p>[\/et_pb_text][et_pb_text admin_label=&#8221;Volume &#038; PDF&#8221; _builder_version=&#8221;4.20.0&#8243; background_size=&#8221;initial&#8221; background_position=&#8221;top_left&#8221; background_repeat=&#8221;repeat&#8221; module_alignment=&#8221;left&#8221; hover_enabled=&#8221;0&#8243; global_colors_info=&#8221;{}&#8221; sticky_enabled=&#8221;0&#8243;]<\/p>\n<p><span style=\"font-size: 14px;\">2022, Vol. 7(2), pp. 73-85. \u00a0| \u00a0<\/span>PDF<a href=\"https:\/\/www.ukm.my\/jcil\/wp-content\/uploads\/2018\/06\/JCIL-2018-31-Article-2.pdf\"><br \/><\/a><\/p>\n<p>[\/et_pb_text][et_pb_tabs admin_label=&#8221;Abstract &#038; References&#8221; _builder_version=&#8221;4.19.4&#8243; body_text_align=&#8221;justify&#8221; background_size=&#8221;initial&#8221; background_position=&#8221;top_left&#8221; background_repeat=&#8221;repeat&#8221; global_colors_info=&#8221;{}&#8221;][et_pb_tab title=&#8221;ABSTRAK&#8221; _builder_version=&#8221;4.19.4&#8243; body_font=&#8221;||||&#8221; body_text_align=&#8221;justify&#8221; body_line_height=&#8221;2em&#8221; tab_font=&#8221;||||&#8221; tab_line_height=&#8221;2em&#8221; background_size=&#8221;initial&#8221; background_position=&#8221;top_left&#8221; background_repeat=&#8221;repeat&#8221; body_line_height_tablet=&#8221;2em&#8221; body_line_height_phone=&#8221;2em&#8221; tab_line_height_tablet=&#8221;2em&#8221; tab_line_height_phone=&#8221;2em&#8221; global_colors_info=&#8221;{}&#8221;]<\/p>\n<p>Hukum haiwan jall\u0101lah pernah diangkat sebagai isu nasional suatu ketika apabila dibincangkan dalam Jawatankuasa Muzakarah Bagi Hal Ehwal Ugama Islam (MKI) Malaysia pada tahun 2006 dan 2021. Ini kerana ia melibatkan aspek pemakanan umat Islam di Malaysia yang menyentuh hukum halal dan haram. Jall\u0101lah ialah haiwan yang sering memakan najis dan benda-benda kotor termasuklah diberi makan oleh orang yang memeliharanya. Objektif kajian ini adalah utntuk mengenalpasti konsep perbahasan haiwan jall\u0101lah oleh para fuqaha empat mazhab untuk dibandingkan dengan keputusan hukum fatwa di Malaysia. Metodologi yang digunakan dalam kajian ini adalah kajian analisis kandungan dengan meneliti kitab-kitab fiqh yang muktabar serta laman sesawang yang berkaitan. Kajian ini mendapati terdapat pelbagai perbahasan dari segi konsep dan hukum haiwan jall\u0101lah dalam kalangan para fuqaha. Dari aspek fatwa pula, terdapat perbezaan hukum jall\u0101lah antara negeri-negeri berpandukan kriteria tertentu seperti yang ditetapkan oleh jawatankuasa fatwa negeri masing-masing. Hasil penelitian yang dilakukan menunjukkan terdapat perbezaan ketara dari aspek hukum antara pandangan fuqaha dan pengamalan fatwa di Malaysia. Artikel ini dapat menjadi suatu penjelasan kepada landasan hukum yang digunakan dalam penetapan sesuatu fatwa berkaitan hukum ikan jallalah.<\/p>\n<p>KATA KUNCI<br \/>Konsep, haiwan jall\u0101lah, najis, fuqaha, fatwa.<\/p>\n<p>[\/et_pb_tab][et_pb_tab title=&#8221;ABSTRACT&#8221; _builder_version=&#8221;4.19.4&#8243; body_font=&#8221;||||&#8221; body_text_align=&#8221;justify&#8221; body_line_height=&#8221;2em&#8221; tab_font=&#8221;||||&#8221; tab_line_height=&#8221;2em&#8221; background_size=&#8221;initial&#8221; background_position=&#8221;top_left&#8221; background_repeat=&#8221;repeat&#8221; body_line_height_tablet=&#8221;2em&#8221; body_line_height_phone=&#8221;2em&#8221; tab_line_height_tablet=&#8221;2em&#8221; tab_line_height_phone=&#8221;2em&#8221; global_colors_info=&#8221;{}&#8221;]<\/p>\n<p>Responses to the issue of jall\u0101lah animals can no longer be taken for granted since this issue began to arise and was hotly discussed in 2006. In Malaysia, the fatwa on jall\u0101lah animals has been raised as a national issue due to the public&#8217;s annoyance with the freshwater fish being marketed with full of doubts when the local newspaper reported most fish that are farmed are fed non-halal food such as pigs and carcasses. Jall\u0101lah is a farm animal that is fed faeces periodically to cause a foul smell on the animal&#8217;s body. The objective of this study is to analyze the debate about jall\u0101lah animals according to the classical jurists of the four schools of thought and compare that with the fatwa laws of Brunei Darussalam, Indonesia, Malaysia and Singapore which are member countries of MABIMS (Informal Annual Meeting of Ministers of Religion of Brunei Darussalam, Indonesia, Malaysia and Singapore). The research methodology used is through document analysis. Research was done on classic scientific writings and sources of MABIMS Member States&#8217; fatwas related to the research topic. The results of the study found that there are similarities and differences between the jall\u0101lah animal debate by the jurists and the fatwa law decided by MABIMS Member States. The debate of jurists also differs in determining the law on jall\u0101lah animals which are makruh, harus, makruh and haram. This article can provide a general understanding of jall\u0101lah animals and can be a guide for animal breeders and consumers in evaluating the lawfulness of jall\u0101lah animals.<\/p>\n<p>KEYWORDS<br \/>Concept, jall\u0101lah animals, aeces, classical jurists, fatwa.<\/p>\n<p>[\/et_pb_tab][et_pb_tab title=&#8221;REFERENCES&#8221; _builder_version=&#8221;4.19.4&#8243; body_font=&#8221;||||&#8221; body_line_height=&#8221;2em&#8221; tab_font=&#8221;||||&#8221; tab_line_height=&#8221;2em&#8221; body_line_height_tablet=&#8221;2em&#8221; body_line_height_phone=&#8221;2em&#8221; tab_line_height_tablet=&#8221;2em&#8221; tab_line_height_phone=&#8221;2em&#8221; global_colors_info=&#8221;{}&#8221;]<\/p>\n<p>Ab\u016b al-Ma\u1d9c\u0101l\u012b, Burh\u0101n al-D\u012bn Mahm\u016bd bin Ahmad bin \u1d9cAbd al-\u1d9cAz\u012bz bin \u1d9cUmar bin M\u0101zah al-Bukh\u0101r\u012b al-Hanaf\u012b. 2004. Al-Muh\u012b\u1e6d Al-Burh\u0101n\u012b F\u012b \u0100l-Fiqh Al-Nu\u1d9cm\u0101n\u012b. B\u012br\u016bt: D\u0101r al-Kutub al-\u1d9cIlmiyyah.<\/p>\n<p>Ab\u016b D\u0101w\u016bd, Sulaym\u0101n bin al-Ash\u1d9cath al-Azd\u012b al-Sajist\u0101n\u012b. 2009. Sunan Ab\u012b D\u0101w\u016bd. B\u012br\u016bt: D\u0101r al-Ris\u0101lat al-\u1d9c\u0100lamiyyah.<\/p>\n<p>Akta Pentadbiran Undang-Undang Islam 1993 (Wilayah-Wilayah Persekutuan), 2007<\/p>\n<p>Amir Mamat. 2021. Ikan Keli Jijik. Harian Metro, 16 Februari<\/p>\n<p>Ashriq Fahmy Ahmad. 2013. Proses Kuarantin Hilangkan Bau. Utusan Malaysia, 3 Jun 2013:<\/p>\n<p>Betania, Kartika Muflih. 2018. Hewan Al-Jallalah Dan Hukum-Hukumnya: Studi Kasus Di Malaysia. Jurnal Ilmiah Pesantren 4(1): 507-514.<\/p>\n<p>Al-Bukh\u0101r\u012b, Ab\u016b \u1d9cAbd All\u0101h Muhammad bin Ism\u0101\u1d9c\u012bl. 1993. \u1e62a\u1e25\u012bh Al-Bukh\u0101r\u012b. 1. Dimashq: D\u0101r Ibn Kath\u012br.<\/p>\n<p>Chang Pen-Heng, Kuo Shu-Ting, Chen Min-Hsiu, Tu Chien, Huang SH &amp; Lau TM. 2008. Jaundice in Cultured Hybrid Catfish (Clarias Betrachus X Clarias Fuscusi). Journal of Veterinary and Clinical Science 1(2): 47-51.<\/p>\n<p>Al-D\u0101rqu\u1e6dn\u012b, Ab\u016b al-Hasan \u1d9cAl\u012b bin Umar bin Ahmad bin Mahd\u012b bin Mas\u1d9c\u016bd bin al-Nu\u1d9cm\u0101n bin Din\u0101r al-Bahgd\u0101d\u012b. 2004. Sunan Al-D\u0101rqu\u1e6dn\u012b. B\u012br\u016bt: Muassasat al-Ris\u0101lah.<\/p>\n<p>Al-Dujail\u012b, Siraj al-D\u012bn Ab\u016b \u1d9cAbd All\u0101h al-Hus\u012bn bin Y\u016bsuf. 2004. Al-Waj\u012bz F\u012b Al-Fiqh \u1d9cal\u0101 Madhhab Al-Im\u0101m Ahmad Bin Hanbal. al-Riy\u0101\u1e0dh: Maktabat al-Rushd N\u0101shir\u016bn.<\/p>\n<p>Al-Ghaz\u0101l\u012b, Ab\u016b H\u0101mid Muhammad bin Muhammad al-Ghaz\u0101l\u012b al-\u1e6c\u016bs\u012b. 1996. Al-Was\u012b\u1e6d F\u012b Al-Madhhab. al-Q\u0101hirah: D\u0101r al-Sal\u0101m.<\/p>\n<p>Al-Ha\u1e6d\u1e6d\u0101b al-Ru\u1d9cain\u012b, Shams al-D\u012bn Ab\u016b \u1d9cAbd All\u0101h Muhammad bin Muhammad bin \u1d9cAbd al-Rahman al-\u1e6carablus\u012b al-Maghrib\u012b. 1992. Maw\u0101hib Al-Jal\u012bl F\u012b Sharh Mukhta\u1e63ar Al-Sh\u012bkh Khal\u012bl. M\u016br\u012btaniy\u0101: D\u0101r al-Ri\u1e0dw\u0101n<\/p>\n<p>Ibn Ab\u012b \u1d9cUmar, \u1d9cAbd al-Rahman bin Muhammad bin Ahmad bin Qud\u0101mah al-Maqdis\u012b al-Hanbal\u012b. t.th. Al-Sharh Al-Kab\u012br \u1d9cal\u0101 Matn Al-Muqni\u1d9c.<\/p>\n<p>al-Q\u0101hirah: D\u0101r al-Kit\u0101b al-\u1d9cArab\u012b lil Nashr wa al-Tauzi\u1d9c.<\/p>\n<p>Ibn Ab\u012b \u1d9cUmar, \u1d9cAbd al-Rahman bin Muhammad bin Ahmad bin Qud\u0101mah al-Maqdis\u012b al-Hanbal\u012b. t.th. Al-Sharh Al-Kab\u012br \u1d9cal\u0101 Matn Al-Muqni\u1d9c. al-Q\u0101hirah: D\u0101r al-Kit\u0101b al-\u1d9cArab\u012b lil Nashr wa al-Tauzi\u1d9c.<\/p>\n<p>Ibn Ab\u012b Zayd al-Qairaw\u0101n\u012b, Ab\u016b Muhammad \u1d9cAbd All\u0101h bin Ab\u012b Zayd \u1d9cAbd al-Rahman al-Nafaz\u012b al-Qairaw\u0101n\u012b al-M\u0101lik\u012b. 1999. Al-Naw\u0101dir Wa Al-Ziy\u0101d\u0101t \u1d9cal\u0101 M\u0101 F\u012b Al-Mudawwanah Min Ghairih\u0101 Min Al-Ummah\u0101t. B\u012br\u016bt: D\u0101r al-Gharb al-Isl\u0101m\u012b.<\/p>\n<p>Ibn \u1d9c\u0100bid\u012bn, Muhammad Am\u012bn bin \u1d9cUmar bin \u1d9cAbd al-\u1d9cAz\u012bz \u1d9c\u0100bid\u012bn al-Dimashq. 1966. Radd Al-Mu\u1e25t\u0101r \u1d9cal\u0101 Al-D\u016br Al-Mukht\u0101r. B\u012br\u016bt: D\u0101r al-Fikr.<\/p>\n<p>Ibn M\u0101jah, Ab\u016b \u1d9cAbd All\u0101h Muhammad bin Yaz\u012bd al-Qazuwayn\u012b. t.th. Sunan Ibn M\u0101jah. S\u016briy\u0101: D\u0101r Ihy\u0101&#8217; al-Kutub al-\u1d9cArabiyyah.<\/p>\n<p>Ibn Man\u1e93\u016br, Muhammad bin Mukram bin \u1d9cAl\u012b Ab\u016b al-Fa\u1e0dl Jam\u0101l al-D\u012bn Ibn Man\u1e93\u016br al-An\u1e63\u0101r\u012b al-Ifr\u012bq\u012b. 1993. Lis\u0101n Al-\u1d9carab. B\u012br\u016bt: D\u0101r \u1e62\u0101dir.<\/p>\n<p>Ibn Mawd\u016bd al-M\u016b\u1e63il\u012b, Abd All\u0101h bin Mahm\u016bd bin Mawd\u016bd al-M\u016b\u1e63il\u012b al-Hanaf\u012b. 1937. Al-Ikhtiy\u0101r Li Ta\u1d9cl\u012bl Al-Mukht\u0101r. al-Q\u0101hirah: Ma\u1e6dba\u1d9cat al-\u1e24alab\u012b.<\/p>\n<p>Ibn Mufli\u1e25, Ibr\u0101h\u012bm bin Muhammad bin \u1d9cAbd All\u0101h bin Muhammad Ibn Mufli\u1e25 Ab\u016b Ish\u0101q Burh\u0101n al-D\u012bn. 1997. Al-Mubdi\u1d9c F\u012b Sharh Al-Muqni\u1d9c. B\u012br\u016bt: D\u0101r al-Kutub al-\u1d9cIlmiyyah.<\/p>\n<p>Ibn Qud\u0101mah, Ab\u016b Muhammad Mawfiq al-D\u012bn \u1d9cAbd All\u0101h bin Ahmad bin Muhammad bin Qudam\u0101h al-Jam\u0101\u1d9c\u012bl\u012b al-Maqdis\u012b. 2007. \u1d9cUmdah Al-\u1e24\u0101zim F\u012b Al-Zaw\u0101id \u1d9cal\u0101 Mukhta\u1e63ar Ab\u012b Al-Q\u0101sim. Qa\u1e6dr: Wiz\u0101rat al-Awq\u0101f wa al-Shu&#8217;\u016bn al-Isl\u0101miyyah.<\/p>\n<p>Ibn Qud\u0101mah, Ab\u016b Muhammad Mawfiq al-D\u012bn \u1d9cAbd All\u0101h bin Ahmad bin Muhammad bin Qud\u0101mah al-Jam\u0101\u1d9c\u012bl\u012b al-Maqdis\u012b. 1994. Al-K\u0101f\u012b F\u012b Fiqh Al-Im\u0101m Ahmad. B\u012br\u016bt: D\u0101r al-Kutub al-\u1d9cIlmiyyah.<\/p>\n<p>Ibn Qud\u0101mah, Mawfiq al-D\u012bn Ab\u016b Muhammad \u1d9cAbd All\u0101h bin Ahmad bin Muhammad bin Qud\u0101mah al-Maqdis\u012b al-Jam\u0101\u1d9c\u012bl\u012b al-Dimashq\u012b al-\u1e62\u0101lih\u012b al-Hanbal\u012b. 1997. Al-Mughn\u012b Li Ibn Qud\u0101mah. al-Riy\u0101\u1e0dh: D\u0101r \u1d9c\u0100lam al-Kutub lil\u1e6dab\u0101\u1d9cat wa al-Nashr wa al-Tauzi\u1d9c.<\/p>\n<p>Ibn Rushd, Ab\u016b al-Wal\u012bd Muhammad bin Ahmad bin Rushd al-Qur\u1e6dub\u012b. 1988. Al-Bay\u0101n Wa Al-Ta\u1e25\u1e63\u012bl. B\u012br\u016bt: D\u0101r al-Gharb al-Isl\u0101m\u012b.<\/p>\n<p>Ibn Yun\u016bs al-\u1e62aql\u012b, Ab\u016b Bakr Muhammad bin \u1d9cAbd All\u0101h bin Y\u016bnus al-Tam\u012bm\u012b al-\u1e62aql\u012b. 2013. Al-J\u0101mi\u1d9c Limas\u0101il Al-Mudawwanah. B\u012br\u016bt: D\u0101r al-Fikr lil\u1e6dab\u0101\u1d9cat wa al-Nashr wa al-Tauzi\u1d9c.<\/p>\n<p>Jakim. 2020. Laporan Penyelidikan Isu Kefatwaan. Putrajaya.<\/p>\n<p>Jakim. 2021. Kompilasi Pandangan Hukum Jawatankuasa Muzakarah Majlis Kebangsaan Bagi Hal Ehwal Ugama Islam Malaysia (MKI). Shah Alam: Reka Cetak Sdn. Bhd.<\/p>\n<p>Al-Jund\u012b, Khal\u012bl bin Ish\u0101q bin M\u016bs\u0101 \u1e0ciy\u0101&#8217; al-D\u012bn. 2008. Al-Taw\u1e0d\u012b\u1e25 F\u012b Sharh Mukhta\u1e63ar Ibn Al-H\u0101jib. al-Maghrib: Markaz Naj\u012bbaw\u012bh lil Makh\u1e6d\u016b\u1e6d\u0101t wa Khidmat al-Tur\u0101th.<\/p>\n<p>Al-Juwain\u012b, \u1d9cAbd al-M\u0101lik bin \u1d9cAbd All\u0101h bin Y\u016bsuf bin Muhammad Ab\u016b al-Ma\u1d9c\u0101l\u012b. 2007. Nih\u0101yat Al-Ma\u1e6dlab F\u012b Dir\u0101yat Al-Madhhab. Jaddah: D\u0101r al-Manh\u0101j.<\/p>\n<p>Kanchanaree, P, Varatip, S &amp; Nongnuch, R. 1995. Composition of Hybrid Catfish (Clarias Macrocephalus X C. Gariepinus) Raised on Different Feeds. ASEAN Food Journal (Malaysia) 10(3): 51-56.<\/p>\n<p>Al-K\u0101s\u0101n\u012b, Ab\u016b Bakr bin Mas\u1d9c\u016bd bin Ahmad. 1986. Bad\u0101&#8217;i\u1d9c Al-\u1e62an\u0101&#8217;i\u1d9c F\u012b Tart\u012bb Al-Shar\u0101&#8217;i\u1d9c. B\u012br\u016bt: D\u0101r al-Kutub al-\u1d9cIlmiyyah.<\/p>\n<p>M\u0101lik, bin Anas bin M\u0101lik bin \u1d9c\u0100mar al-A\u1e63bah\u012b al-Madan\u012b. 1994. Al-Mudawwanah. B\u012br\u016bt: D\u0101r al-Kutub al-\u1d9cIlmiyyah.<\/p>\n<p>Al-M\u0101ward\u012b, Ab\u016b al-Hasan \u1d9cAl\u012b bin Muhammad bin Muhammad bin \u1e24ab\u012bb al-Ba\u1e63r\u012b al-Baghd\u0101d\u012b. 1999. Al-H\u0101w\u012b Al-Kab\u012br F\u012b Fiqh Madhhab Al-Im\u0101m Al-Sh\u0101fi\u1d9c\u012b. B\u012br\u016bt: D\u0101r al-Kutub al-\u1d9c\u012almiyyah.<\/p>\n<p>Mohammad Aizat, Jamaludin, Mohd Anuar, Ramli &amp; Suhaimi Ab, Rahman. 2014. Al-Jallalah: Konsep Dan Fatwa Semasa Di Malaysia. Jurnal Infad 3(1): 31 &#8211; 44.<\/p>\n<p>Munl\u0101 Khasr\u016b, Muhammad bin Far\u0101mirz bin \u1d9cAl\u012a al-Shah\u012br. t.th. Durar Al-Hik\u0101m Sharh Ghurar Al-Ahk\u0101m. S\u016briy\u0101: D\u0101r Ihy\u0101&#8217; al-Kutub al-\u1d9cArabiyyah.<\/p>\n<p>Al-Nas\u0101&#8217;\u012b, Ab\u016b \u1d9cAbd al-Rahman Ahmad bin Shu\u1d9c&#8217;aib bin \u1d9cAl\u012b al-Khar\u0101s\u0101n\u012b. 1930. Sunan Al-Nas\u0101&#8217;\u012b. al-Q\u0101hirah: al-Maktabat al-Tij\u0101riyyat al-Kubr\u0101.<\/p>\n<p>Al-Nawaw\u012b, Ab\u016b Zakariy\u0101 Muhy\u012b al-D\u012bn bin Sharaf. t.th. Al-Majm\u016b\u1d9c Sharh Al-Muhadhzab. Dimashq: D\u0101r al-Fikr.<\/p>\n<p>Norhidayah, Pauzi &amp; Saadan, Man. 2015. Haiwan Jallalah Dari Perspektif Islam: Analisis Fatwa Malaysia Dan Negara Brunei Darussalam. Jurnal Fiqh 12(57-78.<\/p>\n<p>Al-Qal\u1d9caj\u012b, Muhammad Raww\u0101s. 1988. Mu\u1d9cjam Lughat Al-Fuqah\u0101&#8217;. B\u012br\u016bt: D\u0101r al-Naf\u0101is lil\u1e6dab\u0101\u1d9cat wa al-Nashr wa al-Tawz\u012b\u1d9c.<\/p>\n<p>Al-Qaly\u016bb\u012b, Ahmad bin Ahmad bin Sal\u0101mah Ab\u016b al-\u1d9cAbb\u0101s Shih\u0101b al-D\u012bn al-Qaly\u016bb\u012b. 1995. Hashiyat\u0101 Qaly\u016bb\u012b Wa \u1d9cumairah. B\u012br\u016bt: D\u0101r al-Fikr.<\/p>\n<p>Al-Samarqand\u012b, Muhammad bin Ahmad bin Ab\u012b Ahmad Ab\u016b Bakr \u1d9cAl\u0101&#8217; al-D\u012bn al-Samarqand\u012b. 1994. Tu\u1e25fat Al-Fuqah\u0101&#8217;. B\u012br\u016bt: D\u0101r al-Kutub al-\u1d9cIlmiyyah.<\/p>\n<p>Al-Sarakhs\u012b, Muhammad bin Ahmad bin Ab\u012b Sahl Shams al-A&#8217;immat al-Sarakhs\u012b. 1993. Al-Mabs\u016b\u1e6d. B\u012br\u016bt: D\u0101r al-Ma\u1d9crifah.<\/p>\n<p>Al-Sh\u0101fi\u1d9c\u012b, Muhammad Ibn Idr\u012bs bin al-\u1d9cAbb\u0101s bin \u1d9cUthm\u0101n bin Sh\u0101fi\u1d9c al-Qurash\u012b bin \u1d9cAbd al-Mu\u1e6dallib bin \u1d9cAbd Man\u0101f. 1990. Al-Umm. B\u012br\u016bt: D\u0101r al-Fikr.<\/p>\n<p>Al-Sh\u012br\u0101z\u012b, Ab\u016b Ish\u0101q Ibrah\u012bm bin \u1d9cAli bin Y\u016bsuf al-Sh\u012br\u0101z\u012b. t.th. Al-Muhadhzab F\u012b Fiqh Al-Im\u0101m Al-Sh\u0101fi\u1d9c\u012b. B\u012br\u016bt: D\u0101r al-Kutub al-\u1d9cIlmiyyah.<\/p>\n<p>Al-Tirmidh\u012b, Muhammad bin \u1d9c\u012as\u0101 bin Saurah bin M\u016bs\u0101 bin al-\u1e0ca\u1e25\u0101k. 1975. Sunan Al-Tirmidh\u012b. Mi\u1e63r: Sharikat Maktabat wa Ma\u1e6dba\u1d9cah Mustaf\u0101 al-B\u0101b\u012b al-\u1e24alab\u012b.<\/p>\n<p>Wan Norhana, Md Nordin, Dykes, Gary A, Padilah, B, Hazizi, AA Ahmad &amp; Masazurah, AR. 2012. Determination of Quarantine Period in African Catfish (Clarias Gariepinus) Fed with Pig (Sus Sp.) Offal to Assure Compliance with Halal Standards. Food chemistry 135(3): 1268-1272.<\/p>\n<p>[\/et_pb_tab][\/et_pb_tabs][\/et_pb_column_inner][\/et_pb_row_inner][\/et_pb_column][\/et_pb_section]<\/p>\n","protected":false},"excerpt":{"rendered":"<p>DECEMBER 2022Perbandingan Kedudukan Haiwan Jall\u0101lah Menurut Pandangan Fuqaha Klasik dan Fatwa Semasa di Malaysia Comparison of the Position of Jall\u0101lah Animals According to the Views of Classical Jurists and Current Fatwas in MalaysiaKamarulzaman Mustappa,\u00a0Postgraduate Student, Research Center for Sharia, Faculty of Islamic Studies, Universiti Kebangsaan MalaysiaMuhammad Nazir Alias, nazir@ukm.edu.myResearch Center for Sharia, Faculty of Islamic [&hellip;]<\/p>\n","protected":false},"author":1,"featured_media":0,"parent":0,"menu_order":0,"comment_status":"closed","ping_status":"closed","template":"","meta":{"_et_pb_use_builder":"on","_et_pb_old_content":"","_et_gb_content_width":"","footnotes":""},"class_list":["post-2981","page","type-page","status-publish","hentry"],"_links":{"self":[{"href":"https:\/\/www.ukm.my\/jcil\/wp-json\/wp\/v2\/pages\/2981","targetHints":{"allow":["GET"]}}],"collection":[{"href":"https:\/\/www.ukm.my\/jcil\/wp-json\/wp\/v2\/pages"}],"about":[{"href":"https:\/\/www.ukm.my\/jcil\/wp-json\/wp\/v2\/types\/page"}],"author":[{"embeddable":true,"href":"https:\/\/www.ukm.my\/jcil\/wp-json\/wp\/v2\/users\/1"}],"replies":[{"embeddable":true,"href":"https:\/\/www.ukm.my\/jcil\/wp-json\/wp\/v2\/comments?post=2981"}],"version-history":[{"count":6,"href":"https:\/\/www.ukm.my\/jcil\/wp-json\/wp\/v2\/pages\/2981\/revisions"}],"predecessor-version":[{"id":3523,"href":"https:\/\/www.ukm.my\/jcil\/wp-json\/wp\/v2\/pages\/2981\/revisions\/3523"}],"wp:attachment":[{"href":"https:\/\/www.ukm.my\/jcil\/wp-json\/wp\/v2\/media?parent=2981"}],"curies":[{"name":"wp","href":"https:\/\/api.w.org\/{rel}","templated":true}]}}