{"id":3566,"date":"2023-06-13T04:14:30","date_gmt":"2023-06-13T04:14:30","guid":{"rendered":"http:\/\/www.ukm.my\/jcil\/?page_id=3566"},"modified":"2023-06-16T13:04:18","modified_gmt":"2023-06-16T13:04:18","slug":"jcil-2023-81-article-2","status":"publish","type":"page","link":"https:\/\/www.ukm.my\/jcil\/jcil-2023-81-article-2\/","title":{"rendered":"JCIL 2023 8(1) Article 2"},"content":{"rendered":"<p>[et_pb_section fb_built=&#8221;1&#8243; fullwidth=&#8221;on&#8221; _builder_version=&#8221;4.21.0&#8243; _module_preset=&#8221;default&#8221; global_colors_info=&#8221;{}&#8221;][\/et_pb_section][et_pb_section fb_built=&#8221;1&#8243; specialty=&#8221;on&#8221; _builder_version=&#8221;4.21.0&#8243; _module_preset=&#8221;default&#8221; global_colors_info=&#8221;{}&#8221;][et_pb_column type=&#8221;1_3&#8243; _builder_version=&#8221;4.16&#8243; custom_padding=&#8221;|||&#8221; global_colors_info=&#8221;{}&#8221; custom_padding__hover=&#8221;|||&#8221;][et_pb_blurb title=&#8221;2023 8(1)&#8221; _builder_version=&#8221;4.21.0&#8243; _module_preset=&#8221;default&#8221; global_colors_info=&#8221;{}&#8221;]<\/p>\n<p>JUNE 2023<\/p>\n<p>[\/et_pb_blurb][et_pb_image src=&#8221;https:\/\/www.ukm.my\/jcil\/wp-content\/uploads\/2023\/06\/Cover-JCIL-2023-81-scaled.jpg&#8221; title_text=&#8221;Cover JCIL 2023 8(1)&#8221; _builder_version=&#8221;4.21.0&#8243; _module_preset=&#8221;default&#8221; global_colors_info=&#8221;{}&#8221;][\/et_pb_image][\/et_pb_column][et_pb_column type=&#8221;2_3&#8243; specialty_columns=&#8221;2&#8243; _builder_version=&#8221;4.16&#8243; custom_padding=&#8221;|||&#8221; global_colors_info=&#8221;{}&#8221; custom_padding__hover=&#8221;|||&#8221;][et_pb_row_inner _builder_version=&#8221;4.21.0&#8243; _module_preset=&#8221;default&#8221; global_colors_info=&#8221;{}&#8221;][et_pb_column_inner saved_specialty_column_type=&#8221;2_3&#8243; _builder_version=&#8221;4.21.0&#8243; _module_preset=&#8221;default&#8221; global_colors_info=&#8221;{}&#8221;][et_pb_text admin_label=&#8221;Tajuk&#8221; _builder_version=&#8221;4.21.0&#8243; _module_preset=&#8221;default&#8221; global_colors_info=&#8221;{}&#8221;]<\/p>\n<h3 style=\"text-align: justify;\"><strong>Aplikasi Maqasid Syariah dalam Ibadah Bersuci dan Solat Bagi Anggota Sniper, Angkatan Tentera Malaysia<br \/><\/strong><\/h3>\n<h3>The Application of Maqasid Shariah in Ritual Purity and Prayer for Snipers in The Malaysian Armed Forces<\/h3>\n<p>[\/et_pb_text][et_pb_text admin_label=&#8221;Penulis&#8221; _builder_version=&#8221;4.21.0&#8243; _module_preset=&#8221;default&#8221; global_colors_info=&#8221;{}&#8221;]<\/p>\n<p><strong><span style=\"font-size: 14px;\"><strong style=\"font-size: 14px;\">Mohd Sukri Haji Yahya<\/strong><\/span><\/strong><span style=\"font-size: 14px;\"><em><br \/><\/em><\/span><span style=\"font-size: 14px;\">Postgraduate Student, Research Center for Sharia, Faculty of Islamic Studies, Universiti Kebangsaan Malaysia<\/span><strong><span style=\"font-size: 14px;\"><strong style=\"font-size: 14px;\"><br \/><\/strong><\/span><\/strong><span style=\"font-size: 14px;\"><strong><strong style=\"font-size: 14px;\">Muhammad Nazir Alias, <\/strong><\/strong><em>nazir@ukm.edu.my<br \/><\/em>Research Center for Sharia, Faculty of Islamic Studies, Universiti Kebangsaan Malaysia<br \/><\/span><span><strong>Muhaidi Hj. Mustaffa Al-Hafiz<\/strong><em><br \/><\/em><\/span><span>Postgraduate Student, Research Center for Sharia, Faculty of Islamic Studies, Universiti Kebangsaan Malaysia<br \/><strong>Azlisham Abdul Aziz<\/strong><em><br \/><\/em>Postgraduate Student, Research Center for Sharia, Faculty of Islamic Studies, Universiti Kebangsaan Malaysia<br \/><strong>Mohamad Muntaha Hj Saleh<\/strong><em><br \/><\/em>Postgraduate Student, Research Center for Sharia, Faculty of Islamic Studies, Universiti Kebangsaan Malaysia<br \/><\/span>Received: November 30, 2022 | Revised: March 18, 2023 | Accepted: May 12, 2023 | Published: June 15, 2023<\/p>\n<p>[\/et_pb_text][et_pb_text admin_label=&#8221;Volume &#038; PDF&#8221; _builder_version=&#8221;4.21.0&#8243; _module_preset=&#8221;default&#8221; hover_enabled=&#8221;0&#8243; global_colors_info=&#8221;{}&#8221; sticky_enabled=&#8221;0&#8243;]<\/p>\n<p>2023, Vol. 8(1), pp. 12-18. \u00a0| \u00a0<a href=\"https:\/\/www.ukm.my\/jcil\/wp-content\/uploads\/2023\/06\/2-Mohd-Sukri-et-al.-2023.pdf\">PDF<\/a><\/p>\n<p>[\/et_pb_text][et_pb_tabs admin_label=&#8221;Abtract &#038; Refrences&#8221; _builder_version=&#8221;4.21.0&#8243; _module_preset=&#8221;default&#8221; body_text_align=&#8221;justify&#8221; global_colors_info=&#8221;{}&#8221;][et_pb_tab title=&#8221;ABSTRAK&#8221; _builder_version=&#8221;4.21.0&#8243; _module_preset=&#8221;default&#8221; global_colors_info=&#8221;{}&#8221;]<\/p>\n<p>Anggota sniper yang merupakan penembak tepat untuk mencederakan atau membunuh musuh serta memusnahkan sesuatu sasaran. Maka sudah pasti mereka sentiasa berdepan dengan kesulitan melaksanakan ibadah harian khususnya solat. Tugasan mereka tidak mengizinkan mereka untuk melakukan pergerakan yang banyak dan jelas bagi mengelakkan kedudukan mereka diketahui oleh pihak musuh. Namun begitu, sebagai seorang Muslim, anggota sniper masih diwajibkan untuk melaksanakan ibadah seperti orang mukallaf yang lain. Justeru kajian ini dilakukan bagi tujuan menganalisis bentuk mashaqqah (kesulitan) anggota sniper serta kaedah pelaksanaan ibadah bersuci (\u1e6dah\u0101rah) dan solat berasaskan rukhsah (keringanan) yang diberikan oleh syarak. Metode kajian ini adalah berbentuk kajian kualitatif yang menggunakan analisis tematik dengan menganalisis secara induktif nas-nas syarak dan huraian para sarjana berkaitan dengan kaedah mashaqqah dan maqasid syariah. Dapatan kajian menunjukkan terdapat cara khusus pelaksanaan ibadah berasaskan kepada rukhsah ketika menghadapi situasi sukar (mashaqqah) yang sesuai dilakukan oleh anggota sniper Angkatan Tentera Malaysia (ATM) dalam bab bersuci dan juga solat.<\/p>\n<p>KATA KUNCI <br \/>Ibadah, kesulitan, sniper, mashaqqah, rukhsah, maqasid syariah, bersuci, solat.<\/p>\n<p>[\/et_pb_tab][et_pb_tab title=&#8221;ABSTRACT&#8221; _builder_version=&#8221;4.21.0&#8243; _module_preset=&#8221;default&#8221; global_colors_info=&#8221;{}&#8221;]<\/p>\n<p>Snipers, who are precision marksmen tasked with injuring or killing enemies and destroying specific targets, inevitably face challenges in performing daily acts of worship, especially prayers. Their duty does not allow for excessive and conspicuous movements to avoid their location being discovered by the enemy. However, as Muslims, snipers are still obligated to perform acts of worship like any other mukallaf (individual accountable under Islamic law). This study was conducted to analyze the forms of hardship (mashaqqah) faced by snipers, and the methods of implementing rituals of purification (\u1e6dah\u0101rah) and prayer based on rukhsah (exemptions) provided by sharia law. This study is qualitative in nature, utilizing thematic analysis to inductively examine sharia texts and scholars&#8217; explanations related to methods of handling mashaqqah and maqasid syariah (objectives of sharia law). The findings indicate there are specific ways to perform acts of worship based on rukhsah during challenging situations (mashaqqah) that are suitable for snipers in the Malaysian Armed Forces (ATM) with regard to purification and prayer.<\/p>\n<p>KEYWORDS <br \/>Worship, Hardship, Sniper, Mashaqqah, Rukhsah, Maqasid Syariah, Purification, Prayer<\/p>\n<p>[\/et_pb_tab][et_pb_tab title=&#8221;REFERENCES&#8221; _builder_version=&#8221;4.21.0&#8243; _module_preset=&#8221;default&#8221; global_colors_info=&#8221;{}&#8221;]<\/p>\n<p><em>Al-Quran<\/em>.<\/p>\n<p>Abd. Halim K. 2014. Maq\u0101sid al-shar\u012b\u1d9cah: li imtisal wa ikhr\u0101ji al-mukallaf an ittib\u0101\u1d9ci al-hawa<em>.<\/em> <em>Jurnal Diktum<\/em>, 12(2):131-136.<\/p>\n<p>Abdul Syatar. 2012. Konsep mashaqqah perspektif hukum Islam (implementasi terhadap isu fikih kontemporer). Tesis Program Pascasarjana. UIN Alauddin Makassar.<\/p>\n<p>Ahmad Faishol. 2017. Penerapan raf\u1d9cu al-\u1e25araj: studi analisis salat jamak fi al-hadar li al-hajah. <em>Jurnal Tafaqquh<\/em>, 5(1): 55-82.<\/p>\n<p>\u1d9cAl\u012b, Ab\u016b Al-Basal. 2003. <em>Ar-Rukhas Fi al-Sol\u0101h<\/em>. Amman: Dar Al-Naf\u0101is.<\/p>\n<p>Al-Qara\u1e0d\u0101w\u012b, Y\u016bsuf. 2008. <em>Dir\u0101sah F\u012b Fiqh Maq\u0101\u1e63id al-Shar\u012b\u02bfah: Bayna al-Maq\u0101\u1e63id al-Kuliyyah Wa al-Nu\u1e63\u016b\u1e63 al-Juz\u2019iyyah<\/em>. Cairo: D\u0101r al-Shur\u016bq.<\/p>\n<p>Anisah Ghani. 2008. Pandangan madhhab fiqh dalam kes batal wuduk apabila bersentuh antara lelaki dan wanita bukan mahram semasa tawaf: satu analisis. <em>Jurnal Syariah<\/em>, 16(2): 89-98.<\/p>\n<p>Azlisham Abdul Aziz. 2022. Pembangunan instrumen penilaian kerohanian ketenteraan Malaysia (INPERO). Tesis Doktor Falsafah. Akademi Pengajian Islam Kontemporari (ACIS),\u00a0 Universiti Teknologi MARA, Shah Alam.<\/p>\n<p>Burhanuddin Jalal. 2018. <em>Dakwah Askari di Malaysia. <\/em>Penerbit USIM. Universiti Sains Islam Malaysia.<\/p>\n<p>Dliyaul Muflihin. 2018. Al-mashaqqah tajlib al-taysir\u2013makna dan implikasinya dalam pengembangan ekonomi Islam. <em>Jurnal Ekonomi Syariah<\/em>, 3(1): 11-21.<\/p>\n<p>Eja Armaz Hardi. 2018. Kaedah al-mashaqqah tajlibu at-taysir dalam Ekonomi Islam. <em>Jurnal Nizham<\/em>, 6(2): 100-110.\u00a0\u00a0<\/p>\n<p>Hsieh, Hsiu Fang &amp; Shannon, Sarah E. 2005. Three approaches to qualitative content analysis<em>. Qualitative Health Research<\/em>, 15 (9): 1277\u20131288.<\/p>\n<p>Kor Agama Angkatan Tentera (KAGAT). 2020. <em>ATM Bersolat Pembina Kerukunan Berorganisasi<\/em>.\u00a0 Kuala Lumpur: Markas Angkatan Tentera Malaysia.<\/p>\n<p>Kor Agama Angkatan Tentera (KAGAT). 2021. <em>Sistem Pengurusan Strategik (SPS) Kor Agama Angkatan Tentera 2021 \u2013 2025<\/em>. Kuala Lumpur: Markas Angkatan Tentera Malaysia.<\/p>\n<p>Mohamad Muntaha Hj Saleh. 2022. Hubungan program kerohanian terhadap sikap, prestasi kerja dan kepuasan kerja di kalangan anggota LLP ATM<em>.<\/em> Tesis Doktor Falsafah. Universiti Pertahanan Nasional Malaysia.<\/p>\n<p>Muhaidi bin Hj. Mustaffa Al-Hafiz. 2022. Pengaruh penghayatan program pembudayaan al-Quran terhadap kekuatan spiritual anggota angkatan tentera malaysia. Tesis Doktor Falsafah Akademi Tamadun Islam, Fakulti Sains Sosial dan Kemanusiaan (FSSK), Universiti Teknologi Malaysia (UTM), Skudai, Johor Bharu.<\/p>\n<p>Muhammad Nazir Alias.\u00a0 2021. Parameter penentuan hukum syarak berasaskan maq\u0101\u1e63id al\u00a0 shar\u012b\u1d9cah dan aplikasinya dalam isu semasa. Tesis Doktor Falsafah,\u00a0 Universiti Kebangsaan Malaysia, Bangi.<\/p>\n<p>Muhammad Ramzi Omar. 1999. Pelaksanaan rukhsah dalam ibadat: satu kajian dalam perkhidmatan ketenteraan. Tesis Sarjana Syariah, Universiti Malaya, Kuala Lumpur.<\/p>\n<p>Tentera Darat. 2008. <em>Doktrin KAGAT Semasa Perang<\/em>. Kuala Lumpur: Tentera Darat Malaysia.<\/p>\n<p>Tentera Darat. 2009. <em>Pengurusan Ibadat Di Medan<\/em>. Kuala Lumpur: Tentera Darat Malaysia.<\/p>\n<p>Tentera Darat. 2022. <em>Fiqh Askari: Panduan Ibadah Ketika Kritikal Tentera Darat<\/em>. Kuala Lumpur: Sel Agama MK TD, Cawangan Perkhidmatan Percetakan, 91 Depot Pusat Kor Ordnans Diraja.<\/p>\n<p>Yush Nawwir. 2020. Masyaqqah dan rukhshah bagi orang sakit. <em>Al-Tafaqquh: Journal of<\/em> <em>Islamic Law, <\/em>1(1): 9-19.<\/p>\n<p>Zulkifli Mohamad Al-Bakri. 2013. <em>Ibadat Ketika <\/em>Operasi Tentera. Kuala Lumpur: Jabatan\u00a0 Arah KAGAT ATM, Kementerian Pertahanan Malaysia (MINDEF).<\/p>\n<p>[\/et_pb_tab][\/et_pb_tabs][\/et_pb_column_inner][\/et_pb_row_inner][\/et_pb_column][\/et_pb_section][et_pb_section fb_built=&#8221;1&#8243; admin_label=&#8221;section&#8221; _builder_version=&#8221;4.16&#8243; global_colors_info=&#8221;{}&#8221;][et_pb_row admin_label=&#8221;row&#8221; _builder_version=&#8221;4.16&#8243; background_size=&#8221;initial&#8221; background_position=&#8221;top_left&#8221; background_repeat=&#8221;repeat&#8221; global_colors_info=&#8221;{}&#8221;][et_pb_column type=&#8221;4_4&#8243; _builder_version=&#8221;4.16&#8243; custom_padding=&#8221;|||&#8221; global_colors_info=&#8221;{}&#8221; custom_padding__hover=&#8221;|||&#8221;][\/et_pb_column][\/et_pb_row][\/et_pb_section]<\/p>\n","protected":false},"excerpt":{"rendered":"<p>JUNE 2023Aplikasi Maqasid Syariah dalam Ibadah Bersuci dan Solat Bagi Anggota Sniper, Angkatan Tentera Malaysia The Application of Maqasid Shariah in Ritual Purity and Prayer for Snipers in The Malaysian Armed ForcesMohd Sukri Haji YahyaPostgraduate Student, Research Center for Sharia, Faculty of Islamic Studies, Universiti Kebangsaan MalaysiaMuhammad Nazir Alias, nazir@ukm.edu.myResearch Center for Sharia, Faculty of [&hellip;]<\/p>\n","protected":false},"author":1,"featured_media":0,"parent":0,"menu_order":0,"comment_status":"closed","ping_status":"closed","template":"","meta":{"_et_pb_use_builder":"on","_et_pb_old_content":"","_et_gb_content_width":"","footnotes":""},"class_list":["post-3566","page","type-page","status-publish","hentry"],"_links":{"self":[{"href":"https:\/\/www.ukm.my\/jcil\/wp-json\/wp\/v2\/pages\/3566","targetHints":{"allow":["GET"]}}],"collection":[{"href":"https:\/\/www.ukm.my\/jcil\/wp-json\/wp\/v2\/pages"}],"about":[{"href":"https:\/\/www.ukm.my\/jcil\/wp-json\/wp\/v2\/types\/page"}],"author":[{"embeddable":true,"href":"https:\/\/www.ukm.my\/jcil\/wp-json\/wp\/v2\/users\/1"}],"replies":[{"embeddable":true,"href":"https:\/\/www.ukm.my\/jcil\/wp-json\/wp\/v2\/comments?post=3566"}],"version-history":[{"count":7,"href":"https:\/\/www.ukm.my\/jcil\/wp-json\/wp\/v2\/pages\/3566\/revisions"}],"predecessor-version":[{"id":3727,"href":"https:\/\/www.ukm.my\/jcil\/wp-json\/wp\/v2\/pages\/3566\/revisions\/3727"}],"wp:attachment":[{"href":"https:\/\/www.ukm.my\/jcil\/wp-json\/wp\/v2\/media?parent=3566"}],"curies":[{"name":"wp","href":"https:\/\/api.w.org\/{rel}","templated":true}]}}