{"id":70,"date":"2020-11-18T08:49:20","date_gmt":"2020-11-18T08:49:20","guid":{"rendered":"https:\/\/www.ukm.my\/jqma\/?page_id=70"},"modified":"2020-11-18T08:49:20","modified_gmt":"2020-11-18T08:49:20","slug":"jqma9-2","status":"publish","type":"page","link":"https:\/\/www.ukm.my\/jqma\/jqma9-2\/","title":{"rendered":"Volume 9, Issue 2 (December 2013)"},"content":{"rendered":"\n<figure class=\"wp-block-table is-style-stripes\"><table><tbody><tr><td>Pengesahan Instrumen Penerimaan Pembelajaran-E<br>(Instrument Validation of E-Learning Acceptance)<br><em>Ros Ayu Abdullah, Mohd Lazim Abdullah, Wan Salihin Wong Abdullah &amp; Mohd Rashid Ab Hamid<\/em><br>Pages 1-10<br><img loading=\"lazy\" decoding=\"async\" src=\"http:\/\/www.ukm.my\/jqma\/current_files\/icon_pdf.gif\" alt=\"pdf\" width=\"19\" height=\"19\">&nbsp;<a href=\"http:\/\/www.ukm.my\/jqma\/v9_2\/jqma-9-2-01-abstractrefs.pdf\">Abstract&nbsp;<\/a>|<img loading=\"lazy\" decoding=\"async\" src=\"http:\/\/www.ukm.my\/jqma\/current_files\/icon_pdf.gif\" alt=\"pdf\" width=\"19\" height=\"19\">&nbsp;<a href=\"http:\/\/www.ukm.my\/jqma\/v9_2\/jqma-9-2-paper1.pdf\">Full paper<\/a><\/td><\/tr><tr><td>Characterisation of Essential Proteins in Proteins Interaction Networks<br>(Pencirian Protein-Protein Utama dalam Rangkaian Interaksi Protein)<br><em>Sakhinah Abu Bakar, Javid Taheri &amp; Albert Y Zomaya<\/em><br>Pages 11-26<br><img loading=\"lazy\" decoding=\"async\" src=\"http:\/\/www.ukm.my\/jqma\/current_files\/icon_pdf.gif\" alt=\"pdf\" width=\"19\" height=\"19\">&nbsp;<a href=\"http:\/\/www.ukm.my\/jqma\/v9_2\/jqma-9-2-02-abstractrefs.pdf\">Abstract&nbsp;<\/a>|<img loading=\"lazy\" decoding=\"async\" src=\"http:\/\/www.ukm.my\/jqma\/current_files\/icon_pdf.gif\" alt=\"pdf\" width=\"19\" height=\"19\">&nbsp;<a href=\"http:\/\/www.ukm.my\/jqma\/v9_2\/jqma-9-2-paper2.pdf\">Full paper<\/a><\/td><\/tr><tr><td>Peta Pasaran Saham Malaysia<br>(A Map of Malaysian Share Market)<br><em>Hafizah Bahaludin &amp; Saiful Hafizah Jamaan<\/em>Pages 27-36<br><img loading=\"lazy\" decoding=\"async\" src=\"http:\/\/www.ukm.my\/jqma\/current_files\/icon_pdf.gif\" alt=\"pdf\" width=\"19\" height=\"19\">&nbsp;<a href=\"http:\/\/www.ukm.my\/jqma\/v9_2\/jqma-9-2-03-abstractrefs.pdf\">Abstract&nbsp;<\/a>|<img loading=\"lazy\" decoding=\"async\" src=\"http:\/\/www.ukm.my\/jqma\/current_files\/icon_pdf.gif\" alt=\"pdf\" width=\"19\" height=\"19\">&nbsp;<a href=\"http:\/\/www.ukm.my\/jqma\/v9_2\/jqma-9-2-paper3.pdf\">Full paper<\/a><\/td><\/tr><tr><td>Certain New Class of Concave Functions Defined by S\u0103l\u0103gean Differential Operator<br>(Kelas Baharu Tertentu bagi Fungsi Cekung yang Ditaktif oleh Pengoperasi Pembezaan S\u0103l\u0103gean)<br><em>Ibtisam Aldawish &amp; Maslina Darus<\/em><br>Pages 37-45<br><img loading=\"lazy\" decoding=\"async\" src=\"http:\/\/www.ukm.my\/jqma\/current_files\/icon_pdf.gif\" alt=\"pdf\" width=\"19\" height=\"19\">&nbsp;<a href=\"http:\/\/www.ukm.my\/jqma\/v9_2\/jqma-9-2-04-abstractrefs.pdf\">Abstract&nbsp;<\/a>|<img loading=\"lazy\" decoding=\"async\" src=\"http:\/\/www.ukm.my\/jqma\/current_files\/icon_pdf.gif\" alt=\"pdf\" width=\"19\" height=\"19\">&nbsp;<a href=\"http:\/\/www.ukm.my\/jqma\/v9_2\/jqma-9-2-paper4.pdf\">Full paper<\/a><\/td><\/tr><tr><td>Keselesaan But Kawad semasa Kegiatan Kawad melalui EMG<br>(Marching Boots Comfort during Marching Activity via EMG)<br><em>Nur Farhah Fakhriah Zainuddin &amp; Azmin Sham Rambely<\/em><br>Pages 47-58<br><img loading=\"lazy\" decoding=\"async\" src=\"http:\/\/www.ukm.my\/jqma\/current_files\/icon_pdf.gif\" alt=\"pdf\" width=\"19\" height=\"19\">&nbsp;<a href=\"http:\/\/www.ukm.my\/jqma\/v9_2\/jqma-9-2-05-abstractrefs.pdf\">Abstract&nbsp;<\/a>|<img loading=\"lazy\" decoding=\"async\" src=\"http:\/\/www.ukm.my\/jqma\/current_files\/icon_pdf.gif\" alt=\"pdf\" width=\"19\" height=\"19\">&nbsp;<a href=\"http:\/\/www.ukm.my\/jqma\/v9_2\/jqma-9-2-paper5.pdf\">Full paper<\/a><\/td><\/tr><tr><td>New Criteria for Certain Classes Containing Generalised Differential Operator<br>(Kriterium Baharu untuk Kelas Tertentu yang Mengandungi Pengoperasi Pembezaan Teritlak)<br><em>Adnan Alamoush &amp; Maslina Darus<\/em><br>Pages 59-71<br><img loading=\"lazy\" decoding=\"async\" src=\"http:\/\/www.ukm.my\/jqma\/current_files\/icon_pdf.gif\" alt=\"pdf\" width=\"19\" height=\"19\">&nbsp;<a href=\"http:\/\/www.ukm.my\/jqma\/v9_2\/jqma-9-2-06-abstractrefs.pdf\">Abstract&nbsp;<\/a>|<img loading=\"lazy\" decoding=\"async\" src=\"http:\/\/www.ukm.my\/jqma\/current_files\/icon_pdf.gif\" alt=\"pdf\" width=\"19\" height=\"19\">&nbsp;<a href=\"http:\/\/www.ukm.my\/jqma\/v9_2\/jqma-9-2-paper6.pdf\">Full paper<\/a><\/td><\/tr><tr><td>Intuitionistic Fuzzy Parameterised Fuzzy Soft Set<br>(Set Lembut Kabur Berparameter Kabur Berintuisi)<br><em>Entisar El-Yagubi &amp; Abdul Razak Salleh<\/em><br>Pages 73-81<br><img loading=\"lazy\" decoding=\"async\" src=\"http:\/\/www.ukm.my\/jqma\/current_files\/icon_pdf.gif\" alt=\"pdf\" width=\"19\" height=\"19\">&nbsp;<a href=\"http:\/\/www.ukm.my\/jqma\/v9_2\/jqma-9-2-07-abstractrefs.pdf\">Abstract&nbsp;<\/a>|<img loading=\"lazy\" decoding=\"async\" src=\"http:\/\/www.ukm.my\/jqma\/current_files\/icon_pdf.gif\" alt=\"pdf\" width=\"19\" height=\"19\">&nbsp;<a href=\"http:\/\/www.ukm.my\/jqma\/v9_2\/jqma-9-2-paper7.pdf\">Full paper<\/a><\/td><\/tr><tr><td>Kesan Korelasi antara Kelas ke atas Anggaran Parameter dalam Data Multitahap dengan Saiz Kelompok Kecil<br>(The Effects of Correlation between Class on Parameter Estimates in Small Group Sizes of Multilevel Data)<br><em>Norraida Sarudin &amp; Nur Riza Nohd Suradi<br><\/em>Pages 83-91<br><img loading=\"lazy\" decoding=\"async\" src=\"http:\/\/www.ukm.my\/jqma\/current_files\/icon_pdf.gif\" alt=\"pdf\" width=\"19\" height=\"19\">&nbsp;<a href=\"http:\/\/www.ukm.my\/jqma\/v9_2\/jqma-9-2-08-abstractrefs.pdf\">Abstract&nbsp;<\/a>|<img loading=\"lazy\" decoding=\"async\" src=\"http:\/\/www.ukm.my\/jqma\/current_files\/icon_pdf.gif\" alt=\"pdf\" width=\"19\" height=\"19\">&nbsp;<a href=\"http:\/\/www.ukm.my\/jqma\/v9_2\/jqma-9-2-paper8.pdf\">Full paper<\/a><\/td><\/tr><tr><td>Selecting Students from Low Income Family Using Analytical Hierarchy Process based on Linguistic Hedges<br>(Memilih Pelajar daripada Keluarga Berpendapatan Rendah Menggunakan Proses Hierarki Analisis Berasaskan Pagaran Linguistik)<br><em>Zamali Tarmudi, Ung Ling-Ling, Nasrah Naharu &amp; Tammie C. Saibin<\/em><br>Pages 93-103<br><img loading=\"lazy\" decoding=\"async\" src=\"http:\/\/www.ukm.my\/jqma\/current_files\/icon_pdf.gif\" alt=\"pdf\" width=\"19\" height=\"19\">&nbsp;<a href=\"http:\/\/www.ukm.my\/jqma\/v9_2\/jqma-9-2-09-abstractrefs.pdf\">Abstract&nbsp;<\/a>|<img loading=\"lazy\" decoding=\"async\" src=\"http:\/\/www.ukm.my\/jqma\/current_files\/icon_pdf.gif\" alt=\"pdf\" width=\"19\" height=\"19\">&nbsp;<a href=\"http:\/\/www.ukm.my\/jqma\/v9_2\/jqma-9-2-paper9.pdf\">Full paper<\/a><\/td><\/tr><\/tbody><\/table><\/figure>\n","protected":false},"excerpt":{"rendered":"<p>Pengesahan Instrumen Penerimaan Pembelajaran-E(Instrument Validation of E-Learning Acceptance)Ros Ayu Abdullah, Mohd Lazim Abdullah, Wan Salihin Wong Abdullah &amp; Mohd Rashid Ab HamidPages 1-10&nbsp;Abstract&nbsp;|&nbsp;Full paper Characterisation<a class=\"ut-readmore\" href=\"https:\/\/www.ukm.my\/jqma\/jqma9-2\/\"> &#8230;<\/a><\/p>\n","protected":false},"author":2,"featured_media":0,"parent":0,"menu_order":0,"comment_status":"closed","ping_status":"closed","template":"","meta":{"footnotes":""},"class_list":["post-70","page","type-page","status-publish","hentry"],"_links":{"self":[{"href":"https:\/\/www.ukm.my\/jqma\/wp-json\/wp\/v2\/pages\/70","targetHints":{"allow":["GET"]}}],"collection":[{"href":"https:\/\/www.ukm.my\/jqma\/wp-json\/wp\/v2\/pages"}],"about":[{"href":"https:\/\/www.ukm.my\/jqma\/wp-json\/wp\/v2\/types\/page"}],"author":[{"embeddable":true,"href":"https:\/\/www.ukm.my\/jqma\/wp-json\/wp\/v2\/users\/2"}],"replies":[{"embeddable":true,"href":"https:\/\/www.ukm.my\/jqma\/wp-json\/wp\/v2\/comments?post=70"}],"version-history":[{"count":1,"href":"https:\/\/www.ukm.my\/jqma\/wp-json\/wp\/v2\/pages\/70\/revisions"}],"predecessor-version":[{"id":72,"href":"https:\/\/www.ukm.my\/jqma\/wp-json\/wp\/v2\/pages\/70\/revisions\/72"}],"wp:attachment":[{"href":"https:\/\/www.ukm.my\/jqma\/wp-json\/wp\/v2\/media?parent=70"}],"curies":[{"name":"wp","href":"https:\/\/api.w.org\/{rel}","templated":true}]}}