{"id":13975,"date":"2025-03-02T17:21:46","date_gmt":"2025-03-02T09:21:46","guid":{"rendered":"https:\/\/www.ukm.my\/kita\/?page_id=13975"},"modified":"2025-03-02T17:30:09","modified_gmt":"2025-03-02T09:30:09","slug":"kita-discourse-series","status":"publish","type":"page","link":"https:\/\/www.ukm.my\/kita\/kita-discourse-series\/","title":{"rendered":"KITA Discourse Series"},"content":{"rendered":"\t\t<div data-elementor-type=\"wp-page\" data-elementor-id=\"13975\" class=\"elementor elementor-13975\">\n\t\t\t\t\t\t<section class=\"elementor-section elementor-top-section elementor-element elementor-element-342538f elementor-section-boxed elementor-section-height-default elementor-section-height-default\" data-id=\"342538f\" data-element_type=\"section\" data-e-type=\"section\">\n\t\t\t\t\t\t<div class=\"elementor-container elementor-column-gap-default\">\n\t\t\t\t\t<div class=\"elementor-column elementor-col-100 elementor-top-column elementor-element elementor-element-3c4aef0\" data-id=\"3c4aef0\" data-element_type=\"column\" data-e-type=\"column\">\n\t\t\t<div class=\"elementor-widget-wrap elementor-element-populated\">\n\t\t\t\t\t\t<div class=\"elementor-element elementor-element-518d2c9 elementor-widget elementor-widget-elementskit-tablepress\" data-id=\"518d2c9\" data-element_type=\"widget\" data-e-type=\"widget\" data-widget_type=\"elementskit-tablepress.default\">\n\t\t\t\t<div class=\"elementor-widget-container\">\n\t\t\t\t\t<div class=\"elemenetskit-tablepress ekit-wid-con\" id=\"ekit_tablepress_518d2c9\">\n<table id=\"tablepress-58\" class=\"tablepress tablepress-id-58\">\n<thead>\n<tr class=\"row-1\">\n\t<th class=\"column-1\">No.<\/th><th class=\"column-2\">Date<\/th><th class=\"column-3\">Title<\/th><th class=\"column-4\">Presenter<\/th>\n<\/tr>\n<\/thead>\n<tbody class=\"row-striping row-hover\">\n<tr class=\"row-2\">\n\t<td class=\"column-1\">2025\/07<\/td><td class=\"column-2\">10 November 2025<\/td><td class=\"column-3\">Salafism and Religious Transformation: The Case of Syria\u2019s Hay\u2019at Tahrir Sham<\/td><td class=\"column-4\">Dr. Hisham A. Hellyer, Royal United Services Institute for Defence and Security Studies, London, UK &amp; Center for American Progress, Washington DC, USA<\/td>\n<\/tr>\n<tr class=\"row-3\">\n\t<td class=\"column-1\">2025\/06<\/td><td class=\"column-2\">7 November 2025<\/td><td class=\"column-3\">Islamization of Knowledge: Refinement and Moving Toward New Social Realities<\/td><td class=\"column-4\">Prof. Dr. Salim T.P. Daniels, Department of Sociology, Criminology, and Anthropology, Hofstra University, New York, USA<\/td>\n<\/tr>\n<tr class=\"row-4\">\n\t<td class=\"column-1\">2025\/05<\/td><td class=\"column-2\">21 October 2025<\/td><td class=\"column-3\">A revisionalist take on the role of Shaykh Muhammad Sa'id al-Linggi and his spreading of the A\u1e25madiyya-Idrisiyya \u1e6car\u012bqa in the Malay World during the early twentieth century<\/td><td class=\"column-4\">Dr. Christopher M. Joll, School of Social and Cultural Studies, Victoria University of Wellington, New Zealand<\/td>\n<\/tr>\n<tr class=\"row-5\">\n\t<td class=\"column-1\">2025\/04<\/td><td class=\"column-2\">14 July 2025<\/td><td class=\"column-3\">Divorce among Non-Muslim Communities in Indonesia<\/td><td class=\"column-4\">Dr. Jendrius, M.Si, Faculty of Social and Political Sciences, Universitas Andalas, Indonesia<\/td>\n<\/tr>\n<tr class=\"row-6\">\n\t<td class=\"column-1\">2025\/03<\/td><td class=\"column-2\">8 July 2025<\/td><td class=\"column-3\">Transformasi Pengurusan Zakat Berasaskan Teknologi &amp; Digital di Negeri Kedah dalam Membangunkan Asnaf &amp; Komuniti<\/td><td class=\"column-4\">Dr. Mohd Faisal Mustaffa, Sarjana Tamu KITA \/ Timbalan Ketua Pegawai Eksekutif, Lembaga Zakat Negeri Kedah<\/td>\n<\/tr>\n<tr class=\"row-7\">\n\t<td class=\"column-1\">2025\/02<\/td><td class=\"column-2\">1 July 2025<\/td><td class=\"column-3\">Overseas Ethnography: New Trends in Chinese Anthropology since 21st Century<\/td><td class=\"column-4\">Prof. Haoqun Gong, Department of Anthropology and Ethnology, Xiamen University, China<\/td>\n<\/tr>\n<tr class=\"row-8\">\n\t<td class=\"column-1\">2025\/01<\/td><td class=\"column-2\">29 April 2025<\/td><td class=\"column-3\">Stateless Communities in the Malaysian Context<\/td><td class=\"column-4\">Assoc. Prof. Dr. Rodziana Mohamed Razali, Faculty of Shariah and Law, Universiti Sains Islam Malaysia (USIM)<\/td>\n<\/tr>\n<tr class=\"row-9\">\n\t<td class=\"column-1\">2024\/10<\/td><td class=\"column-2\">12 November 2024<\/td><td class=\"column-3\">Mexico\u2019s Evolution as a Migration Hub: Historical Context and Contemporary Drivers of the Mexico-USA Relation<\/td><td class=\"column-4\">Prof. Silvia N\u00fa\u00f1ez Garc\u00eda, National Autonomous University of Mexico (UNAM)<\/td>\n<\/tr>\n<tr class=\"row-10\">\n\t<td class=\"column-1\">2024\/09<\/td><td class=\"column-2\">24 October 2024<\/td><td class=\"column-3\">Undang Naning Melaka: Konflik Adat atau Keluarga?<\/td><td class=\"column-4\">Prof. Dr. Supyan Hussin, Felo Penyelidik Utama, KITA<\/td>\n<\/tr>\n<tr class=\"row-11\">\n\t<td class=\"column-1\">2024\/08<\/td><td class=\"column-2\">31 May 2024<\/td><td class=\"column-3\">Digital Technologies in Interior Enforcement and Migration Management in Malaysia: The Technology\u2013Migration Nexus<\/td><td class=\"column-4\">Dr Low Choo Chin,  Pensyarah Kanan,  Bahagian Sejarah, Pusat Pengajian Pendidikan Jarak Jauh (PPPJJ),  Universiti Sains Malaysia (USM)<\/td>\n<\/tr>\n<tr class=\"row-12\">\n\t<td class=\"column-1\">2024\/07<\/td><td class=\"column-2\">17 April 2024<\/td><td class=\"column-3\">(Re)generative Agriculture \u2013 Food Growing and Consumption<\/td><td class=\"column-4\">Muneezay Jaffery, Green Shoots Foundation, London, United Kingdom<\/td>\n<\/tr>\n<tr class=\"row-13\">\n\t<td class=\"column-1\">2024\/06<\/td><td class=\"column-2\">26 March 2024<\/td><td class=\"column-3\">Memahami dan Menelusuri Borneo Dalam Kerangka Persekutuan Malaysia<\/td><td class=\"column-4\">PM Dr. Zaini Othman, Felo Kanan, Institut Kajian Etnik (KITA), UKM<\/td>\n<\/tr>\n<tr class=\"row-14\">\n\t<td class=\"column-1\">2024\/05<\/td><td class=\"column-2\">19 March 2024<\/td><td class=\"column-3\">The Nutmeg's Curse: Remembering the Bandanese Genocide 1621<\/td><td class=\"column-4\">Marjolein van Pagee, Independent Researcher and the Founder of \u2018Histori Bersama\u2019, Netherlands<\/td>\n<\/tr>\n<tr class=\"row-15\">\n\t<td class=\"column-1\">2024\/04<\/td><td class=\"column-2\">5 March 2024<\/td><td class=\"column-3\">Mapping Ethnicity and Discursive Peace in Africa: Contending Diversity, Contesting Identity and Constructing Moral Economy<\/td><td class=\"column-4\">Dr. Muhammad Danial Bin Azman, International Institute of Public Policy &amp; Management (Inpuma), Universiti Malaya<\/td>\n<\/tr>\n<tr class=\"row-16\">\n\t<td class=\"column-1\">2024\/03<\/td><td class=\"column-2\">29 Februari 2024<\/td><td class=\"column-3\">Commerce, colonialism, conflict as drivers of ethnic change in South     Thailand<\/td><td class=\"column-4\">Dr. Christopher M. Joll [on behalf of Mohamad Idrak Olii, and Thanachot Prahyadsap)  (Center of Excellence for Muslim Studies, Institute of Asian Studies, Chulalongkorn University)<\/td>\n<\/tr>\n<tr class=\"row-17\">\n\t<td class=\"column-1\">2024\/02<\/td><td class=\"column-2\">22 February 2024<\/td><td class=\"column-3\">Uncertainties in forced maritime migration: pushbacks, non-rescue, and the criminalisation of solidarity<\/td><td class=\"column-4\">Prof Antje Missbach, Bielefeld University, Germany<\/td>\n<\/tr>\n<tr class=\"row-18\">\n\t<td class=\"column-1\">2024\/01<\/td><td class=\"column-2\">2 February 2024<\/td><td class=\"column-3\">Masterclass: New Directions in Forced Migration Studies in Australia<\/td><td class=\"column-4\">Professor Michael McDonnell, University of Sydney Dr Niro Kandasamy, University of Sydney Dr Matt Withers, Australian National University Dr Niru Perera, Australian National University<\/td>\n<\/tr>\n<tr class=\"row-19\">\n\t<td class=\"column-1\">2023\/08<\/td><td class=\"column-2\">29 September 2023<\/td><td class=\"column-3\">Foreign Policy of The Republic of Azerbaijan and Heydar Aliyev<\/td><td class=\"column-4\">Dr. Elsevar Salmanov<br \/>\nCanselor-Deputy Head of Mission<br \/>\nEmbassy of the Republic of Azerbaijan in Malaysia<\/td>\n<\/tr>\n<tr class=\"row-20\">\n\t<td class=\"column-1\">2023\/07<\/td><td class=\"column-2\">15 September 2023<\/td><td class=\"column-3\">The Effects of Political Chaos and Social Media Towards Young Voters' Voting Decision: A Case Study of Semenyih Constituency<\/td><td class=\"column-4\">Mohd Khairuddin Othman<br \/>\nPhD Candidate &amp; Former Selangor State Exco<br \/>\nUniversiti Teknologi Mara (UiTM)<\/td>\n<\/tr>\n<tr class=\"row-21\">\n\t<td class=\"column-1\">2023\/06<\/td><td class=\"column-2\">4 August 2023<\/td><td class=\"column-3\">Living Together: Spirit 'Guardians' and People in Singkawang<\/td><td class=\"column-4\">Dr. Elena Gregoria Chai Chin Fern,<br \/>\nHead of Section for Arts, Culture and Heritage<br \/>\nMinistry of Tourism, Creative Industry and Performing Arts Sarawak<\/td>\n<\/tr>\n<tr class=\"row-22\">\n\t<td class=\"column-1\">2023\/05<\/td><td class=\"column-2\">2 August 2023<\/td><td class=\"column-3\">Aspiring Outside the City: Socialisation, (Academic) Migration and Middle-Class Projects in Postcolonial Malaysia<\/td><td class=\"column-4\">Dr. Aizuddin Mohamed Anuar<br \/>\nLecturer<br \/>\nSchool of Social, Political and Global Studies<br \/>\nKeele University, United Kingdom<\/td>\n<\/tr>\n<tr class=\"row-23\">\n\t<td class=\"column-1\">2023\/04<\/td><td class=\"column-2\">5 July 2023<\/td><td class=\"column-3\">Etnografi dan Semiotika Budaya Bugis<\/td><td class=\"column-4\">Dr. Firman Saleh<br \/>\nFakultas Ilmu Budaya<br \/>\nUniversitas Hasanuddin<br \/>\nSulawesi Selatan, Indonesia<\/td>\n<\/tr>\n<tr class=\"row-24\">\n\t<td class=\"column-1\">2023\/03<\/td><td class=\"column-2\">14 June 2023<\/td><td class=\"column-3\">Language and Labour in a Sabah Palm Oil State<\/td><td class=\"column-4\">Dr. Andrew M. Carruthers<br \/>\nAssistant Professor of Anthropology<br \/>\nUniversity of Pennsylvania &amp; Fulbright Visiting Fellow KITA<\/td>\n<\/tr>\n<tr class=\"row-25\">\n\t<td class=\"column-1\">2023\/02<\/td><td class=\"column-2\">17 May 2023<\/td><td class=\"column-3\">One Among Zeroes |0100|, Towards an Anthropology of AI in Islam<\/td><td class=\"column-4\">Prof. Dr. Bart Barendregt<br \/>\nScientific Director Leiden Institute of Cultural Anthropology and Development Sociology (CADS) \/ <br \/>\nProfessor and UNESCO Chair of Digital Diversity<\/td>\n<\/tr>\n<tr class=\"row-26\">\n\t<td class=\"column-1\">2023\/01<\/td><td class=\"column-2\">13 March 2023<\/td><td class=\"column-3\">Muslim Presence in 17th-Century Ayutthaya Beyond Its Southern Ethnic Enclaves<\/td><td class=\"column-4\">Dr. Christopher M. Joll<br \/>\nVictoria University of Wellington<br \/>\nNew Zealand <br \/>\n&amp; Chulalongkorn University, Thailand<\/td>\n<\/tr>\n<tr class=\"row-27\">\n\t<td class=\"column-1\">2022\/08<\/td><td class=\"column-2\">16 December 2022<\/td><td class=\"column-3\">Creating the Spectacular City in Everyday Life: A Governance Analysis of Urban Public Space in China<\/td><td class=\"column-4\">Dr. Raynne Flock<br \/>\nUniversity of Wuerzburg<br \/>\nGermany<\/td>\n<\/tr>\n<tr class=\"row-28\">\n\t<td class=\"column-1\">2022\/07<\/td><td class=\"column-2\">15 November 2022<\/td><td class=\"column-3\">How an Emerging Economic Justice Movement in a Country on the Brink of Economic Collapse May Look Like<\/td><td class=\"column-4\">Prof. Dr. Sandya Hewamanne<br \/>\nProfessor of Anthropology &amp; <br \/>\nThe Director of The Center for Global South Studies<br \/>\nUniversity of Essex, United Kingdom<\/td>\n<\/tr>\n<tr class=\"row-29\">\n\t<td class=\"column-1\">2022\/06<\/td><td class=\"column-2\">19 Oktober 2022<\/td><td class=\"column-3\">'Kehadiran Makna': Menemukan Niklas Luhmann Dengan Kajian Ingatan<\/td><td class=\"column-4\">Dr. Ramze Endut<br \/>\nFelo Penyelidik<br \/>\nInstitut Kajian Etnik (KITA), Universiti Kebangsaan Malaysia<\/td>\n<\/tr>\n<tr class=\"row-30\">\n\t<td class=\"column-1\">2022\/05<\/td><td class=\"column-2\">28 June 2022<\/td><td class=\"column-3\">Reform Through Writing: Muslim Intellectuals in Southeast Asia<\/td><td class=\"column-4\">Dr. Khairudin Aljunied<br \/>\nSoutheast Asian Islamic and Intellectual History<br \/>\nUniversity of Brunei Darussalam<\/td>\n<\/tr>\n<tr class=\"row-31\">\n\t<td class=\"column-1\">2022\/04<\/td><td class=\"column-2\">8 June 2022<\/td><td class=\"column-3\">Malay Exiles in Central Thailand: Revisiting The Cultural Geography of Islam in Thailand and the Malay World's Northern Diasporas<\/td><td class=\"column-4\">Dr. Christopher M. Joll<br \/>\nChulalongkorn University<br \/>\nThailand<\/td>\n<\/tr>\n<tr class=\"row-32\">\n\t<td class=\"column-1\">2022\/03<\/td><td class=\"column-2\">22 February 2022<\/td><td class=\"column-3\">Resensi Buku: Pilihan Raya Demokrasi Malaysia: Tanding, Pilih, Tadbir dan Menang<\/td><td class=\"column-4\">Prof. Ulung Datuk Dr. Shamsul Amri Baharuddin (KITA), Prof. Madya Dr. Chang Peng Kee (MENTION-FSSK) &amp; Cik Tricia Teoh (IDEAS)<\/td>\n<\/tr>\n<tr class=\"row-33\">\n\t<td class=\"column-1\">2022\/02<\/td><td class=\"column-2\">26 January 2022<\/td><td class=\"column-3\">Proposing an Innovative Plants and Nutrition Short Course for Malaysia<\/td><td class=\"column-4\">Maiko Morandini<br \/>\nUniversity of Melbourne<br \/>\nAustralia<\/td>\n<\/tr>\n<tr class=\"row-34\">\n\t<td class=\"column-1\">2022\/01<\/td><td class=\"column-2\">7 January 2022<\/td><td class=\"column-3\">Book Review: Audible Locality: The Recording Industry in Indonesia and Its Approach to Minangkabau Music and Oral Tradition<\/td><td class=\"column-4\">Prof. Dr. Tan Sooi Beng (Universiti Sains Malaysia, USM)<br \/>\n<br \/>\nProf. Madya Dr. Mayco Axel Santaella<br \/>\n(Sunway University)<\/td>\n<\/tr>\n<\/tbody>\n<\/table>\n<\/div>\t\t\t\t<\/div>\n\t\t\t\t<\/div>\n\t\t\t\t\t<\/div>\n\t\t<\/div>\n\t\t\t\t\t<\/div>\n\t\t<\/section>\n\t\t\t\t<\/div>\n\t\t","protected":false},"excerpt":{"rendered":"<p>Edit No. Date Title Presenter 2024\/10 12 November 2024 Mexico\u2019s Evolution as a Migration Hub: Historical Context and Contemporary Drivers of the Mexico-USA Relation Prof.<a class=\"ut-readmore\" href=\"https:\/\/www.ukm.my\/kita\/kita-discourse-series\/\"> &#8230;<\/a><\/p>\n","protected":false},"author":1,"featured_media":0,"parent":0,"menu_order":0,"comment_status":"closed","ping_status":"closed","template":"","meta":{"_exactmetrics_skip_tracking":false,"_exactmetrics_sitenote_active":false,"_exactmetrics_sitenote_note":"","_exactmetrics_sitenote_category":0,"footnotes":""},"class_list":["post-13975","page","type-page","status-publish","hentry"],"aioseo_notices":[],"_links":{"self":[{"href":"https:\/\/www.ukm.my\/kita\/wp-json\/wp\/v2\/pages\/13975","targetHints":{"allow":["GET"]}}],"collection":[{"href":"https:\/\/www.ukm.my\/kita\/wp-json\/wp\/v2\/pages"}],"about":[{"href":"https:\/\/www.ukm.my\/kita\/wp-json\/wp\/v2\/types\/page"}],"author":[{"embeddable":true,"href":"https:\/\/www.ukm.my\/kita\/wp-json\/wp\/v2\/users\/1"}],"replies":[{"embeddable":true,"href":"https:\/\/www.ukm.my\/kita\/wp-json\/wp\/v2\/comments?post=13975"}],"version-history":[{"count":4,"href":"https:\/\/www.ukm.my\/kita\/wp-json\/wp\/v2\/pages\/13975\/revisions"}],"predecessor-version":[{"id":13981,"href":"https:\/\/www.ukm.my\/kita\/wp-json\/wp\/v2\/pages\/13975\/revisions\/13981"}],"wp:attachment":[{"href":"https:\/\/www.ukm.my\/kita\/wp-json\/wp\/v2\/media?parent=13975"}],"curies":[{"name":"wp","href":"https:\/\/api.w.org\/{rel}","templated":true}]}}