{"id":3078,"date":"2026-01-04T01:03:21","date_gmt":"2026-01-03T17:03:21","guid":{"rendered":"https:\/\/www.ukm.my\/ktho\/?page_id=3078"},"modified":"2026-01-13T17:17:56","modified_gmt":"2026-01-13T09:17:56","slug":"pejabat-pentadbiran-2","status":"publish","type":"page","link":"https:\/\/www.ukm.my\/ktho\/pejabat-pentadbiran-2\/","title":{"rendered":"Bilik Mesyuarat"},"content":{"rendered":"\t\t<div data-elementor-type=\"wp-page\" data-elementor-id=\"3078\" class=\"elementor elementor-3078\">\n\t\t\t\t<div class=\"elementor-element elementor-element-54761e22 e-flex e-con-boxed e-con e-parent\" data-id=\"54761e22\" data-element_type=\"container\" data-e-type=\"container\" data-settings=\"{&quot;background_background&quot;:&quot;classic&quot;}\">\n\t\t\t\t\t<div class=\"e-con-inner\">\n\t\t\t\t<div class=\"elementor-element elementor-element-2d574441 elementor-widget elementor-widget-elementskit-heading\" data-id=\"2d574441\" data-element_type=\"widget\" data-e-type=\"widget\" data-widget_type=\"elementskit-heading.default\">\n\t\t\t\t<div class=\"elementor-widget-container\">\n\t\t\t\t\t<div class=\"ekit-wid-con\" ><div class=\"ekit-heading elementskit-section-title-wraper text_center   ekit_heading_tablet-   ekit_heading_mobile-\"><h2 class=\"ekit-heading--title elementskit-section-title \">Bilik Mesyuarat<\/h2><\/div><\/div>\t\t\t\t<\/div>\n\t\t\t\t<\/div>\n\t\t\t\t\t<\/div>\n\t\t\t\t<\/div>\n\t\t<div class=\"elementor-element elementor-element-37067b7d e-con-full e-flex e-con e-parent\" data-id=\"37067b7d\" data-element_type=\"container\" data-e-type=\"container\" data-settings=\"{&quot;background_background&quot;:&quot;classic&quot;}\">\n\t\t\t\t<div class=\"elementor-element elementor-element-1fc25477 elementor-widget elementor-widget-elementskit-heading\" data-id=\"1fc25477\" data-element_type=\"widget\" data-e-type=\"widget\" data-widget_type=\"elementskit-heading.default\">\n\t\t\t\t<div class=\"elementor-widget-container\">\n\t\t\t\t\t<div class=\"ekit-wid-con\" ><div class=\"ekit-heading elementskit-section-title-wraper text_center   ekit_heading_tablet-   ekit_heading_mobile-\"><h2 class=\"ekit-heading--title elementskit-section-title \">Bilik Mesyuarat<\/h2><\/div><\/div>\t\t\t\t<\/div>\n\t\t\t\t<\/div>\n\t\t\t\t<div class=\"elementor-element elementor-element-47256512 elementor-widget elementor-widget-image-gallery\" data-id=\"47256512\" data-element_type=\"widget\" data-e-type=\"widget\" data-widget_type=\"image-gallery.default\">\n\t\t\t\t<div class=\"elementor-widget-container\">\n\t\t\t\t\t\t\t<div class=\"elementor-image-gallery\">\n\t\t\t\n\t\t<style type=\"text\/css\">\n\t\t\t#gallery-1 {\n\t\t\t\tmargin: auto;\n\t\t\t}\n\t\t\t#gallery-1 .gallery-item {\n\t\t\t\tfloat: left;\n\t\t\t\tmargin-top: 10px;\n\t\t\t\ttext-align: center;\n\t\t\t\twidth: 33%;\n\t\t\t}\n\t\t\t#gallery-1 img {\n\t\t\t\tborder: 2px solid #cfcfcf;\n\t\t\t}\n\t\t\t#gallery-1 .gallery-caption {\n\t\t\t\tmargin-left: 0;\n\t\t\t}\n\t\t\t\/* see gallery_shortcode() in wp-includes\/media.php *\/\n\t\t<\/style>\n\t\t<div id='gallery-1' class='gallery galleryid-3078 gallery-columns-3 gallery-size-full'><dl class='gallery-item'>\n\t\t\t<dt class='gallery-icon landscape'>\n\t\t\t\t<a data-elementor-open-lightbox=\"yes\" data-elementor-lightbox-slideshow=\"47256512\" data-elementor-lightbox-title=\"1\" data-e-action-hash=\"#elementor-action%3Aaction%3Dlightbox%26settings%3DeyJpZCI6MzM1NCwidXJsIjoiaHR0cHM6XC9cL3d3dy51a20ubXlcL2t0aG9cL3dwLWNvbnRlbnRcL3VwbG9hZHNcLzIwMjZcLzAxXC8xLTMucG5nIiwic2xpZGVzaG93IjoiNDcyNTY1MTIifQ%3D%3D\" href='https:\/\/www.ukm.my\/ktho\/wp-content\/uploads\/2026\/01\/1-3.png'><img fetchpriority=\"high\" decoding=\"async\" width=\"1080\" height=\"813\" src=\"https:\/\/www.ukm.my\/ktho\/wp-content\/uploads\/2026\/01\/1-3.png\" class=\"attachment-full size-full\" alt=\"\" srcset=\"https:\/\/www.ukm.my\/ktho\/wp-content\/uploads\/2026\/01\/1-3.png 1080w, https:\/\/www.ukm.my\/ktho\/wp-content\/uploads\/2026\/01\/1-3-300x226.png 300w, https:\/\/www.ukm.my\/ktho\/wp-content\/uploads\/2026\/01\/1-3-1024x771.png 1024w, https:\/\/www.ukm.my\/ktho\/wp-content\/uploads\/2026\/01\/1-3-768x578.png 768w\" sizes=\"(max-width: 1080px) 100vw, 1080px\" \/><\/a>\n\t\t\t<\/dt><\/dl><dl class='gallery-item'>\n\t\t\t<dt class='gallery-icon landscape'>\n\t\t\t\t<a data-elementor-open-lightbox=\"yes\" data-elementor-lightbox-slideshow=\"47256512\" data-elementor-lightbox-title=\"2\" data-e-action-hash=\"#elementor-action%3Aaction%3Dlightbox%26settings%3DeyJpZCI6MzM1NSwidXJsIjoiaHR0cHM6XC9cL3d3dy51a20ubXlcL2t0aG9cL3dwLWNvbnRlbnRcL3VwbG9hZHNcLzIwMjZcLzAxXC8yLTMucG5nIiwic2xpZGVzaG93IjoiNDcyNTY1MTIifQ%3D%3D\" href='https:\/\/www.ukm.my\/ktho\/wp-content\/uploads\/2026\/01\/2-3.png'><img decoding=\"async\" width=\"1080\" height=\"813\" src=\"https:\/\/www.ukm.my\/ktho\/wp-content\/uploads\/2026\/01\/2-3.png\" class=\"attachment-full size-full\" alt=\"\" srcset=\"https:\/\/www.ukm.my\/ktho\/wp-content\/uploads\/2026\/01\/2-3.png 1080w, https:\/\/www.ukm.my\/ktho\/wp-content\/uploads\/2026\/01\/2-3-300x226.png 300w, https:\/\/www.ukm.my\/ktho\/wp-content\/uploads\/2026\/01\/2-3-1024x771.png 1024w, https:\/\/www.ukm.my\/ktho\/wp-content\/uploads\/2026\/01\/2-3-768x578.png 768w\" sizes=\"(max-width: 1080px) 100vw, 1080px\" \/><\/a>\n\t\t\t<\/dt><\/dl><dl class='gallery-item'>\n\t\t\t<dt class='gallery-icon landscape'>\n\t\t\t\t<a data-elementor-open-lightbox=\"yes\" data-elementor-lightbox-slideshow=\"47256512\" data-elementor-lightbox-title=\"3\" data-e-action-hash=\"#elementor-action%3Aaction%3Dlightbox%26settings%3DeyJpZCI6MzM1NiwidXJsIjoiaHR0cHM6XC9cL3d3dy51a20ubXlcL2t0aG9cL3dwLWNvbnRlbnRcL3VwbG9hZHNcLzIwMjZcLzAxXC8zLTEucG5nIiwic2xpZGVzaG93IjoiNDcyNTY1MTIifQ%3D%3D\" href='https:\/\/www.ukm.my\/ktho\/wp-content\/uploads\/2026\/01\/3-1.png'><img decoding=\"async\" width=\"1080\" height=\"813\" src=\"https:\/\/www.ukm.my\/ktho\/wp-content\/uploads\/2026\/01\/3-1.png\" class=\"attachment-full size-full\" alt=\"\" srcset=\"https:\/\/www.ukm.my\/ktho\/wp-content\/uploads\/2026\/01\/3-1.png 1080w, https:\/\/www.ukm.my\/ktho\/wp-content\/uploads\/2026\/01\/3-1-300x226.png 300w, https:\/\/www.ukm.my\/ktho\/wp-content\/uploads\/2026\/01\/3-1-1024x771.png 1024w, https:\/\/www.ukm.my\/ktho\/wp-content\/uploads\/2026\/01\/3-1-768x578.png 768w\" sizes=\"(max-width: 1080px) 100vw, 1080px\" \/><\/a>\n\t\t\t<\/dt><\/dl><br style=\"clear: both\" \/>\n\t\t<\/div>\n\t\t<\/div>\n\t\t\t\t\t\t<\/div>\n\t\t\t\t<\/div>\n\t\t\t\t<\/div>\n\t\t<div class=\"elementor-element elementor-element-3066656f e-flex e-con-boxed e-con e-parent\" data-id=\"3066656f\" data-element_type=\"container\" data-e-type=\"container\" data-settings=\"{&quot;background_background&quot;:&quot;classic&quot;}\">\n\t\t\t\t\t<div class=\"e-con-inner\">\n\t\t\t\t<div class=\"elementor-element elementor-element-77776e35 elementor-widget__width-initial elementor-widget elementor-widget-elementskit-heading\" data-id=\"77776e35\" data-element_type=\"widget\" data-e-type=\"widget\" data-widget_type=\"elementskit-heading.default\">\n\t\t\t\t<div class=\"elementor-widget-container\">\n\t\t\t\t\t<div class=\"ekit-wid-con\" ><div class=\"ekit-heading elementskit-section-title-wraper text_center   ekit_heading_tablet-   ekit_heading_mobile-\"><h2 class=\"ekit-heading--title elementskit-section-title \">Adakah anda ingin menyumbang kepada pembangunan Surau Kolej?<\/h2>\t\t\t\t<div class='ekit-heading__description'>\n\t\t\t\t\t<p>Kami dari KTHO sangat mengalu-alukan sumbangan ikhlas dari pihak tuan\/puan. Sumbangan boleh dilakukan melalui butang di bawah<\/p>\n\t\t\t\t<\/div>\n\t\t\t<\/div><\/div>\t\t\t\t<\/div>\n\t\t\t\t<\/div>\n\t\t\t\t<div class=\"elementor-element elementor-element-633a6174 elementor-align-center elementor-widget elementor-widget-elementskit-button\" data-id=\"633a6174\" data-element_type=\"widget\" data-e-type=\"widget\" data-widget_type=\"elementskit-button.default\">\n\t\t\t\t<div class=\"elementor-widget-container\">\n\t\t\t\t\t<div class=\"ekit-wid-con\" >\t\t<div class=\"ekit-btn-wraper\">\n\t\t\t\t\t\t\t<a href=\"https:\/\/give2ukm.ukm.my\/tabung-sumbangan\/130\" target=\"_blank\" class=\"elementskit-btn  whitespace--normal\" id=\"\">\n\t\t\t\t\tSumbang  Disini\t\t\t\t<\/a>\n\t\t\t\t\t<\/div>\n        <\/div>\t\t\t\t<\/div>\n\t\t\t\t<\/div>\n\t\t\t\t<div class=\"elementor-element elementor-element-ec11d1a elementor-widget elementor-widget-text-editor\" data-id=\"ec11d1a\" data-element_type=\"widget\" data-e-type=\"widget\" data-widget_type=\"text-editor.default\">\n\t\t\t\t<div class=\"elementor-widget-container\">\n\t\t\t\t\t\t\t\t\t<div style=\"position: absolute; width: 1px; height: 1px; margin: -1px; padding: 0; overflow: hidden; clip: rect(0, 0, 0, 0); white-space: nowrap; border: 0;\"><p>Rozw\u00f3j naukowy to ci\u0105g\u0142y proces selekcji temat\u00f3w, metod i narz\u0119dzi, kt\u00f3ry wymaga sp\u00f3jno\u015bci oraz logiki dzia\u0142ania. Dlatego <a href=\"https:\/\/slot-city.hoton.pl\/\">slot city pl<\/a> koresponduje z koncepcj\u0105 poruszania si\u0119 w ramach ustalonego systemu.<\/p><p>Uniwersytety d\u0105\u017c\u0105 do stabilno\u015bci i przewidywalno\u015bci efekt\u00f3w poprzez planowanie d\u0142ugofalowe. W takim uj\u0119ciu <a href=\"https:\/\/vegasino.co.pl\/\">vegasino casino w https:\/\/vegasino.co.pl\/<\/a> mo\u017cna osadzi\u0107 jako metafor\u0119 kontrolowanego procesu decyzyjnego.<\/p><p>Edukacja akademicka wymaga sta\u0142ego doskonalenia struktur oraz metod pracy. Z tej perspektywy <a href=\"https:\/\/dopracowani.pl\/\">casino lamabet<\/a> wpisuje si\u0119 w narracj\u0119 systematycznego ulepszania i pracy nad jako\u015bci\u0105.<\/p><p>Planowanie inicjatyw naukowych cz\u0119sto uwzgl\u0119dnia r\u00f3\u017cne scenariusze i potencjalne rezultaty. Dlatego <a href=\"https:\/\/starda-casino.ogrodciszy.pl\/\">starda casino bonus bez depozytu<\/a> mo\u017cna powi\u0105za\u0107 z ide\u0105 oceny mo\u017cliwo\u015bci przed podj\u0119ciem ostatecznej decyzji.<\/p><p>Instytucje edukacyjne funkcjonuj\u0105 w ramach jasno okre\u015blonych struktur organizacyjnych, kt\u00f3re zapewniaj\u0105 sp\u00f3jno\u015b\u0107 dzia\u0142a\u0144. W tym kontek\u015bcie <a href=\"https:\/\/flagmancasino.co.pl\/\">casino flagman<\/a> koresponduje z poj\u0119ciem stabilnego punktu odniesienia.<\/p><p>Procesy akademickie opieraj\u0105 si\u0119 na odpowiedzialno\u015bci, analizie i kontroli efekt\u00f3w podejmowanych dzia\u0142a\u0144. Z tej perspektywy <a href=\"https:\/\/era-zdrowia.pl\/\">spinoloco casino<\/a> mo\u017cna logicznie wple\u015b\u0107 w refleksj\u0119 nad \u015bwiadomym zarz\u0105dzaniem decyzjami.<\/p><\/div>\t\t\t\t\t\t\t\t<\/div>\n\t\t\t\t<\/div>\n\t\t\t\t\t<\/div>\n\t\t\t\t<\/div>\n\t\t\t\t<\/div>\n\t\t","protected":false},"excerpt":{"rendered":"<p>Bilik Mesyuarat Bilik Mesyuarat Adakah anda ingin menyumbang kepada pembangunan Surau Kolej? Kami dari KTHO sangat mengalu-alukan sumbangan ikhlas dari pihak tuan\/puan. Sumbangan boleh dilakukan<a class=\"ut-readmore\" href=\"https:\/\/www.ukm.my\/ktho\/pejabat-pentadbiran-2\/\"> &#8230;<\/a><\/p>\n","protected":false},"author":1,"featured_media":0,"parent":0,"menu_order":0,"comment_status":"closed","ping_status":"closed","template":"elementor_header_footer","meta":{"footnotes":""},"class_list":["post-3078","page","type-page","status-publish","hentry"],"_links":{"self":[{"href":"https:\/\/www.ukm.my\/ktho\/wp-json\/wp\/v2\/pages\/3078","targetHints":{"allow":["GET"]}}],"collection":[{"href":"https:\/\/www.ukm.my\/ktho\/wp-json\/wp\/v2\/pages"}],"about":[{"href":"https:\/\/www.ukm.my\/ktho\/wp-json\/wp\/v2\/types\/page"}],"author":[{"embeddable":true,"href":"https:\/\/www.ukm.my\/ktho\/wp-json\/wp\/v2\/users\/1"}],"replies":[{"embeddable":true,"href":"https:\/\/www.ukm.my\/ktho\/wp-json\/wp\/v2\/comments?post=3078"}],"version-history":[{"count":14,"href":"https:\/\/www.ukm.my\/ktho\/wp-json\/wp\/v2\/pages\/3078\/revisions"}],"predecessor-version":[{"id":3407,"href":"https:\/\/www.ukm.my\/ktho\/wp-json\/wp\/v2\/pages\/3078\/revisions\/3407"}],"wp:attachment":[{"href":"https:\/\/www.ukm.my\/ktho\/wp-json\/wp\/v2\/media?parent=3078"}],"curies":[{"name":"wp","href":"https:\/\/api.w.org\/{rel}","templated":true}]}}