{"id":5518,"date":"2014-03-04T02:16:40","date_gmt":"2014-03-04T02:16:40","guid":{"rendered":"https:\/\/www.ukm.my\/news\/?page_id=5518"},"modified":"2015-05-05T02:17:16","modified_gmt":"2015-05-05T02:17:16","slug":"ukm-cadang-pertukaran-pensyarah-dan-pelajar-antara-ukm-dan-universiti-latin-amerika","status":"publish","type":"page","link":"https:\/\/www.ukm.my\/news\/arkib-berita\/year-2014\/mac-2014\/ukm-cadang-pertukaran-pensyarah-dan-pelajar-antara-ukm-dan-universiti-latin-amerika\/","title":{"rendered":"UKM Cadang Pertukaran Pensyarah Dan Pelajar Antara UKM Dan Universiti Latin Amerika"},"content":{"rendered":"<aside class=\"mashsb-container mashsb-main \"><div class=\"mashsb-box\"><div class=\"mashsb-count\" style=\"float:left\"><div class=\"counts mashsbcount\">0<\/div><span class=\"mashsb-sharetext\">SHARES<\/span><\/div><div class=\"mashsb-buttons\"><a class=\"mashicon-facebook mashsb-noshadow\" href=\"https:\/\/www.facebook.com\/sharer.php?u=https%3A%2F%2Fwww.ukm.my%2Fnews%2Farkib-berita%2Fyear-2014%2Fmac-2014%2Fukm-cadang-pertukaran-pensyarah-dan-pelajar-antara-ukm-dan-universiti-latin-amerika%2F\" target=\"_top\" rel=\"nofollow\"><span class=\"icon\"><\/span><span class=\"text\">Facebook<\/span><\/a><a class=\"mashicon-twitter mashsb-noshadow\" href=\"https:\/\/twitter.com\/intent\/tweet?text=&amp;url=https:\/\/www.ukm.my\/news\/?p=5518&amp;via=https:\/\/twitter.com\/ukmtwit\" target=\"_top\" rel=\"nofollow\"><span class=\"icon\"><\/span><span class=\"text\">Twitter<\/span><\/a><a class=\"mashicon-subscribe mashsb-noshadow\" href=\"#\" target=\"_top\" rel=\"nofollow\"><span class=\"icon\"><\/span><span class=\"text\">Subscribe<\/span><\/a><div class=\"onoffswitch2 mashsb-noshadow\" style=\"display:none\"><\/div><\/div>\n            <\/div>\n                <div style=\"clear:both\"><\/div><div class=\"mashsb-toggle-container\"><\/div><\/aside>\n            <!-- Share buttons by mashshare.net - Version: 4.0.47--><div id=\"midblock\">\n<div class=\"insidem\">\n<div class=\"news_item_a\">\n<div class=\"newsitem_tools\">\n<div class=\"newsitem_info\" style=\"text-align: justify;\"><span class=\"createdate\">SELASA, 04 MAC 2014 08:31<\/span><\/div>\n<\/div>\n<div class=\"newsitem_text\">\n<div class=\"news_item_article\">\n<p style=\"text-align: justify;\"><strong><img decoding=\"async\" class=\"border\" src=\"https:\/\/www.ukm.my\/news\/images\/stories\/Campus2014\/latin-america1.jpg\" alt=\"\" border=\"0\" \/><\/strong><\/p>\n<p style=\"text-align: justify;\"><strong>Oleh Saiful Bahri Kamaruddin<br \/>\nFoto Ra&#8217;ai Osman<\/strong><\/p>\n<p style=\"text-align: justify;\">BANGI, 28 Feb 2014 &#8211; Universiti Kebangsaan Malaysia (UKM) mencadangkan universiti terkemuka Amerika Latin memohon pengiktirafan daripada kerajaan Malaysia untuk meningkatkan kerjasama dan pertukaran pensyarah serta pelajar antara mereka.<\/p>\n<p style=\"text-align: justify;\">Timbalan Naib Canselor (Ehwal Akademik dan Antarabangsa), Prof Ir Dr Riza Atiq Abdullah OK Rahmat berkata UKM berharap untuk mendapat pengiktirafan bersama kursus atau jam kredit untuk kurikulum tertentu.<\/p>\n<p style=\"text-align: justify;\">Bercakap dalam suatu mesyuarat dengan sekumpulan perwakilan Kedutaan Amerika Latin dan Caribbean di Malaysia mengenai kerjasama masa depan mereka di sini hari ini, Prof Riza Atiq menerangkan bahawa UKM sudah pun melaksanakan beberapa perkongsian dengan negara-negara Amerika Latin, seperti pertukaran mobiliti dengan universiti Mexico dan siri Syarahan Umum Simon Bolivar dengan Venezuela.<\/p>\n<p style=\"text-align: justify;\">Walau bagaimanapun, beliau berkata UKM dan universiti Amerika Latin boleh melanjutkan kerjasama dengan saling membenarkan pelajar untuk pindah universiti antara satu sama lain tanpa kehilangan jam kredit.<\/p>\n<p style=\"text-align: justify;\">Prof Riza Atiq berkata UKM juga mahu kajian serantau dengan institusi Amerika Latin dan bukan hanya setakat mobiliti dengan Mexico. Beliau bagaimanapun mengakui bahawa setakat ini belum ada mekanisme untuk pengiktirafan jam kredit demikian di UKM.<\/p>\n<p style=\"text-align: justify;\">Cadangan itu dipersetujui sebulat suara oleh semua wakil kedutaan yang hadir di mesyuarat itu yang dianjurkan oleh Institut Kajian Malaysia dan Antarabangsa (IKMAS).<\/p>\n<p style=\"text-align: justify;\">Duta Mexico dan Colombia, masing-masing Carlos Isauro F\u00e9lix Corona dan Rodrigo Querub\u00edn Londo\u00f1o menawarkan kursus intensif dalam bahasa Sepanyol untuk pelajar Malaysia yang ingin meneruskan pengajian tinggi mereka di Amerika Latin.<\/p>\n<p style=\"text-align: justify;\">Mereka menegaskan bahawa halangan utama kepada pelajar-pelajar asing adalah kefasihan dalam bahasa Sepanyol.<\/p>\n<p style=\"text-align: justify;\">Corona berkata negaranya belum lagi menjadi destinasi untuk rakyat Malaysia yang ingin belajar di luar negara tetapi baru-baru ini ada kemajuan dalam pertukaran pelajar dan program mobiliti dengan UKM.<\/p>\n<p style=\"text-align: justify;\">Beliau menegaskan sesiapa yang ingin memasuki sebuah universiti di Mexico mesti mahir dalam bahasa Sepanyol dan menghadiri kursus-kursus bahasa dan budaya terdahulu sebelum melanjutkan pengajian.<\/p>\n<p style=\"text-align: justify;\">Beliau berkata bahasa Sepanyol yang sesuai adalah loghat Amerika Tengah dan Selatan, yang lain daripada bahasa formal yang digunakan di Sepanyol.<\/p>\n<p style=\"text-align: justify;\">Ketua Pusat Kajian Amerika Latin IKMAS Dr Zarina Othman berkata UKM sedang cuba untuk mendapatkan pembiayaan daripada kerajaan, untuk penutur asli Bahasa Sepanyol mengajar bahasa itu untuk pelajar yang pergi ke Amerika Latin.<\/p>\n<p style=\"text-align: justify;\">Pengarah IKMAS Prof Dr Rashila Ramli turut hadir pada mesyuarat itu.<br \/>\n<img decoding=\"async\" src=\"https:\/\/www.ukm.my\/news\/images\/stories\/Icon\/ukmnewsportal-bm.png\" alt=\"\" border=\"0\" \/><br \/>\n<img decoding=\"async\" class=\"border\" src=\"https:\/\/www.ukm.my\/news\/images\/stories\/Campus2014\/latin-america2.jpg\" alt=\"\" border=\"0\" \/><\/p>\n<p style=\"text-align: justify;\"><img decoding=\"async\" class=\"border\" src=\"https:\/\/www.ukm.my\/news\/images\/stories\/Campus2014\/latin-america3.jpg\" alt=\"\" border=\"0\" \/><\/p>\n<\/div>\n<\/div>\n<\/div>\n<\/div>\n<\/div>\n<div id=\"leftblock\"><\/div>\n","protected":false},"excerpt":{"rendered":"<p>SELASA, 04 MAC 2014 08:31 Oleh Saiful Bahri Kamaruddin Foto Ra&#8217;ai Osman BANGI, 28 Feb 2014 &#8211; Universiti Kebangsaan Malaysia<a class=\"tukm-readmore\" href=\"https:\/\/www.ukm.my\/news\/arkib-berita\/year-2014\/mac-2014\/ukm-cadang-pertukaran-pensyarah-dan-pelajar-antara-ukm-dan-universiti-latin-amerika\/\">Read More<\/a><\/p>\n","protected":false},"author":2,"featured_media":5515,"parent":1107,"menu_order":0,"comment_status":"closed","ping_status":"open","template":"","meta":{"footnotes":""},"class_list":["post-5518","page","type-page","status-publish","has-post-thumbnail","hentry"],"aioseo_notices":[],"_links":{"self":[{"href":"https:\/\/www.ukm.my\/news\/wp-json\/wp\/v2\/pages\/5518","targetHints":{"allow":["GET"]}}],"collection":[{"href":"https:\/\/www.ukm.my\/news\/wp-json\/wp\/v2\/pages"}],"about":[{"href":"https:\/\/www.ukm.my\/news\/wp-json\/wp\/v2\/types\/page"}],"author":[{"embeddable":true,"href":"https:\/\/www.ukm.my\/news\/wp-json\/wp\/v2\/users\/2"}],"replies":[{"embeddable":true,"href":"https:\/\/www.ukm.my\/news\/wp-json\/wp\/v2\/comments?post=5518"}],"version-history":[{"count":2,"href":"https:\/\/www.ukm.my\/news\/wp-json\/wp\/v2\/pages\/5518\/revisions"}],"predecessor-version":[{"id":5520,"href":"https:\/\/www.ukm.my\/news\/wp-json\/wp\/v2\/pages\/5518\/revisions\/5520"}],"up":[{"embeddable":true,"href":"https:\/\/www.ukm.my\/news\/wp-json\/wp\/v2\/pages\/1107"}],"wp:featuredmedia":[{"embeddable":true,"href":"https:\/\/www.ukm.my\/news\/wp-json\/wp\/v2\/media\/5515"}],"wp:attachment":[{"href":"https:\/\/www.ukm.my\/news\/wp-json\/wp\/v2\/media?parent=5518"}],"curies":[{"name":"wp","href":"https:\/\/api.w.org\/{rel}","templated":true}]}}